{"id":10530,"date":"2026-01-22T10:47:32","date_gmt":"2026-01-22T16:47:32","guid":{"rendered":"https:\/\/csuca.org\/?page_id=10530"},"modified":"2026-03-11T07:22:51","modified_gmt":"2026-03-11T13:22:51","slug":"sicevaes","status":"publish","type":"page","link":"https:\/\/csuca.org\/en\/sicevaes\/","title":{"rendered":"Sistema Centroamericano de Evaluaci\u00f3n y Armonizaci\u00f3n de la Educaci\u00f3n Superior (SICEVAES)"},"content":{"rendered":"<div data-elementor-type=\"wp-page\" data-elementor-id=\"10530\" class=\"elementor elementor-10530\">\n\t\t\t\t\t\t<section class=\"elementor-section elementor-top-section elementor-element elementor-element-aee10d9 elementor-section-boxed elementor-section-height-default elementor-section-height-default\" data-id=\"aee10d9\" data-element_type=\"section\" data-e-type=\"section\">\n\t\t\t\t\t\t<div class=\"elementor-container elementor-column-gap-default\">\n\t\t\t\t\t<div class=\"elementor-column elementor-col-100 elementor-top-column elementor-element elementor-element-7f73573\" data-id=\"7f73573\" data-element_type=\"column\" data-e-type=\"column\">\n\t\t\t<div class=\"elementor-widget-wrap elementor-element-populated\">\n\t\t\t\t\t\t<div class=\"elementor-element elementor-element-eb2efae elementor-widget elementor-widget-image\" data-id=\"eb2efae\" data-element_type=\"widget\" data-e-type=\"widget\" data-widget_type=\"image.default\">\n\t\t\t\t<div class=\"elementor-widget-container\">\n\t\t\t\t\t\t\t\t\t\t\t\t\t\t\t<img fetchpriority=\"high\" decoding=\"async\" width=\"804\" height=\"173\" src=\"https:\/\/csuca.org\/wp-content\/uploads\/2026\/01\/SICEVAES_PARAPAGINA.png\" class=\"attachment-large size-large wp-image-10532\" alt=\"\" srcset=\"https:\/\/csuca.org\/wp-content\/uploads\/2026\/01\/SICEVAES_PARAPAGINA.png 804w, https:\/\/csuca.org\/wp-content\/uploads\/2026\/01\/SICEVAES_PARAPAGINA-500x108.png 500w, https:\/\/csuca.org\/wp-content\/uploads\/2026\/01\/SICEVAES_PARAPAGINA-768x165.png 768w, https:\/\/csuca.org\/wp-content\/uploads\/2026\/01\/SICEVAES_PARAPAGINA-18x4.png 18w\" sizes=\"(max-width: 804px) 85vw, 804px\" \/>\t\t\t\t\t\t\t\t\t\t\t\t\t\t\t<\/div>\n\t\t\t\t<\/div>\n\t\t\t\t\t<\/div>\n\t\t<\/div>\n\t\t\t\t\t<\/div>\n\t\t<\/section>\n\t\t\t\t<section class=\"elementor-section elementor-top-section elementor-element elementor-element-4c13c25 elementor-section-boxed elementor-section-height-default elementor-section-height-default\" data-id=\"4c13c25\" data-element_type=\"section\" data-e-type=\"section\">\n\t\t\t\t\t\t<div class=\"elementor-container elementor-column-gap-default\">\n\t\t\t\t\t<div class=\"elementor-column elementor-col-100 elementor-top-column elementor-element elementor-element-5ca35f4\" data-id=\"5ca35f4\" data-element_type=\"column\" data-e-type=\"column\">\n\t\t\t<div class=\"elementor-widget-wrap elementor-element-populated\">\n\t\t\t\t\t\t<div class=\"elementor-element elementor-element-e2bd154 elementor-widget elementor-widget-text-editor\" data-id=\"e2bd154\" data-element_type=\"widget\" data-e-type=\"widget\" data-widget_type=\"text-editor.default\">\n\t\t\t\t<div class=\"elementor-widget-container\">\n\t\t\t\t\t\t\t\t\t<p>El SICEVAES es el sistema que promueve la cultura de calidad, la evaluaci\u00f3n y el rendimiento de cuentas a la sociedad en las universidades miembros, usando la evaluaci\u00f3n y acreditaci\u00f3n como estrategia de gesti\u00f3n del cambio, modernizaci\u00f3n y mejoramiento de las universidades. Promueve el establecimiento de mecanismos regionales de acreditaci\u00f3n internacional de la calidad de la educaci\u00f3n universitaria de Centroam\u00e9rica y Rep\u00fablica Dominicana, as\u00ed como la armonizaci\u00f3n e integraci\u00f3n acad\u00e9mica de la educaci\u00f3n superior en la regi\u00f3n.<\/p>\t\t\t\t\t\t\t\t<\/div>\n\t\t\t\t<\/div>\n\t\t\t\t\t<\/div>\n\t\t<\/div>\n\t\t\t\t\t<\/div>\n\t\t<\/section>\n\t\t\t\t<section class=\"elementor-section elementor-top-section elementor-element elementor-element-0e2674b elementor-section-boxed elementor-section-height-default elementor-section-height-default\" data-id=\"0e2674b\" data-element_type=\"section\" data-e-type=\"section\">\n\t\t\t\t\t\t<div class=\"elementor-container elementor-column-gap-default\">\n\t\t\t\t\t<div class=\"elementor-column elementor-col-100 elementor-top-column elementor-element elementor-element-77a8af7\" data-id=\"77a8af7\" data-element_type=\"column\" data-e-type=\"column\">\n\t\t\t<div class=\"elementor-widget-wrap elementor-element-populated\">\n\t\t\t\t\t\t<div class=\"elementor-element elementor-element-014ee4f elementor-widget elementor-widget-toggle\" data-id=\"014ee4f\" data-element_type=\"widget\" data-e-type=\"widget\" data-widget_type=\"toggle.default\">\n\t\t\t\t<div class=\"elementor-widget-container\">\n\t\t\t\t\t\t\t<div class=\"elementor-toggle\">\n\t\t\t\t\t\t\t<div class=\"elementor-toggle-item\">\n\t\t\t\t\t<div id=\"elementor-tab-title-1371\" class=\"elementor-tab-title\" data-tab=\"1\" role=\"button\" aria-controls=\"elementor-tab-content-1371\" aria-expanded=\"false\">\n\t\t\t\t\t\t\t\t\t\t\t\t<span class=\"elementor-toggle-icon elementor-toggle-icon-left\" aria-hidden=\"true\">\n\t\t\t\t\t\t\t\t\t\t\t\t\t\t\t<span class=\"elementor-toggle-icon-closed\"><i class=\"fas fa-caret-right\"><\/i><\/span>\n\t\t\t\t\t\t\t\t<span class=\"elementor-toggle-icon-opened\"><i class=\"elementor-toggle-icon-opened fas fa-caret-up\"><\/i><\/span>\n\t\t\t\t\t\t\t\t\t\t\t\t\t<\/span>\n\t\t\t\t\t\t\t\t\t\t\t\t<a class=\"elementor-toggle-title\" tabindex=\"0\">Objetivos del SICEVAES<\/a>\n\t\t\t\t\t<\/div>\n\n\t\t\t\t\t<div id=\"elementor-tab-content-1371\" class=\"elementor-tab-content elementor-clearfix\" data-tab=\"1\" role=\"region\" aria-labelledby=\"elementor-tab-title-1371\"><p>1. Fomentar en las universidades miembros del CSUCA una cultura de autoevaluaci\u00f3n y rendimiento de cuentas, orientada al mejoramiento de la calidad de las instituciones, sus programas y carreras, a fin de que \u00e9stas contribuyan de manera m\u00e1s efectiva al desarrollo e integraci\u00f3n de los pa\u00edses de la regi\u00f3n, para mejorar la calidad de vida de la<br \/>poblaci\u00f3n Centroamericana.<br \/>2. Lograr consenso entre las universidades miembros sobre criterios, factores e indicadores para evaluar la calidad de programas e<br \/>instituciones de educaci\u00f3n superior y desarrollar colectivamente instrumentos de evaluaci\u00f3n de dicha calidad.<br \/>3. Promover, armonizar y coordinar procesos de autoevaluaci\u00f3n y evaluaci\u00f3n externa por pares acad\u00e9micos para el mejoramiento de las universidades miembros, tanto a nivel institucional como de<br \/>programas.<br \/>4. Producir planes de acci\u00f3n con soluciones pr\u00e1cticas a los problemas, debilidades y carencias identificadas en los procesos de autoevaluaci\u00f3n y evaluaci\u00f3n externa. Los Planes que incluyen acciones de esfuerzo propio y de apoyo mutuo entre las universidades miembros del CSUCA.<br \/>5. Promover y apoyar el establecimiento y desarrollo de organismos de acreditaci\u00f3n de la calidad de instituciones, programas y carreras de educaci\u00f3n superior.<br \/>6. Promover el establecimiento de sistemas institucionales de gesti\u00f3n y aseguramiento de la calidad.<br \/>7. Producir e intercambiar informaci\u00f3n y lograr los acuerdos interinstitucionales necesarios para agilizar y facilitar el reconocimiento y equiparaci\u00f3n de estudios, grados y t\u00edtulos universitarios entre las universidades miembros; contribuyendo as\u00ed a la movilidad de profesionales, profesores, estudiantes e investigadores.<br \/>8. Apoyar el establecimiento de sistemas de informaci\u00f3n y estudios sobre la educaci\u00f3n superior para apoyar la gesti\u00f3n acad\u00e9mica de las universidades miembros.<br \/>9. Impulsar la armonizaci\u00f3n de los programas de estudio para la creaci\u00f3n del espacio acad\u00e9mico com\u00fan centroamericano (nomenclatura<br \/>com\u00fan de grados y t\u00edtulos universitarios, sistema de cr\u00e9ditos y definici\u00f3n de competencias generales y espec\u00edficas esperadas de los graduados de la educaci\u00f3n superior centroamericana, etc.).<\/p><\/div>\n\t\t\t\t<\/div>\n\t\t\t\t\t\t\t<div class=\"elementor-toggle-item\">\n\t\t\t\t\t<div id=\"elementor-tab-title-1372\" class=\"elementor-tab-title\" data-tab=\"2\" role=\"button\" aria-controls=\"elementor-tab-content-1372\" aria-expanded=\"false\">\n\t\t\t\t\t\t\t\t\t\t\t\t<span class=\"elementor-toggle-icon elementor-toggle-icon-left\" aria-hidden=\"true\">\n\t\t\t\t\t\t\t\t\t\t\t\t\t\t\t<span class=\"elementor-toggle-icon-closed\"><i class=\"fas fa-caret-right\"><\/i><\/span>\n\t\t\t\t\t\t\t\t<span class=\"elementor-toggle-icon-opened\"><i class=\"elementor-toggle-icon-opened fas fa-caret-up\"><\/i><\/span>\n\t\t\t\t\t\t\t\t\t\t\t\t\t<\/span>\n\t\t\t\t\t\t\t\t\t\t\t\t<a class=\"elementor-toggle-title\" tabindex=\"0\">Organizaci\u00f3n<\/a>\n\t\t\t\t\t<\/div>\n\n\t\t\t\t\t<div id=\"elementor-tab-content-1372\" class=\"elementor-tab-content elementor-clearfix\" data-tab=\"2\" role=\"region\" aria-labelledby=\"elementor-tab-title-1372\"><p>El sistema tiene cuatro instancias b\u00e1sicas: un Comit\u00e9 de Coordinaci\u00f3n Regional, una Comisi\u00f3n T\u00e9cnica de Evaluaci\u00f3n, los Equipos ad-hoc de Evaluaci\u00f3n Externa (Comit\u00e9s de Pares Acad\u00e9micos) y las Oficinas T\u00e9cnicas o Unidades T\u00e9cnicas de Apoyo, Responsables de apoyar y coordinar los Procesos de evaluaci\u00f3n en las universidades (una en cada universidad miembro del CSUCA). El Comit\u00e9 de Coordinaci\u00f3n Regional est\u00e1 constituido por los Vicerrectores Acad\u00e9micos o de Docencia de las universidades miembros, y las instancias t\u00e9cnicas y acad\u00e9micas del sistema, por los profesores y funcionarios acad\u00e9micos y t\u00e9cnicos designados por el Comit\u00e9 de Coordinaci\u00f3n.<\/p><\/div>\n\t\t\t\t<\/div>\n\t\t\t\t\t\t\t\t<\/div>\n\t\t\t\t\t\t<\/div>\n\t\t\t\t<\/div>\n\t\t\t\t\t<\/div>\n\t\t<\/div>\n\t\t\t\t\t<\/div>\n\t\t<\/section>\n\t\t\t\t<section class=\"elementor-section elementor-top-section elementor-element elementor-element-e0b1f70 elementor-section-boxed elementor-section-height-default elementor-section-height-default\" data-id=\"e0b1f70\" data-element_type=\"section\" data-e-type=\"section\">\n\t\t\t\t\t\t<div class=\"elementor-container elementor-column-gap-default\">\n\t\t\t\t\t<div class=\"elementor-column elementor-col-100 elementor-top-column elementor-element elementor-element-cee9466\" data-id=\"cee9466\" data-element_type=\"column\" data-e-type=\"column\">\n\t\t\t<div class=\"elementor-widget-wrap elementor-element-populated\">\n\t\t\t\t\t\t<div class=\"elementor-element elementor-element-7273043 elementor-widget-divider--view-line elementor-widget elementor-widget-divider\" data-id=\"7273043\" data-element_type=\"widget\" data-e-type=\"widget\" data-widget_type=\"divider.default\">\n\t\t\t\t<div class=\"elementor-widget-container\">\n\t\t\t\t\t\t\t<div class=\"elementor-divider\">\n\t\t\t<span class=\"elementor-divider-separator\">\n\t\t\t\t\t\t<\/span>\n\t\t<\/div>\n\t\t\t\t\t\t<\/div>\n\t\t\t\t<\/div>\n\t\t\t\t\t<\/div>\n\t\t<\/div>\n\t\t\t\t\t<\/div>\n\t\t<\/section>\n\t\t\t\t<section class=\"elementor-section elementor-top-section elementor-element elementor-element-998fa48 elementor-section-boxed elementor-section-height-default elementor-section-height-default\" data-id=\"998fa48\" data-element_type=\"section\" data-e-type=\"section\">\n\t\t\t\t\t\t<div class=\"elementor-container elementor-column-gap-default\">\n\t\t\t\t\t<div class=\"elementor-column elementor-col-33 elementor-top-column elementor-element elementor-element-c4fa710\" data-id=\"c4fa710\" data-element_type=\"column\" data-e-type=\"column\">\n\t\t\t<div class=\"elementor-widget-wrap elementor-element-populated\">\n\t\t\t\t\t\t<div class=\"elementor-element elementor-element-8b7ddc6 elementor-view-default elementor-widget elementor-widget-icon\" data-id=\"8b7ddc6\" data-element_type=\"widget\" data-e-type=\"widget\" data-widget_type=\"icon.default\">\n\t\t\t\t<div class=\"elementor-widget-container\">\n\t\t\t\t\t\t\t<div class=\"elementor-icon-wrapper\">\n\t\t\t<div class=\"elementor-icon\">\n\t\t\t<i aria-hidden=\"true\" class=\"fas fa-folder\"><\/i>\t\t\t<\/div>\n\t\t<\/div>\n\t\t\t\t\t\t<\/div>\n\t\t\t\t<\/div>\n\t\t\t\t<div class=\"elementor-element elementor-element-5f16018 elementor-widget elementor-widget-heading\" data-id=\"5f16018\" data-element_type=\"widget\" data-e-type=\"widget\" data-widget_type=\"heading.default\">\n\t\t\t\t<div class=\"elementor-widget-container\">\n\t\t\t\t\t<h2 class=\"elementor-heading-title elementor-size-default\">DOCUMENTOS BASICOS<\/h2>\t\t\t\t<\/div>\n\t\t\t\t<\/div>\n\t\t\t\t\t<\/div>\n\t\t<\/div>\n\t\t\t\t<div class=\"elementor-column elementor-col-33 elementor-top-column elementor-element elementor-element-dd29c6e\" data-id=\"dd29c6e\" data-element_type=\"column\" data-e-type=\"column\">\n\t\t\t<div class=\"elementor-widget-wrap elementor-element-populated\">\n\t\t\t\t\t\t<div class=\"elementor-element elementor-element-3e366e0 elementor-view-default elementor-widget elementor-widget-icon\" data-id=\"3e366e0\" data-element_type=\"widget\" data-e-type=\"widget\" data-widget_type=\"icon.default\">\n\t\t\t\t<div class=\"elementor-widget-container\">\n\t\t\t\t\t\t\t<div class=\"elementor-icon-wrapper\">\n\t\t\t<a class=\"elementor-icon\" href=\"https:\/\/csuca.org\/en\/actas-sicevaes\/\" target=\"_blank\">\n\t\t\t<i aria-hidden=\"true\" class=\"fas fa-folder\"><\/i>\t\t\t<\/a>\n\t\t<\/div>\n\t\t\t\t\t\t<\/div>\n\t\t\t\t<\/div>\n\t\t\t\t<div class=\"elementor-element elementor-element-b4d8c1d elementor-widget elementor-widget-heading\" data-id=\"b4d8c1d\" data-element_type=\"widget\" data-e-type=\"widget\" data-widget_type=\"heading.default\">\n\t\t\t\t<div class=\"elementor-widget-container\">\n\t\t\t\t\t<h2 class=\"elementor-heading-title elementor-size-default\"><a href=\"https:\/\/csuca.org\/en\/actas-sicevaes\/\" target=\"_blank\">ACTAS Y ANEXOS<\/a><\/h2>\t\t\t\t<\/div>\n\t\t\t\t<\/div>\n\t\t\t\t\t<\/div>\n\t\t<\/div>\n\t\t\t\t<div class=\"elementor-column elementor-col-33 elementor-top-column elementor-element elementor-element-4339e80\" data-id=\"4339e80\" data-element_type=\"column\" data-e-type=\"column\">\n\t\t\t<div class=\"elementor-widget-wrap elementor-element-populated\">\n\t\t\t\t\t\t<div class=\"elementor-element elementor-element-c995829 elementor-view-default elementor-widget elementor-widget-icon\" data-id=\"c995829\" data-element_type=\"widget\" data-e-type=\"widget\" data-widget_type=\"icon.default\">\n\t\t\t\t<div class=\"elementor-widget-container\">\n\t\t\t\t\t\t\t<div class=\"elementor-icon-wrapper\">\n\t\t\t<div class=\"elementor-icon\">\n\t\t\t<i aria-hidden=\"true\" class=\"fas fa-folder\"><\/i>\t\t\t<\/div>\n\t\t<\/div>\n\t\t\t\t\t\t<\/div>\n\t\t\t\t<\/div>\n\t\t\t\t<div class=\"elementor-element elementor-element-3c7c3d7 elementor-widget elementor-widget-heading\" data-id=\"3c7c3d7\" data-element_type=\"widget\" data-e-type=\"widget\" data-widget_type=\"heading.default\">\n\t\t\t\t<div class=\"elementor-widget-container\">\n\t\t\t\t\t<h2 class=\"elementor-heading-title elementor-size-default\"><a href=\"https:\/\/csuca.org\/en\/prueba-actas-sicevaes\/?skw=&#038;orderby=date&#038;order=desc\" target=\"_blank\">PUBLICACIONES<\/a><\/h2>\t\t\t\t<\/div>\n\t\t\t\t<\/div>\n\t\t\t\t\t<\/div>\n\t\t<\/div>\n\t\t\t\t\t<\/div>\n\t\t<\/section>\n\t\t\t\t<\/div>","protected":false},"excerpt":{"rendered":"<p>El SICEVAES es el sistema que promueve la cultura de calidad, la evaluaci\u00f3n y el rendimiento de cuentas a la sociedad en las universidades miembros, usando la evaluaci\u00f3n y acreditaci\u00f3n como estrategia de gesti\u00f3n del cambio, modernizaci\u00f3n y mejoramiento de las universidades. Promueve el establecimiento de mecanismos regionales de acreditaci\u00f3n internacional de la calidad de &hellip; <a href=\"https:\/\/csuca.org\/en\/sicevaes\/\" class=\"more-link\">Continue reading<span class=\"screen-reader-text\"> &#8220;Sistema Centroamericano de Evaluaci\u00f3n y Armonizaci\u00f3n de la Educaci\u00f3n Superior (SICEVAES)&#8221;<\/span><\/a><\/p>","protected":false},"author":4,"featured_media":0,"parent":0,"menu_order":0,"comment_status":"closed","ping_status":"closed","template":"","meta":{"footnotes":""},"class_list":["post-10530","page","type-page","status-publish","hentry"],"_links":{"self":[{"href":"https:\/\/csuca.org\/en\/wp-json\/wp\/v2\/pages\/10530","targetHints":{"allow":["GET"]}}],"collection":[{"href":"https:\/\/csuca.org\/en\/wp-json\/wp\/v2\/pages"}],"about":[{"href":"https:\/\/csuca.org\/en\/wp-json\/wp\/v2\/types\/page"}],"author":[{"embeddable":true,"href":"https:\/\/csuca.org\/en\/wp-json\/wp\/v2\/users\/4"}],"replies":[{"embeddable":true,"href":"https:\/\/csuca.org\/en\/wp-json\/wp\/v2\/comments?post=10530"}],"version-history":[{"count":223,"href":"https:\/\/csuca.org\/en\/wp-json\/wp\/v2\/pages\/10530\/revisions"}],"predecessor-version":[{"id":10973,"href":"https:\/\/csuca.org\/en\/wp-json\/wp\/v2\/pages\/10530\/revisions\/10973"}],"wp:attachment":[{"href":"https:\/\/csuca.org\/en\/wp-json\/wp\/v2\/media?parent=10530"}],"curies":[{"name":"wp","href":"https:\/\/api.w.org\/{rel}","templated":true}]}}