{"id":1694,"date":"2020-01-10T01:40:35","date_gmt":"2020-01-10T01:40:35","guid":{"rendered":"https:\/\/nuevo.csuca.org\/?page_id=1694"},"modified":"2024-09-06T10:46:46","modified_gmt":"2024-09-06T16:46:46","slug":"universidades-miembros","status":"publish","type":"page","link":"https:\/\/csuca.org\/en\/universidades-miembros\/","title":{"rendered":"MEMBERS UNIVERSITIES"},"content":{"rendered":"<div data-elementor-type=\"wp-page\" data-elementor-id=\"1694\" class=\"elementor elementor-1694\">\n\t\t\t\t\t\t<section class=\"elementor-section elementor-top-section elementor-element elementor-element-6bfeb83 elementor-section-boxed elementor-section-height-default elementor-section-height-default\" data-id=\"6bfeb83\" data-element_type=\"section\" data-e-type=\"section\">\n\t\t\t\t\t\t<div class=\"elementor-container elementor-column-gap-default\">\n\t\t\t\t\t<div class=\"elementor-column elementor-col-100 elementor-top-column elementor-element elementor-element-4d57120\" data-id=\"4d57120\" data-element_type=\"column\" data-e-type=\"column\">\n\t\t\t<div class=\"elementor-widget-wrap elementor-element-populated\">\n\t\t\t\t\t\t<section class=\"elementor-section elementor-inner-section elementor-element elementor-element-08abb88 elementor-section-boxed elementor-section-height-default elementor-section-height-default\" data-id=\"08abb88\" data-element_type=\"section\" data-e-type=\"section\">\n\t\t\t\t\t\t<div class=\"elementor-container elementor-column-gap-default\">\n\t\t\t\t\t<div class=\"elementor-column elementor-col-50 elementor-inner-column elementor-element elementor-element-a6efd0b\" data-id=\"a6efd0b\" data-element_type=\"column\" data-e-type=\"column\">\n\t\t\t<div class=\"elementor-widget-wrap elementor-element-populated\">\n\t\t\t\t\t\t<div class=\"elementor-element elementor-element-b330eb0 elementor-widget elementor-widget-heading\" data-id=\"b330eb0\" data-element_type=\"widget\" data-e-type=\"widget\" data-widget_type=\"heading.default\">\n\t\t\t\t<div class=\"elementor-widget-container\">\n\t\t\t\t\t<h2 class=\"elementor-heading-title elementor-size-default\"><b>MEMBERS UNIVERSITIES<\/b><\/h2>\t\t\t\t<\/div>\n\t\t\t\t<\/div>\n\t\t\t\t<div class=\"elementor-element elementor-element-c9248ff elementor-widget elementor-widget-text-editor\" data-id=\"c9248ff\" data-element_type=\"widget\" data-e-type=\"widget\" data-widget_type=\"text-editor.default\">\n\t\t\t\t<div class=\"elementor-widget-container\">\n\t\t\t\t\t\t\t\t\t<p>En esta secci\u00f3n le presentamos el mapa de Centroam\u00e9rica, Rep\u00fablica Dominicana y Cuba, sobre el que puede navegar y encontrar\u00e1 el enlace a las diferentes universidades que forman parte de la Confederaci\u00f3n Universitaria Centroamericana y visitar el sitio web de cada universidad miembro. \u00a1Disfrute!<\/p><p>\u00a0<\/p>\t\t\t\t\t\t\t\t<\/div>\n\t\t\t\t<\/div>\n\t\t\t\t<div class=\"elementor-element elementor-element-8ba9fc0 elementor-widget elementor-widget-image\" data-id=\"8ba9fc0\" data-element_type=\"widget\" data-e-type=\"widget\" data-widget_type=\"image.default\">\n\t\t\t\t<div class=\"elementor-widget-container\">\n\t\t\t\t\t\t\t\t\t\t\t\t\t\t\t<img fetchpriority=\"high\" decoding=\"async\" width=\"500\" height=\"449\" src=\"https:\/\/csuca.org\/wp-content\/uploads\/2022\/01\/g2216-500x449.png\" class=\"attachment-medium size-medium wp-image-2372\" alt=\"\" srcset=\"https:\/\/csuca.org\/wp-content\/uploads\/2022\/01\/g2216-500x449.png 500w, https:\/\/csuca.org\/wp-content\/uploads\/2022\/01\/g2216.png 591w\" sizes=\"(max-width: 500px) 85vw, 500px\" \/>\t\t\t\t\t\t\t\t\t\t\t\t\t\t\t<\/div>\n\t\t\t\t<\/div>\n\t\t\t\t\t<\/div>\n\t\t<\/div>\n\t\t\t\t<div class=\"elementor-column elementor-col-50 elementor-inner-column elementor-element elementor-element-dde311b\" data-id=\"dde311b\" data-element_type=\"column\" data-e-type=\"column\">\n\t\t\t<div class=\"elementor-widget-wrap elementor-element-populated\">\n\t\t\t\t\t\t<div class=\"elementor-element elementor-element-5581b7a elementor-widget elementor-widget-text-editor\" data-id=\"5581b7a\" data-element_type=\"widget\" data-e-type=\"widget\" data-widget_type=\"text-editor.default\">\n\t\t\t\t<div class=\"elementor-widget-container\">\n\t\t\t\t\t\t\t\t\t<h1>\u00a0<\/h1><p><div class=\"map_wrapper\" id=\"map_wrapper_2365\">\n<div class=\"map_box\" style=\"max-width:2000px\">\n<div class=\"map_aspect_ratio\" style=\"padding-top:100%\" data-padding-top=\"100%\" data-padding-top-mobile=\"\">\n<div class=\"map_container\">\n<div class=\"map_render map_loading\" id=\"map_2365\"><\/div>\n<\/div>\n<\/div>\n<\/div>\n<\/div><\/p>\t\t\t\t\t\t\t\t<\/div>\n\t\t\t\t<\/div>\n\t\t\t\t\t<\/div>\n\t\t<\/div>\n\t\t\t\t\t<\/div>\n\t\t<\/section>\n\t\t\t\t\t<\/div>\n\t\t<\/div>\n\t\t\t\t\t<\/div>\n\t\t<\/section>\n\t\t\t\t<\/div>","protected":false},"excerpt":{"rendered":"<p>UNIVERSIDADES MIEMBROS En esta secci\u00f3n le presentamos el mapa de Centroam\u00e9rica, Rep\u00fablica Dominicana y Cuba, sobre el que puede navegar y encontrar\u00e1 el enlace a las diferentes universidades que forman parte de la Confederaci\u00f3n Universitaria Centroamericana y visitar el sitio web de cada universidad miembro. \u00a1Disfrute! \u00a0 \u00a0<\/p>","protected":false},"author":3,"featured_media":0,"parent":0,"menu_order":0,"comment_status":"closed","ping_status":"closed","template":"","meta":{"footnotes":""},"class_list":["post-1694","page","type-page","status-publish","hentry"],"_links":{"self":[{"href":"https:\/\/csuca.org\/en\/wp-json\/wp\/v2\/pages\/1694","targetHints":{"allow":["GET"]}}],"collection":[{"href":"https:\/\/csuca.org\/en\/wp-json\/wp\/v2\/pages"}],"about":[{"href":"https:\/\/csuca.org\/en\/wp-json\/wp\/v2\/types\/page"}],"author":[{"embeddable":true,"href":"https:\/\/csuca.org\/en\/wp-json\/wp\/v2\/users\/3"}],"replies":[{"embeddable":true,"href":"https:\/\/csuca.org\/en\/wp-json\/wp\/v2\/comments?post=1694"}],"version-history":[{"count":172,"href":"https:\/\/csuca.org\/en\/wp-json\/wp\/v2\/pages\/1694\/revisions"}],"predecessor-version":[{"id":8359,"href":"https:\/\/csuca.org\/en\/wp-json\/wp\/v2\/pages\/1694\/revisions\/8359"}],"wp:attachment":[{"href":"https:\/\/csuca.org\/en\/wp-json\/wp\/v2\/media?parent=1694"}],"curies":[{"name":"wp","href":"https:\/\/api.w.org\/{rel}","templated":true}]}}