{"id":3686,"date":"2022-02-07T18:21:02","date_gmt":"2022-02-07T18:21:02","guid":{"rendered":"https:\/\/nuevo.csuca.org\/?page_id=3686"},"modified":"2022-02-07T20:23:38","modified_gmt":"2022-02-07T20:23:38","slug":"fortalecimiento-sg-csuca","status":"publish","type":"page","link":"https:\/\/csuca.org\/en\/fortalecimiento-sg-csuca\/","title":{"rendered":"Strengthening SG-CSUCA"},"content":{"rendered":"<div data-elementor-type=\"wp-page\" data-elementor-id=\"3686\" class=\"elementor elementor-3686\">\n\t\t\t\t\t\t<section class=\"elementor-section elementor-top-section elementor-element elementor-element-f5d582a elementor-section-boxed elementor-section-height-default elementor-section-height-default\" data-id=\"f5d582a\" data-element_type=\"section\" data-e-type=\"section\">\n\t\t\t\t\t\t<div class=\"elementor-container elementor-column-gap-default\">\n\t\t\t\t\t<div class=\"elementor-column elementor-col-100 elementor-top-column elementor-element elementor-element-089e688\" data-id=\"089e688\" data-element_type=\"column\" data-e-type=\"column\">\n\t\t\t<div class=\"elementor-widget-wrap elementor-element-populated\">\n\t\t\t\t\t\t<section class=\"elementor-section elementor-inner-section elementor-element elementor-element-24c54de elementor-section-boxed elementor-section-height-default elementor-section-height-default\" data-id=\"24c54de\" data-element_type=\"section\" data-e-type=\"section\">\n\t\t\t\t\t\t<div class=\"elementor-container elementor-column-gap-default\">\n\t\t\t\t\t<div class=\"elementor-column elementor-col-50 elementor-inner-column elementor-element elementor-element-d589bb3\" data-id=\"d589bb3\" data-element_type=\"column\" data-e-type=\"column\">\n\t\t\t<div class=\"elementor-widget-wrap elementor-element-populated\">\n\t\t\t\t\t\t<div class=\"elementor-element elementor-element-a04b7f9 elementor-widget elementor-widget-heading\" data-id=\"a04b7f9\" data-element_type=\"widget\" data-e-type=\"widget\" data-widget_type=\"heading.default\">\n\t\t\t\t<div class=\"elementor-widget-container\">\n\t\t\t\t\t<h1 class=\"elementor-heading-title elementor-size-default\"><b>Strengthening of SG-CSUCA<\/b><\/h1>\t\t\t\t<\/div>\n\t\t\t\t<\/div>\n\t\t\t\t<div class=\"elementor-element elementor-element-7363b88 elementor-widget elementor-widget-text-editor\" data-id=\"7363b88\" data-element_type=\"widget\" data-e-type=\"widget\" data-widget_type=\"text-editor.default\">\n\t\t\t\t<div class=\"elementor-widget-container\">\n\t\t\t\t\t\t\t\t\t<p align=\"justify\"><span style=\"font-family: Arial, serif;\"><i><b>Fortalecimiento de SG-CSUCA, para promover almacenamiento y uso de informaci\u00f3n cient\u00edfi\u00adca y satelital para el desarrollo sostenible C.A.<\/b><\/i><\/span><\/p>\n<p align=\"justify\"><span style=\"font-family: Arial, serif;\">Con el apoyo de la Cooperaci\u00f3n Suiza para el Desarrollo COSUDE, la SG-CSUCA, ejecuta el proyecto: Fortalecimiento de SG-CSUCA, para promover almacenamiento y uso de informaci\u00f3n cient\u00edfi\u00adca y satelital para el desarrollo sostenible C.A. Para lo cual COSUDE aporta un fondo de USD$ 250,000.00.<\/span><\/p>\n<p align=\"justify\"><span style=\"font-family: Arial, serif;\">The project contemplates two results: <br><\/span><\/p><p align=\"justify\"><span style=\"font-family: Arial, serif;\"><b>EFFECT 1: <\/b>Fortalecer la capacidad tecnol\u00f3gica del CSUCA para ofrecer un mejor servicio de informaci\u00f3n e investigaci\u00f3n a las 24 universidades miembros y p\u00fablico en general, a trav\u00e9s de la conexi\u00f3n virtual de las bibliotecas miembros del Sistema Integrado de Informaci\u00f3n y Documentaci\u00f3n Centroamericano SIIDCA).<\/span><\/p>\n<p align=\"justify\"><span style=\"font-family: Arial, serif;\"><b>EFFECT 2: <\/b>Apoyar a Investigadores y docentes centroamericanos con habilidades mejoradas para interpretar y utilizar informaci\u00f3n geoespacial proveniente de sat\u00e9lites y otras herramientas tecnol\u00f3gicas existentes, fortaleciendo su funci\u00f3n acad\u00e9mica y mejorando la calidad de la educaci\u00f3n en la regi\u00f3n.<\/span><\/p>\n<div><br><\/div><div><br><\/div>\t\t\t\t\t\t\t\t<\/div>\n\t\t\t\t<\/div>\n\t\t\t\t\t<\/div>\n\t\t<\/div>\n\t\t\t\t<div class=\"elementor-column elementor-col-50 elementor-inner-column elementor-element elementor-element-20841a7\" data-id=\"20841a7\" data-element_type=\"column\" data-e-type=\"column\">\n\t\t\t<div class=\"elementor-widget-wrap elementor-element-populated\">\n\t\t\t\t\t\t<div class=\"elementor-element elementor-element-62fc2ba elementor-widget elementor-widget-image\" data-id=\"62fc2ba\" data-element_type=\"widget\" data-e-type=\"widget\" data-widget_type=\"image.default\">\n\t\t\t\t<div class=\"elementor-widget-container\">\n\t\t\t\t\t\t\t\t\t\t\t\t\t\t\t<img fetchpriority=\"high\" decoding=\"async\" width=\"591\" height=\"531\" src=\"https:\/\/csuca.org\/wp-content\/uploads\/2022\/01\/g2216-1.png\" class=\"attachment-large size-large wp-image-2987\" alt=\"\" srcset=\"https:\/\/csuca.org\/wp-content\/uploads\/2022\/01\/g2216-1.png 591w, https:\/\/csuca.org\/wp-content\/uploads\/2022\/01\/g2216-1-500x449.png 500w\" sizes=\"(max-width: 591px) 85vw, 591px\" \/>\t\t\t\t\t\t\t\t\t\t\t\t\t\t\t<\/div>\n\t\t\t\t<\/div>\n\t\t\t\t\t<\/div>\n\t\t<\/div>\n\t\t\t\t\t<\/div>\n\t\t<\/section>\n\t\t\t\t\t<\/div>\n\t\t<\/div>\n\t\t\t\t\t<\/div>\n\t\t<\/section>\n\t\t\t\t<\/div>","protected":false},"excerpt":{"rendered":"<p>Fortalecimiento de SG-CSUCA Fortalecimiento de SG-CSUCA, para promover almacenamiento y uso de informaci\u00f3n cient\u00edfi\u00adca y satelital para el desarrollo sostenible C.A. Con el apoyo de la Cooperaci\u00f3n Suiza para el Desarrollo COSUDE, la SG-CSUCA, ejecuta el proyecto: Fortalecimiento de SG-CSUCA, para promover almacenamiento y uso de informaci\u00f3n cient\u00edfi\u00adca y satelital para el desarrollo sostenible C.A. &hellip; <a href=\"https:\/\/csuca.org\/en\/fortalecimiento-sg-csuca\/\" class=\"more-link\">Continue reading<span class=\"screen-reader-text\"> &#8220;Fortalecimiento SG-CSUCA&#8221;<\/span><\/a><\/p>","protected":false},"author":4,"featured_media":0,"parent":0,"menu_order":0,"comment_status":"closed","ping_status":"closed","template":"","meta":{"footnotes":""},"class_list":["post-3686","page","type-page","status-publish","hentry"],"_links":{"self":[{"href":"https:\/\/csuca.org\/en\/wp-json\/wp\/v2\/pages\/3686","targetHints":{"allow":["GET"]}}],"collection":[{"href":"https:\/\/csuca.org\/en\/wp-json\/wp\/v2\/pages"}],"about":[{"href":"https:\/\/csuca.org\/en\/wp-json\/wp\/v2\/types\/page"}],"author":[{"embeddable":true,"href":"https:\/\/csuca.org\/en\/wp-json\/wp\/v2\/users\/4"}],"replies":[{"embeddable":true,"href":"https:\/\/csuca.org\/en\/wp-json\/wp\/v2\/comments?post=3686"}],"version-history":[{"count":7,"href":"https:\/\/csuca.org\/en\/wp-json\/wp\/v2\/pages\/3686\/revisions"}],"predecessor-version":[{"id":3784,"href":"https:\/\/csuca.org\/en\/wp-json\/wp\/v2\/pages\/3686\/revisions\/3784"}],"wp:attachment":[{"href":"https:\/\/csuca.org\/en\/wp-json\/wp\/v2\/media?parent=3686"}],"curies":[{"name":"wp","href":"https:\/\/api.w.org\/{rel}","templated":true}]}}