{"id":5630,"date":"2023-03-02T08:12:02","date_gmt":"2023-03-02T14:12:02","guid":{"rendered":"https:\/\/csuca.org\/?page_id=5630"},"modified":"2024-10-10T15:11:52","modified_gmt":"2024-10-10T21:11:52","slug":"boletines-institucionales","status":"publish","type":"page","link":"https:\/\/csuca.org\/en\/boletines-institucionales\/","title":{"rendered":"Institutional Newsletters"},"content":{"rendered":"<div data-elementor-type=\"wp-page\" data-elementor-id=\"5630\" class=\"elementor elementor-5630\">\n\t\t\t\t\t\t<section class=\"elementor-section elementor-top-section elementor-element elementor-element-d7f95a3 elementor-section-boxed elementor-section-height-default elementor-section-height-default\" data-id=\"d7f95a3\" data-element_type=\"section\" data-e-type=\"section\">\n\t\t\t\t\t\t<div class=\"elementor-container elementor-column-gap-default\">\n\t\t\t\t\t<div class=\"elementor-column elementor-col-100 elementor-top-column elementor-element elementor-element-4b21b90\" data-id=\"4b21b90\" data-element_type=\"column\" data-e-type=\"column\">\n\t\t\t<div class=\"elementor-widget-wrap elementor-element-populated\">\n\t\t\t\t\t\t<div class=\"elementor-element elementor-element-d2a88b9 elementor-widget elementor-widget-image\" data-id=\"d2a88b9\" data-element_type=\"widget\" data-e-type=\"widget\" data-widget_type=\"image.default\">\n\t\t\t\t<div class=\"elementor-widget-container\">\n\t\t\t\t\t\t\t\t\t\t\t\t\t\t\t<img fetchpriority=\"high\" decoding=\"async\" width=\"1903\" height=\"600\" src=\"https:\/\/csuca.org\/wp-content\/uploads\/2023\/03\/portada_boletines_web2.jpg\" class=\"attachment-full size-full wp-image-5928\" alt=\"\" srcset=\"https:\/\/csuca.org\/wp-content\/uploads\/2023\/03\/portada_boletines_web2.jpg 1903w, https:\/\/csuca.org\/wp-content\/uploads\/2023\/03\/portada_boletines_web2-500x158.jpg 500w, https:\/\/csuca.org\/wp-content\/uploads\/2023\/03\/portada_boletines_web2-1024x323.jpg 1024w, https:\/\/csuca.org\/wp-content\/uploads\/2023\/03\/portada_boletines_web2-768x242.jpg 768w, https:\/\/csuca.org\/wp-content\/uploads\/2023\/03\/portada_boletines_web2-1536x484.jpg 1536w, https:\/\/csuca.org\/wp-content\/uploads\/2023\/03\/portada_boletines_web2-18x6.jpg 18w, https:\/\/csuca.org\/wp-content\/uploads\/2023\/03\/portada_boletines_web2-1200x378.jpg 1200w, https:\/\/csuca.org\/wp-content\/uploads\/2023\/03\/portada_boletines_web2-600x189.jpg 600w\" sizes=\"(max-width: 709px) 85vw, (max-width: 909px) 67vw, (max-width: 1362px) 62vw, 840px\" \/>\t\t\t\t\t\t\t\t\t\t\t\t\t\t\t<\/div>\n\t\t\t\t<\/div>\n\t\t\t\t<div class=\"elementor-element elementor-element-6c29bc2 elementor-widget elementor-widget-spacer\" data-id=\"6c29bc2\" data-element_type=\"widget\" data-e-type=\"widget\" data-widget_type=\"spacer.default\">\n\t\t\t\t<div class=\"elementor-widget-container\">\n\t\t\t\t\t\t\t<div class=\"elementor-spacer\">\n\t\t\t<div class=\"elementor-spacer-inner\"><\/div>\n\t\t<\/div>\n\t\t\t\t\t\t<\/div>\n\t\t\t\t<\/div>\n\t\t\t\t\t<\/div>\n\t\t<\/div>\n\t\t\t\t\t<\/div>\n\t\t<\/section>\n\t\t\t\t<section class=\"elementor-section elementor-top-section elementor-element elementor-element-d3728de elementor-section-boxed elementor-section-height-default elementor-section-height-default\" data-id=\"d3728de\" data-element_type=\"section\" data-e-type=\"section\">\n\t\t\t\t\t\t<div class=\"elementor-container elementor-column-gap-default\">\n\t\t\t\t\t<div class=\"elementor-column elementor-col-33 elementor-top-column elementor-element elementor-element-a987794\" data-id=\"a987794\" data-element_type=\"column\" data-e-type=\"column\">\n\t\t\t<div class=\"elementor-widget-wrap elementor-element-populated\">\n\t\t\t\t\t\t<div class=\"elementor-element elementor-element-016d747 elementor-widget elementor-widget-image\" data-id=\"016d747\" data-element_type=\"widget\" data-e-type=\"widget\" data-widget_type=\"image.default\">\n\t\t\t\t<div class=\"elementor-widget-container\">\n\t\t\t\t\t\t\t\t\t\t\t\t\t\t\t<img decoding=\"async\" width=\"840\" height=\"473\" src=\"https:\/\/csuca.org\/wp-content\/uploads\/2024\/09\/Diapositiva1-1024x576.jpg\" class=\"attachment-large size-large wp-image-8295\" alt=\"\" srcset=\"https:\/\/csuca.org\/wp-content\/uploads\/2024\/09\/Diapositiva1-1024x576.jpg 1024w, https:\/\/csuca.org\/wp-content\/uploads\/2024\/09\/Diapositiva1-500x281.jpg 500w, https:\/\/csuca.org\/wp-content\/uploads\/2024\/09\/Diapositiva1-768x432.jpg 768w, https:\/\/csuca.org\/wp-content\/uploads\/2024\/09\/Diapositiva1-18x10.jpg 18w, https:\/\/csuca.org\/wp-content\/uploads\/2024\/09\/Diapositiva1-1200x675.jpg 1200w, https:\/\/csuca.org\/wp-content\/uploads\/2024\/09\/Diapositiva1-600x338.jpg 600w, https:\/\/csuca.org\/wp-content\/uploads\/2024\/09\/Diapositiva1.jpg 1280w\" sizes=\"(max-width: 709px) 85vw, (max-width: 909px) 67vw, (max-width: 1362px) 62vw, 840px\" \/>\t\t\t\t\t\t\t\t\t\t\t\t\t\t\t<\/div>\n\t\t\t\t<\/div>\n\t\t\t\t<div class=\"elementor-element elementor-element-5c8df33 elementor-widget elementor-widget-heading\" data-id=\"5c8df33\" data-element_type=\"widget\" data-e-type=\"widget\" data-widget_type=\"heading.default\">\n\t\t\t\t<div class=\"elementor-widget-container\">\n\t\t\t\t\t<h6 class=\"elementor-heading-title elementor-size-default\">Bolet\u00edn Informativo #1 060824<\/h6>\t\t\t\t<\/div>\n\t\t\t\t<\/div>\n\t\t\t\t<div class=\"elementor-element elementor-element-e2333f0 elementor-align-center elementor-widget elementor-widget-button\" data-id=\"e2333f0\" data-element_type=\"widget\" data-e-type=\"widget\" data-widget_type=\"button.default\">\n\t\t\t\t<div class=\"elementor-widget-container\">\n\t\t\t\t\t\t\t\t\t<div class=\"elementor-button-wrapper\">\n\t\t\t\t\t<a class=\"elementor-button elementor-button-link elementor-size-sm\" href=\"https:\/\/mailchi.mp\/fbc839db2ac1\/boletn-informativo-1-060824\" target=\"_blank\">\n\t\t\t\t\t\t<span class=\"elementor-button-content-wrapper\">\n\t\t\t\t\t\t<span class=\"elementor-button-icon\">\n\t\t\t\t<i aria-hidden=\"true\" class=\"fas fa-link\"><\/i>\t\t\t<\/span>\n\t\t\t\t\t\t\t\t\t<span class=\"elementor-button-text\">Haz clic aqu\u00ed<\/span>\n\t\t\t\t\t<\/span>\n\t\t\t\t\t<\/a>\n\t\t\t\t<\/div>\n\t\t\t\t\t\t\t\t<\/div>\n\t\t\t\t<\/div>\n\t\t\t\t<div class=\"elementor-element elementor-element-c4f455c elementor-align-center elementor-widget elementor-widget-button\" data-id=\"c4f455c\" data-element_type=\"widget\" data-e-type=\"widget\" data-widget_type=\"button.default\">\n\t\t\t\t<div class=\"elementor-widget-container\">\n\t\t\t\t\t\t\t\t\t<div class=\"elementor-button-wrapper\">\n\t\t\t\t\t<a class=\"elementor-button elementor-button-link elementor-size-sm\" href=\"https:\/\/csuca.org\/en\/download\/boletin-informativo-1-060824\/?wpdmdl=8305&#038;refresh=66d897006da311725470464\" target=\"_blank\">\n\t\t\t\t\t\t<span class=\"elementor-button-content-wrapper\">\n\t\t\t\t\t\t<span class=\"elementor-button-icon\">\n\t\t\t\t<i aria-hidden=\"true\" class=\"fas fa-file-pdf\"><\/i>\t\t\t<\/span>\n\t\t\t\t\t\t\t\t\t<span class=\"elementor-button-text\">Haz clic aqu\u00ed<\/span>\n\t\t\t\t\t<\/span>\n\t\t\t\t\t<\/a>\n\t\t\t\t<\/div>\n\t\t\t\t\t\t\t\t<\/div>\n\t\t\t\t<\/div>\n\t\t\t\t\t<\/div>\n\t\t<\/div>\n\t\t\t\t<div class=\"elementor-column elementor-col-33 elementor-top-column elementor-element elementor-element-bf0f115\" data-id=\"bf0f115\" data-element_type=\"column\" data-e-type=\"column\">\n\t\t\t<div class=\"elementor-widget-wrap elementor-element-populated\">\n\t\t\t\t\t\t<div class=\"elementor-element elementor-element-f7b387f elementor-widget elementor-widget-image\" data-id=\"f7b387f\" data-element_type=\"widget\" data-e-type=\"widget\" data-widget_type=\"image.default\">\n\t\t\t\t<div class=\"elementor-widget-container\">\n\t\t\t\t\t\t\t\t\t\t\t\t\t\t\t<img decoding=\"async\" width=\"840\" height=\"473\" src=\"https:\/\/csuca.org\/wp-content\/uploads\/2024\/09\/Diapositiva2-1024x576.jpg\" class=\"attachment-large size-large wp-image-8296\" alt=\"\" srcset=\"https:\/\/csuca.org\/wp-content\/uploads\/2024\/09\/Diapositiva2-1024x576.jpg 1024w, https:\/\/csuca.org\/wp-content\/uploads\/2024\/09\/Diapositiva2-500x281.jpg 500w, https:\/\/csuca.org\/wp-content\/uploads\/2024\/09\/Diapositiva2-768x432.jpg 768w, https:\/\/csuca.org\/wp-content\/uploads\/2024\/09\/Diapositiva2-18x10.jpg 18w, https:\/\/csuca.org\/wp-content\/uploads\/2024\/09\/Diapositiva2-1200x675.jpg 1200w, https:\/\/csuca.org\/wp-content\/uploads\/2024\/09\/Diapositiva2-600x338.jpg 600w, https:\/\/csuca.org\/wp-content\/uploads\/2024\/09\/Diapositiva2.jpg 1280w\" sizes=\"(max-width: 709px) 85vw, (max-width: 909px) 67vw, (max-width: 1362px) 62vw, 840px\" \/>\t\t\t\t\t\t\t\t\t\t\t\t\t\t\t<\/div>\n\t\t\t\t<\/div>\n\t\t\t\t<div class=\"elementor-element elementor-element-fe88a38 elementor-widget elementor-widget-heading\" data-id=\"fe88a38\" data-element_type=\"widget\" data-e-type=\"widget\" data-widget_type=\"heading.default\">\n\t\t\t\t<div class=\"elementor-widget-container\">\n\t\t\t\t\t<h6 class=\"elementor-heading-title elementor-size-default\">Bolet\u00edn Informativo #2 210824<\/h6>\t\t\t\t<\/div>\n\t\t\t\t<\/div>\n\t\t\t\t<div class=\"elementor-element elementor-element-a98c8de elementor-align-center elementor-widget elementor-widget-button\" data-id=\"a98c8de\" data-element_type=\"widget\" data-e-type=\"widget\" data-widget_type=\"button.default\">\n\t\t\t\t<div class=\"elementor-widget-container\">\n\t\t\t\t\t\t\t\t\t<div class=\"elementor-button-wrapper\">\n\t\t\t\t\t<a class=\"elementor-button elementor-button-link elementor-size-sm\" href=\"https:\/\/mailchi.mp\/f49198128f65\/boletn-informativo-1-12704128?e=b74db1a52b\" target=\"_blank\">\n\t\t\t\t\t\t<span class=\"elementor-button-content-wrapper\">\n\t\t\t\t\t\t<span class=\"elementor-button-icon\">\n\t\t\t\t<i aria-hidden=\"true\" class=\"fas fa-link\"><\/i>\t\t\t<\/span>\n\t\t\t\t\t\t\t\t\t<span class=\"elementor-button-text\">Haz clic aqu\u00ed<\/span>\n\t\t\t\t\t<\/span>\n\t\t\t\t\t<\/a>\n\t\t\t\t<\/div>\n\t\t\t\t\t\t\t\t<\/div>\n\t\t\t\t<\/div>\n\t\t\t\t<div class=\"elementor-element elementor-element-e64d325 elementor-align-center elementor-widget elementor-widget-button\" data-id=\"e64d325\" data-element_type=\"widget\" data-e-type=\"widget\" data-widget_type=\"button.default\">\n\t\t\t\t<div class=\"elementor-widget-container\">\n\t\t\t\t\t\t\t\t\t<div class=\"elementor-button-wrapper\">\n\t\t\t\t\t<a class=\"elementor-button elementor-button-link elementor-size-sm\" href=\"https:\/\/csuca.org\/en\/download\/boletin-informativo-2-210824\/?wpdmdl=8309&#038;refresh=66d8982b275431725470763\" target=\"_blank\">\n\t\t\t\t\t\t<span class=\"elementor-button-content-wrapper\">\n\t\t\t\t\t\t<span class=\"elementor-button-icon\">\n\t\t\t\t<i aria-hidden=\"true\" class=\"fas fa-file-pdf\"><\/i>\t\t\t<\/span>\n\t\t\t\t\t\t\t\t\t<span class=\"elementor-button-text\">Haz clic aqu\u00ed<\/span>\n\t\t\t\t\t<\/span>\n\t\t\t\t\t<\/a>\n\t\t\t\t<\/div>\n\t\t\t\t\t\t\t\t<\/div>\n\t\t\t\t<\/div>\n\t\t\t\t\t<\/div>\n\t\t<\/div>\n\t\t\t\t<div class=\"elementor-column elementor-col-33 elementor-top-column elementor-element elementor-element-6af4a08\" data-id=\"6af4a08\" data-element_type=\"column\" data-e-type=\"column\">\n\t\t\t<div class=\"elementor-widget-wrap elementor-element-populated\">\n\t\t\t\t\t\t<div class=\"elementor-element elementor-element-9725321 elementor-widget elementor-widget-image\" data-id=\"9725321\" data-element_type=\"widget\" data-e-type=\"widget\" data-widget_type=\"image.default\">\n\t\t\t\t<div class=\"elementor-widget-container\">\n\t\t\t\t\t\t\t\t\t\t\t\t\t\t\t<img loading=\"lazy\" decoding=\"async\" width=\"840\" height=\"473\" src=\"https:\/\/csuca.org\/wp-content\/uploads\/2024\/09\/Diapositiva3-1024x576.jpg\" class=\"attachment-large size-large wp-image-8297\" alt=\"\" srcset=\"https:\/\/csuca.org\/wp-content\/uploads\/2024\/09\/Diapositiva3-1024x576.jpg 1024w, https:\/\/csuca.org\/wp-content\/uploads\/2024\/09\/Diapositiva3-500x281.jpg 500w, https:\/\/csuca.org\/wp-content\/uploads\/2024\/09\/Diapositiva3-768x432.jpg 768w, https:\/\/csuca.org\/wp-content\/uploads\/2024\/09\/Diapositiva3-18x10.jpg 18w, https:\/\/csuca.org\/wp-content\/uploads\/2024\/09\/Diapositiva3-1200x675.jpg 1200w, https:\/\/csuca.org\/wp-content\/uploads\/2024\/09\/Diapositiva3-600x338.jpg 600w, https:\/\/csuca.org\/wp-content\/uploads\/2024\/09\/Diapositiva3.jpg 1280w\" sizes=\"(max-width: 709px) 85vw, (max-width: 909px) 67vw, (max-width: 1362px) 62vw, 840px\" \/>\t\t\t\t\t\t\t\t\t\t\t\t\t\t\t<\/div>\n\t\t\t\t<\/div>\n\t\t\t\t<div class=\"elementor-element elementor-element-5d54fdb elementor-widget elementor-widget-heading\" data-id=\"5d54fdb\" data-element_type=\"widget\" data-e-type=\"widget\" data-widget_type=\"heading.default\">\n\t\t\t\t<div class=\"elementor-widget-container\">\n\t\t\t\t\t<h6 class=\"elementor-heading-title elementor-size-default\">Bolet\u00edn Informativo #3 040924<\/h6>\t\t\t\t<\/div>\n\t\t\t\t<\/div>\n\t\t\t\t<div class=\"elementor-element elementor-element-e60e459 elementor-align-center elementor-widget elementor-widget-button\" data-id=\"e60e459\" data-element_type=\"widget\" data-e-type=\"widget\" data-widget_type=\"button.default\">\n\t\t\t\t<div class=\"elementor-widget-container\">\n\t\t\t\t\t\t\t\t\t<div class=\"elementor-button-wrapper\">\n\t\t\t\t\t<a class=\"elementor-button elementor-button-link elementor-size-sm\" href=\"https:\/\/mailchi.mp\/e7a2b6e0bc68\/boletn-informativo-1-12705496\">\n\t\t\t\t\t\t<span class=\"elementor-button-content-wrapper\">\n\t\t\t\t\t\t<span class=\"elementor-button-icon\">\n\t\t\t\t<i aria-hidden=\"true\" class=\"fas fa-link\"><\/i>\t\t\t<\/span>\n\t\t\t\t\t\t\t\t\t<span class=\"elementor-button-text\">Haz clic aqu\u00ed<\/span>\n\t\t\t\t\t<\/span>\n\t\t\t\t\t<\/a>\n\t\t\t\t<\/div>\n\t\t\t\t\t\t\t\t<\/div>\n\t\t\t\t<\/div>\n\t\t\t\t<div class=\"elementor-element elementor-element-4d3c91c elementor-align-center elementor-widget elementor-widget-button\" data-id=\"4d3c91c\" data-element_type=\"widget\" data-e-type=\"widget\" data-widget_type=\"button.default\">\n\t\t\t\t<div class=\"elementor-widget-container\">\n\t\t\t\t\t\t\t\t\t<div class=\"elementor-button-wrapper\">\n\t\t\t\t\t<a class=\"elementor-button elementor-button-link elementor-size-sm\" href=\"https:\/\/csuca.org\/en\/download\/boletin-informativo-3-40924\/?wpdmdl=8313&#038;refresh=66d898d21350b1725470930\" target=\"_blank\">\n\t\t\t\t\t\t<span class=\"elementor-button-content-wrapper\">\n\t\t\t\t\t\t<span class=\"elementor-button-icon\">\n\t\t\t\t<i aria-hidden=\"true\" class=\"fas fa-file-pdf\"><\/i>\t\t\t<\/span>\n\t\t\t\t\t\t\t\t\t<span class=\"elementor-button-text\">Haz clic aqu\u00ed<\/span>\n\t\t\t\t\t<\/span>\n\t\t\t\t\t<\/a>\n\t\t\t\t<\/div>\n\t\t\t\t\t\t\t\t<\/div>\n\t\t\t\t<\/div>\n\t\t\t\t\t<\/div>\n\t\t<\/div>\n\t\t\t\t\t<\/div>\n\t\t<\/section>\n\t\t\t\t<section class=\"elementor-section elementor-top-section elementor-element elementor-element-457e231 elementor-section-boxed elementor-section-height-default elementor-section-height-default\" data-id=\"457e231\" data-element_type=\"section\" data-e-type=\"section\">\n\t\t\t\t\t\t<div class=\"elementor-container elementor-column-gap-default\">\n\t\t\t\t\t<div class=\"elementor-column elementor-col-33 elementor-top-column elementor-element elementor-element-28709a8\" data-id=\"28709a8\" data-element_type=\"column\" data-e-type=\"column\">\n\t\t\t<div class=\"elementor-widget-wrap elementor-element-populated\">\n\t\t\t\t\t\t<div class=\"elementor-element elementor-element-48681c1 elementor-widget elementor-widget-image\" data-id=\"48681c1\" data-element_type=\"widget\" data-e-type=\"widget\" data-widget_type=\"image.default\">\n\t\t\t\t<div class=\"elementor-widget-container\">\n\t\t\t\t\t\t\t\t\t\t\t\t\t\t\t<img loading=\"lazy\" decoding=\"async\" width=\"840\" height=\"574\" src=\"https:\/\/csuca.org\/wp-content\/uploads\/2024\/10\/portadaboletin4-1024x700.png\" class=\"attachment-large size-large wp-image-8513\" alt=\"\" srcset=\"https:\/\/csuca.org\/wp-content\/uploads\/2024\/10\/portadaboletin4-1024x700.png 1024w, https:\/\/csuca.org\/wp-content\/uploads\/2024\/10\/portadaboletin4-500x342.png 500w, https:\/\/csuca.org\/wp-content\/uploads\/2024\/10\/portadaboletin4-768x525.png 768w, https:\/\/csuca.org\/wp-content\/uploads\/2024\/10\/portadaboletin4-18x12.png 18w, https:\/\/csuca.org\/wp-content\/uploads\/2024\/10\/portadaboletin4-1200x820.png 1200w, https:\/\/csuca.org\/wp-content\/uploads\/2024\/10\/portadaboletin4-600x410.png 600w, https:\/\/csuca.org\/wp-content\/uploads\/2024\/10\/portadaboletin4.png 1267w\" sizes=\"(max-width: 709px) 85vw, (max-width: 909px) 67vw, (max-width: 1362px) 62vw, 840px\" \/>\t\t\t\t\t\t\t\t\t\t\t\t\t\t\t<\/div>\n\t\t\t\t<\/div>\n\t\t\t\t<div class=\"elementor-element elementor-element-848ea5e elementor-widget elementor-widget-heading\" data-id=\"848ea5e\" data-element_type=\"widget\" data-e-type=\"widget\" data-widget_type=\"heading.default\">\n\t\t\t\t<div class=\"elementor-widget-container\">\n\t\t\t\t\t<h6 class=\"elementor-heading-title elementor-size-default\">Bolet\u00edn Informativo #4 180924<\/h6>\t\t\t\t<\/div>\n\t\t\t\t<\/div>\n\t\t\t\t<div class=\"elementor-element elementor-element-d6e8320 elementor-align-center elementor-widget elementor-widget-button\" data-id=\"d6e8320\" data-element_type=\"widget\" data-e-type=\"widget\" data-widget_type=\"button.default\">\n\t\t\t\t<div class=\"elementor-widget-container\">\n\t\t\t\t\t\t\t\t\t<div class=\"elementor-button-wrapper\">\n\t\t\t\t\t<a class=\"elementor-button elementor-button-link elementor-size-sm\" href=\"https:\/\/mailchi.mp\/a1002c808130\/boletn-informativo-1-12706500?e=c021172ae8\" target=\"_blank\">\n\t\t\t\t\t\t<span class=\"elementor-button-content-wrapper\">\n\t\t\t\t\t\t<span class=\"elementor-button-icon\">\n\t\t\t\t<i aria-hidden=\"true\" class=\"fas fa-link\"><\/i>\t\t\t<\/span>\n\t\t\t\t\t\t\t\t\t<span class=\"elementor-button-text\">Haz clic aqu\u00ed<\/span>\n\t\t\t\t\t<\/span>\n\t\t\t\t\t<\/a>\n\t\t\t\t<\/div>\n\t\t\t\t\t\t\t\t<\/div>\n\t\t\t\t<\/div>\n\t\t\t\t<div class=\"elementor-element elementor-element-37c94b9 elementor-align-center elementor-widget elementor-widget-button\" data-id=\"37c94b9\" data-element_type=\"widget\" data-e-type=\"widget\" data-widget_type=\"button.default\">\n\t\t\t\t<div class=\"elementor-widget-container\">\n\t\t\t\t\t\t\t\t\t<div class=\"elementor-button-wrapper\">\n\t\t\t\t\t<a class=\"elementor-button elementor-button-link elementor-size-sm\" href=\"https:\/\/csuca.org\/en\/download\/boletin-informativo-1-060824\/?wpdmdl=8305&#038;refresh=66d897006da311725470464\" target=\"_blank\">\n\t\t\t\t\t\t<span class=\"elementor-button-content-wrapper\">\n\t\t\t\t\t\t<span class=\"elementor-button-icon\">\n\t\t\t\t<i aria-hidden=\"true\" class=\"fas fa-file-pdf\"><\/i>\t\t\t<\/span>\n\t\t\t\t\t\t\t\t\t<span class=\"elementor-button-text\">Haz clic aqu\u00ed<\/span>\n\t\t\t\t\t<\/span>\n\t\t\t\t\t<\/a>\n\t\t\t\t<\/div>\n\t\t\t\t\t\t\t\t<\/div>\n\t\t\t\t<\/div>\n\t\t\t\t\t<\/div>\n\t\t<\/div>\n\t\t\t\t<div class=\"elementor-column elementor-col-33 elementor-top-column elementor-element elementor-element-34eccbd\" data-id=\"34eccbd\" data-element_type=\"column\" data-e-type=\"column\">\n\t\t\t<div class=\"elementor-widget-wrap\">\n\t\t\t\t\t\t\t<\/div>\n\t\t<\/div>\n\t\t\t\t<div class=\"elementor-column elementor-col-33 elementor-top-column elementor-element elementor-element-3e66ced\" data-id=\"3e66ced\" data-element_type=\"column\" data-e-type=\"column\">\n\t\t\t<div class=\"elementor-widget-wrap\">\n\t\t\t\t\t\t\t<\/div>\n\t\t<\/div>\n\t\t\t\t\t<\/div>\n\t\t<\/section>\n\t\t\t\t<\/div>","protected":false},"excerpt":{"rendered":"<p>Bolet\u00edn Informativo #1 060824 Haz clic aqu\u00ed Haz clic aqu\u00ed Bolet\u00edn Informativo #2 210824 Haz clic aqu\u00ed Haz clic aqu\u00ed Bolet\u00edn Informativo #3 040924 Haz clic aqu\u00ed Haz clic aqu\u00ed Bolet\u00edn Informativo #4 180924 Haz clic aqu\u00ed Haz clic aqu\u00ed<\/p>","protected":false},"author":4,"featured_media":0,"parent":0,"menu_order":0,"comment_status":"closed","ping_status":"closed","template":"","meta":{"footnotes":""},"class_list":["post-5630","page","type-page","status-publish","hentry"],"_links":{"self":[{"href":"https:\/\/csuca.org\/en\/wp-json\/wp\/v2\/pages\/5630","targetHints":{"allow":["GET"]}}],"collection":[{"href":"https:\/\/csuca.org\/en\/wp-json\/wp\/v2\/pages"}],"about":[{"href":"https:\/\/csuca.org\/en\/wp-json\/wp\/v2\/types\/page"}],"author":[{"embeddable":true,"href":"https:\/\/csuca.org\/en\/wp-json\/wp\/v2\/users\/4"}],"replies":[{"embeddable":true,"href":"https:\/\/csuca.org\/en\/wp-json\/wp\/v2\/comments?post=5630"}],"version-history":[{"count":34,"href":"https:\/\/csuca.org\/en\/wp-json\/wp\/v2\/pages\/5630\/revisions"}],"predecessor-version":[{"id":8517,"href":"https:\/\/csuca.org\/en\/wp-json\/wp\/v2\/pages\/5630\/revisions\/8517"}],"wp:attachment":[{"href":"https:\/\/csuca.org\/en\/wp-json\/wp\/v2\/media?parent=5630"}],"curies":[{"name":"wp","href":"https:\/\/api.w.org\/{rel}","templated":true}]}}