{"id":6886,"date":"2024-01-26T09:19:45","date_gmt":"2024-01-26T15:19:45","guid":{"rendered":"https:\/\/csuca.org\/?page_id=6886"},"modified":"2025-06-05T09:09:00","modified_gmt":"2025-06-05T15:09:00","slug":"idrc-6hn","status":"publish","type":"page","link":"https:\/\/csuca.org\/en\/idrc-6hn\/","title":{"rendered":"IDRC 6HN"},"content":{"rendered":"<div data-elementor-type=\"wp-page\" data-elementor-id=\"6886\" class=\"elementor elementor-6886\">\n\t\t\t\t\t\t<section class=\"elementor-section elementor-top-section elementor-element elementor-element-47bc155 elementor-section-boxed elementor-section-height-default elementor-section-height-default\" data-id=\"47bc155\" data-element_type=\"section\" data-e-type=\"section\">\n\t\t\t\t\t\t<div class=\"elementor-container elementor-column-gap-default\">\n\t\t\t\t\t<div class=\"elementor-column elementor-col-100 elementor-top-column elementor-element elementor-element-5c3ad2d\" data-id=\"5c3ad2d\" data-element_type=\"column\" data-e-type=\"column\">\n\t\t\t<div class=\"elementor-widget-wrap elementor-element-populated\">\n\t\t\t\t\t\t<div class=\"elementor-element elementor-element-9d85336 elementor-widget elementor-widget-heading\" data-id=\"9d85336\" data-element_type=\"widget\" data-e-type=\"widget\" data-widget_type=\"heading.default\">\n\t\t\t\t<div class=\"elementor-widget-container\">\n\t\t\t\t\t<h2 class=\"elementor-heading-title elementor-size-default\">Fortalecimiento de las condiciones econ\u00f3micas de la mujer ind\u00edgena de Honduras, Guatemala y El Salvador en el marco del segundo Objetivo de Desarrollo Sostenible: Hambre Cero<\/h2>\t\t\t\t<\/div>\n\t\t\t\t<\/div>\n\t\t\t\t\t<\/div>\n\t\t<\/div>\n\t\t\t\t\t<\/div>\n\t\t<\/section>\n\t\t\t\t<section class=\"elementor-section elementor-top-section elementor-element elementor-element-55f059f elementor-section-boxed elementor-section-height-default elementor-section-height-default\" data-id=\"55f059f\" data-element_type=\"section\" data-e-type=\"section\">\n\t\t\t\t\t\t<div class=\"elementor-container elementor-column-gap-default\">\n\t\t\t\t\t<div class=\"elementor-column elementor-col-100 elementor-top-column elementor-element elementor-element-09fd855\" data-id=\"09fd855\" data-element_type=\"column\" data-e-type=\"column\">\n\t\t\t<div class=\"elementor-widget-wrap elementor-element-populated\">\n\t\t\t\t\t\t<div class=\"elementor-element elementor-element-aee2f60 elementor-widget elementor-widget-text-editor\" data-id=\"aee2f60\" data-element_type=\"widget\" data-e-type=\"widget\" data-widget_type=\"text-editor.default\">\n\t\t\t\t<div class=\"elementor-widget-container\">\n\t\t\t\t\t\t\t\t\t<p>GENERAL OBJECTIVE<br \/>Contribuir a mejorar las condiciones econ\u00f3micas de la mujer ind\u00edgena de Honduras, Guatemala y El Salvador en el marco de el segundo Objetivo de Desarrollo Sostenible: Hambre Cero.<\/p><p>INSTITUCI\u00d3N L\u00cdDER<br \/>University of El Salvador, National University of Forestry Sciences<\/p><p>PARTNER INSTITUTIONS<br \/>University of San Carlos of Guatemala, University of El Salvador<\/p>\t\t\t\t\t\t\t\t<\/div>\n\t\t\t\t<\/div>\n\t\t\t\t<div class=\"elementor-element elementor-element-ea4c569 elementor-widget-divider--view-line elementor-widget elementor-widget-divider\" data-id=\"ea4c569\" data-element_type=\"widget\" data-e-type=\"widget\" data-widget_type=\"divider.default\">\n\t\t\t\t<div class=\"elementor-widget-container\">\n\t\t\t\t\t\t\t<div class=\"elementor-divider\">\n\t\t\t<span class=\"elementor-divider-separator\">\n\t\t\t\t\t\t<\/span>\n\t\t<\/div>\n\t\t\t\t\t\t<\/div>\n\t\t\t\t<\/div>\n\t\t\t\t<div class=\"elementor-element elementor-element-b242f5c elementor-widget elementor-widget-image\" data-id=\"b242f5c\" data-element_type=\"widget\" data-e-type=\"widget\" data-widget_type=\"image.default\">\n\t\t\t\t<div class=\"elementor-widget-container\">\n\t\t\t\t\t\t\t\t\t\t\t\t\t\t\t<img fetchpriority=\"high\" decoding=\"async\" width=\"683\" height=\"1024\" src=\"https:\/\/csuca.org\/wp-content\/uploads\/2025\/05\/AFICHE-6HN-683x1024.jpg\" class=\"attachment-large size-large wp-image-9440\" alt=\"\" srcset=\"https:\/\/csuca.org\/wp-content\/uploads\/2025\/05\/AFICHE-6HN-683x1024.jpg 683w, https:\/\/csuca.org\/wp-content\/uploads\/2025\/05\/AFICHE-6HN-333x500.jpg 333w, https:\/\/csuca.org\/wp-content\/uploads\/2025\/05\/AFICHE-6HN-768x1152.jpg 768w, https:\/\/csuca.org\/wp-content\/uploads\/2025\/05\/AFICHE-6HN-1024x1536.jpg 1024w, https:\/\/csuca.org\/wp-content\/uploads\/2025\/05\/AFICHE-6HN-1365x2048.jpg 1365w, https:\/\/csuca.org\/wp-content\/uploads\/2025\/05\/AFICHE-6HN-8x12.jpg 8w, https:\/\/csuca.org\/wp-content\/uploads\/2025\/05\/AFICHE-6HN-1200x1800.jpg 1200w, https:\/\/csuca.org\/wp-content\/uploads\/2025\/05\/AFICHE-6HN-scaled.jpg 1707w\" sizes=\"(max-width: 683px) 85vw, 683px\" \/>\t\t\t\t\t\t\t\t\t\t\t\t\t\t\t<\/div>\n\t\t\t\t<\/div>\n\t\t\t\t<div class=\"elementor-element elementor-element-6049cf3 elementor-widget-divider--view-line elementor-widget elementor-widget-divider\" data-id=\"6049cf3\" data-element_type=\"widget\" data-e-type=\"widget\" data-widget_type=\"divider.default\">\n\t\t\t\t<div class=\"elementor-widget-container\">\n\t\t\t\t\t\t\t<div class=\"elementor-divider\">\n\t\t\t<span class=\"elementor-divider-separator\">\n\t\t\t\t\t\t<\/span>\n\t\t<\/div>\n\t\t\t\t\t\t<\/div>\n\t\t\t\t<\/div>\n\t\t\t\t\t<\/div>\n\t\t<\/div>\n\t\t\t\t\t<\/div>\n\t\t<\/section>\n\t\t\t\t<section class=\"elementor-section elementor-top-section elementor-element elementor-element-8ffd7be elementor-section-boxed elementor-section-height-default elementor-section-height-default\" data-id=\"8ffd7be\" data-element_type=\"section\" data-e-type=\"section\">\n\t\t\t\t\t\t<div class=\"elementor-container elementor-column-gap-default\">\n\t\t\t\t\t<div class=\"elementor-column elementor-col-50 elementor-top-column elementor-element elementor-element-b29f99f\" data-id=\"b29f99f\" data-element_type=\"column\" data-e-type=\"column\">\n\t\t\t<div class=\"elementor-widget-wrap elementor-element-populated\">\n\t\t\t\t\t\t<div class=\"elementor-element elementor-element-930c68a elementor-widget elementor-widget-heading\" data-id=\"930c68a\" data-element_type=\"widget\" data-e-type=\"widget\" data-widget_type=\"heading.default\">\n\t\t\t\t<div class=\"elementor-widget-container\">\n\t\t\t\t\t<h2 class=\"elementor-heading-title elementor-size-default\">Publicaciones Indexadas\u200b<\/h2>\t\t\t\t<\/div>\n\t\t\t\t<\/div>\n\t\t\t\t\t<\/div>\n\t\t<\/div>\n\t\t\t\t<div class=\"elementor-column elementor-col-50 elementor-top-column elementor-element elementor-element-b32bbd3\" data-id=\"b32bbd3\" data-element_type=\"column\" data-e-type=\"column\">\n\t\t\t<div class=\"elementor-widget-wrap elementor-element-populated\">\n\t\t\t\t\t\t<div class=\"elementor-element elementor-element-2c4bfe9 elementor-widget elementor-widget-heading\" data-id=\"2c4bfe9\" data-element_type=\"widget\" data-e-type=\"widget\" data-widget_type=\"heading.default\">\n\t\t\t\t<div class=\"elementor-widget-container\">\n\t\t\t\t\t<h2 class=\"elementor-heading-title elementor-size-default\">Literatura Gris\u200b<\/h2>\t\t\t\t<\/div>\n\t\t\t\t<\/div>\n\t\t\t\t\t<\/div>\n\t\t<\/div>\n\t\t\t\t\t<\/div>\n\t\t<\/section>\n\t\t\t\t<section class=\"elementor-section elementor-top-section elementor-element elementor-element-f796fed elementor-section-boxed elementor-section-height-default elementor-section-height-default\" data-id=\"f796fed\" data-element_type=\"section\" data-e-type=\"section\">\n\t\t\t\t\t\t<div class=\"elementor-container elementor-column-gap-default\">\n\t\t\t\t\t<div class=\"elementor-column elementor-col-50 elementor-top-column elementor-element elementor-element-a558699\" data-id=\"a558699\" data-element_type=\"column\" data-e-type=\"column\">\n\t\t\t<div class=\"elementor-widget-wrap elementor-element-populated\">\n\t\t\t\t\t\t<div class=\"elementor-element elementor-element-19e5d2c elementor-widget elementor-widget-heading\" data-id=\"19e5d2c\" data-element_type=\"widget\" data-e-type=\"widget\" data-widget_type=\"heading.default\">\n\t\t\t\t<div class=\"elementor-widget-container\">\n\t\t\t\t\t<h2 class=\"elementor-heading-title elementor-size-default\">Actividades Realizadas\u200b<\/h2>\t\t\t\t<\/div>\n\t\t\t\t<\/div>\n\t\t\t\t<div class=\"elementor-element elementor-element-3e74d31 elementor-widget elementor-widget-image\" data-id=\"3e74d31\" data-element_type=\"widget\" data-e-type=\"widget\" data-widget_type=\"image.default\">\n\t\t\t\t<div class=\"elementor-widget-container\">\n\t\t\t\t\t\t\t\t\t\t\t\t\t\t\t<img decoding=\"async\" width=\"498\" height=\"742\" src=\"https:\/\/csuca.org\/wp-content\/uploads\/2025\/06\/PortadaTecnologiaPueblosIndigenas.png\" class=\"attachment-large size-large wp-image-9687\" alt=\"\" srcset=\"https:\/\/csuca.org\/wp-content\/uploads\/2025\/06\/PortadaTecnologiaPueblosIndigenas.png 498w, https:\/\/csuca.org\/wp-content\/uploads\/2025\/06\/PortadaTecnologiaPueblosIndigenas-336x500.png 336w, https:\/\/csuca.org\/wp-content\/uploads\/2025\/06\/PortadaTecnologiaPueblosIndigenas-8x12.png 8w\" sizes=\"(max-width: 498px) 85vw, 498px\" \/>\t\t\t\t\t\t\t\t\t\t\t\t\t\t\t<\/div>\n\t\t\t\t<\/div>\n\t\t\t\t<div class=\"elementor-element elementor-element-26fe04f elementor-widget elementor-widget-shortcode\" data-id=\"26fe04f\" data-element_type=\"widget\" data-e-type=\"widget\" data-widget_type=\"shortcode.default\">\n\t\t\t\t<div class=\"elementor-widget-container\">\n\t\t\t\t\t\t\t<div class=\"elementor-shortcode\"><div class='w3eden'><!-- WPDM Link Template: Default Template -->\n\n<div class=\"link-template-default card mb-2\">\n    <div class=\"card-body\">\n        <div class=\"media\">\n            <div class=\"mr-3 img-48\"><img decoding=\"async\" class=\"wpdm_icon\" alt=\"Icon\"   src=\"https:\/\/csuca.org\/wp-content\/plugins\/download-manager\/assets\/file-type-icons\/pdf.png\" \/><\/div>\n            <div class=\"media-body\">\n                <h3 class=\"package-title\"><a href='https:\/\/csuca.org\/en\/download\/foro-de-los-pueblos-indigenas-tecnologia\/'>Foro de los pueblos ind\u00edgenas tecnolog\u00eda<\/a><\/h3>\n                <div class=\"text-muted text-small\"><i class=\"fas fa-copy\"><\/i> 1 file(s) <i class=\"fas fa-hdd ml-3\"><\/i> 25.01 MB<\/div>\n            <\/div>\n            <div class=\"ml-3\">\n                <a class='wpdm-download-link download-on-click btn btn-primary' rel='nofollow' href='#' data-downloadurl=\"https:\/\/csuca.org\/en\/download\/foro-de-los-pueblos-indigenas-tecnologia\/?wpdmdl=9686&refresh=69dcb854861e51776072788\">Download<\/a>\n            <\/div>\n        <\/div>\n    <\/div>\n<\/div>\n\n<\/div><\/div>\n\t\t\t\t\t\t<\/div>\n\t\t\t\t<\/div>\n\t\t\t\t<div class=\"elementor-element elementor-element-72fd052 elementor-widget-divider--view-line elementor-widget elementor-widget-divider\" data-id=\"72fd052\" data-element_type=\"widget\" data-e-type=\"widget\" data-widget_type=\"divider.default\">\n\t\t\t\t<div class=\"elementor-widget-container\">\n\t\t\t\t\t\t\t<div class=\"elementor-divider\">\n\t\t\t<span class=\"elementor-divider-separator\">\n\t\t\t\t\t\t<\/span>\n\t\t<\/div>\n\t\t\t\t\t\t<\/div>\n\t\t\t\t<\/div>\n\t\t\t\t<div class=\"elementor-element elementor-element-30f4cae elementor-widget elementor-widget-image\" data-id=\"30f4cae\" data-element_type=\"widget\" data-e-type=\"widget\" data-widget_type=\"image.default\">\n\t\t\t\t<div class=\"elementor-widget-container\">\n\t\t\t\t\t\t\t\t\t\t\t\t\t\t\t\t<a href=\"https:\/\/csuca.org\/en\/implementacion-de-diagnostico-sobre-condiciones-economicas-en-grupo-de-mujeres-indigenas-en-comunidades-de-honduras-guatemala-y-el-salvador\/\" target=\"_blank\">\n\t\t\t\t\t\t\t<img decoding=\"async\" width=\"840\" height=\"630\" src=\"https:\/\/csuca.org\/wp-content\/uploads\/2024\/05\/PHOTO-2023-12-16-19-16-00-1024x768.jpg\" class=\"attachment-large size-large wp-image-7628\" alt=\"\" srcset=\"https:\/\/csuca.org\/wp-content\/uploads\/2024\/05\/PHOTO-2023-12-16-19-16-00-1024x768.jpg 1024w, https:\/\/csuca.org\/wp-content\/uploads\/2024\/05\/PHOTO-2023-12-16-19-16-00-500x375.jpg 500w, https:\/\/csuca.org\/wp-content\/uploads\/2024\/05\/PHOTO-2023-12-16-19-16-00-768x576.jpg 768w, https:\/\/csuca.org\/wp-content\/uploads\/2024\/05\/PHOTO-2023-12-16-19-16-00-16x12.jpg 16w, https:\/\/csuca.org\/wp-content\/uploads\/2024\/05\/PHOTO-2023-12-16-19-16-00-1200x900.jpg 1200w, https:\/\/csuca.org\/wp-content\/uploads\/2024\/05\/PHOTO-2023-12-16-19-16-00-600x450.jpg 600w, https:\/\/csuca.org\/wp-content\/uploads\/2024\/05\/PHOTO-2023-12-16-19-16-00.jpg 1500w\" sizes=\"(max-width: 709px) 85vw, (max-width: 909px) 67vw, (max-width: 1362px) 62vw, 840px\" \/>\t\t\t\t\t\t\t\t<\/a>\n\t\t\t\t\t\t\t\t\t\t\t\t\t\t\t<\/div>\n\t\t\t\t<\/div>\n\t\t\t\t<div class=\"elementor-element elementor-element-4a693db elementor-widget elementor-widget-heading\" data-id=\"4a693db\" data-element_type=\"widget\" data-e-type=\"widget\" data-widget_type=\"heading.default\">\n\t\t\t\t<div class=\"elementor-widget-container\">\n\t\t\t\t\t<h6 class=\"elementor-heading-title elementor-size-default\"><a href=\"https:\/\/csuca.org\/en\/implementacion-de-diagnostico-sobre-condiciones-economicas-en-grupo-de-mujeres-indigenas-en-comunidades-de-honduras-guatemala-y-el-salvador\/\" target=\"_blank\">Implementaci\u00f3n de diagn\u00f3stico sobre condiciones econ\u00f3micas en grupo de mujeres ind\u00edgenas en comunidades de Honduras, Guatemala y El Salvador<\/a><\/h6>\t\t\t\t<\/div>\n\t\t\t\t<\/div>\n\t\t\t\t\t<\/div>\n\t\t<\/div>\n\t\t\t\t<div class=\"elementor-column elementor-col-50 elementor-top-column elementor-element elementor-element-f9b3913\" data-id=\"f9b3913\" data-element_type=\"column\" data-e-type=\"column\">\n\t\t\t<div class=\"elementor-widget-wrap elementor-element-populated\">\n\t\t\t\t\t\t<div class=\"elementor-element elementor-element-bc50e0d elementor-widget elementor-widget-heading\" data-id=\"bc50e0d\" data-element_type=\"widget\" data-e-type=\"widget\" data-widget_type=\"heading.default\">\n\t\t\t\t<div class=\"elementor-widget-container\">\n\t\t\t\t\t<h2 class=\"elementor-heading-title elementor-size-default\">Pr\u00f3ximas Actividades\u200b<\/h2>\t\t\t\t<\/div>\n\t\t\t\t<\/div>\n\t\t\t\t\t<\/div>\n\t\t<\/div>\n\t\t\t\t\t<\/div>\n\t\t<\/section>\n\t\t\t\t<section class=\"elementor-section elementor-top-section elementor-element elementor-element-3a08cad elementor-section-boxed elementor-section-height-default elementor-section-height-default\" data-id=\"3a08cad\" data-element_type=\"section\" data-e-type=\"section\">\n\t\t\t\t\t\t<div class=\"elementor-container elementor-column-gap-default\">\n\t\t\t\t\t<div class=\"elementor-column elementor-col-100 elementor-top-column elementor-element elementor-element-f28007b\" data-id=\"f28007b\" data-element_type=\"column\" data-e-type=\"column\">\n\t\t\t<div class=\"elementor-widget-wrap elementor-element-populated\">\n\t\t\t\t\t\t<div class=\"elementor-element elementor-element-d140eba elementor-widget elementor-widget-heading\" data-id=\"d140eba\" data-element_type=\"widget\" data-e-type=\"widget\" data-widget_type=\"heading.default\">\n\t\t\t\t<div class=\"elementor-widget-container\">\n\t\t\t\t\t<h2 class=\"elementor-heading-title elementor-size-default\">Informes<\/h2>\t\t\t\t<\/div>\n\t\t\t\t<\/div>\n\t\t\t\t<div class=\"elementor-element elementor-element-c24d640 elementor-widget elementor-widget-shortcode\" data-id=\"c24d640\" data-element_type=\"widget\" data-e-type=\"widget\" data-widget_type=\"shortcode.default\">\n\t\t\t\t<div class=\"elementor-widget-container\">\n\t\t\t\t\t\t\t<div class=\"elementor-shortcode\"><div class='w3eden'><!-- WPDM Link Template: Default Template -->\n\n<div class=\"link-template-default card mb-2\">\n    <div class=\"card-body\">\n        <div class=\"media\">\n            <div class=\"mr-3 img-48\"><img decoding=\"async\" class=\"wpdm_icon\" alt=\"Icon\"   src=\"https:\/\/csuca.org\/wp-content\/plugins\/download-manager\/assets\/file-type-icons\/vsd.png\" \/><\/div>\n            <div class=\"media-body\">\n                <h3 class=\"package-title\"><a href='https:\/\/csuca.org\/en\/download\/primer-informe-tecnico\/'>Primer informe t\u00e9cnico<\/a><\/h3>\n                <div class=\"text-muted text-small\"><i class=\"fas fa-copy\"><\/i> 1 file(s) <i class=\"fas fa-hdd ml-3\"><\/i> 7.47 MB<\/div>\n            <\/div>\n            <div class=\"ml-3\">\n                <a class='wpdm-download-link download-on-click btn btn-primary' rel='nofollow' href='#' data-downloadurl=\"https:\/\/csuca.org\/en\/download\/primer-informe-tecnico\/?wpdmdl=9442&refresh=69dcb8548b1221776072788\">Download<\/a>\n            <\/div>\n        <\/div>\n    <\/div>\n<\/div>\n\n<\/div>\n<div class='w3eden'><!-- WPDM Link Template: Default Template -->\n\n<div class=\"link-template-default card mb-2\">\n    <div class=\"card-body\">\n        <div class=\"media\">\n            <div class=\"mr-3 img-48\"><img decoding=\"async\" class=\"wpdm_icon\" alt=\"Icon\"   src=\"https:\/\/csuca.org\/wp-content\/plugins\/download-manager\/assets\/file-type-icons\/vsd.png\" \/><\/div>\n            <div class=\"media-body\">\n                <h3 class=\"package-title\"><a href='https:\/\/csuca.org\/en\/download\/proyecto-6-hn_fortalecimiento-de-las-condiciones-economicas\/'>Proyecto 6 HN_Fortalecimiento de las condiciones econ\u00f3micas<\/a><\/h3>\n                <div class=\"text-muted text-small\"><i class=\"fas fa-copy\"><\/i> 1 file(s) <i class=\"fas fa-hdd ml-3\"><\/i> 1.74MB<\/div>\n            <\/div>\n            <div class=\"ml-3\">\n                <a class='wpdm-download-link download-on-click btn btn-primary' rel='nofollow' href='#' data-downloadurl=\"https:\/\/csuca.org\/en\/download\/proyecto-6-hn_fortalecimiento-de-las-condiciones-economicas\/?wpdmdl=9443&refresh=69dcb8548dda71776072788\">Download<\/a>\n            <\/div>\n        <\/div>\n    <\/div>\n<\/div>\n\n<\/div>\n<div class='w3eden'><!-- WPDM Link Template: Default Template -->\n\n<div class=\"link-template-default card mb-2\">\n    <div class=\"card-body\">\n        <div class=\"media\">\n            <div class=\"mr-3 img-48\"><img decoding=\"async\" class=\"wpdm_icon\" alt=\"Icon\"   src=\"https:\/\/csuca.org\/wp-content\/plugins\/download-manager\/assets\/file-type-icons\/xls.png\" \/><\/div>\n            <div class=\"media-body\">\n                <h3 class=\"package-title\"><a href='https:\/\/csuca.org\/en\/download\/proyecto-6-hn-seguimiento-y-monitoreo-el-salvador\/'>Proyecto 6 HN-Seguimiento y Monitoreo EL SALVADOR<\/a><\/h3>\n                <div class=\"text-muted text-small\"><i class=\"fas fa-copy\"><\/i> 1 file(s) <i class=\"fas fa-hdd ml-3\"><\/i> 141.66 KB<\/div>\n            <\/div>\n            <div class=\"ml-3\">\n                <a class='wpdm-download-link download-on-click btn btn-primary' rel='nofollow' href='#' data-downloadurl=\"https:\/\/csuca.org\/en\/download\/proyecto-6-hn-seguimiento-y-monitoreo-el-salvador\/?wpdmdl=9444&refresh=69dcb85490a631776072788\">Download<\/a>\n            <\/div>\n        <\/div>\n    <\/div>\n<\/div>\n\n<\/div>\n<div class='w3eden'><!-- WPDM Link Template: Default Template -->\n\n<div class=\"link-template-default card mb-2\">\n    <div class=\"card-body\">\n        <div class=\"media\">\n            <div class=\"mr-3 img-48\"><img decoding=\"async\" class=\"wpdm_icon\" alt=\"Icon\"   src=\"https:\/\/csuca.org\/wp-content\/plugins\/download-manager\/assets\/file-type-icons\/xlsx.png\" \/><\/div>\n            <div class=\"media-body\">\n                <h3 class=\"package-title\"><a href='https:\/\/csuca.org\/en\/download\/proyecto-6-hn-seguimiento-y-monitoreo-guatemala\/'>Proyecto 6 HN-Seguimiento y Monitoreo Guatemala<\/a><\/h3>\n                <div class=\"text-muted text-small\"><i class=\"fas fa-copy\"><\/i> 1 file(s) <i class=\"fas fa-hdd ml-3\"><\/i> 147.52 KB<\/div>\n            <\/div>\n            <div class=\"ml-3\">\n                <a class='wpdm-download-link download-on-click btn btn-primary' rel='nofollow' href='#' data-downloadurl=\"https:\/\/csuca.org\/en\/download\/proyecto-6-hn-seguimiento-y-monitoreo-guatemala\/?wpdmdl=9445&refresh=69dcb854938691776072788\">Download<\/a>\n            <\/div>\n        <\/div>\n    <\/div>\n<\/div>\n\n<\/div>\n<div class='w3eden'><!-- WPDM Link Template: Default Template -->\n\n<div class=\"link-template-default card mb-2\">\n    <div class=\"card-body\">\n        <div class=\"media\">\n            <div class=\"mr-3 img-48\"><img decoding=\"async\" class=\"wpdm_icon\" alt=\"Icon\"   src=\"https:\/\/csuca.org\/wp-content\/plugins\/download-manager\/assets\/file-type-icons\/xlsx.png\" \/><\/div>\n            <div class=\"media-body\">\n                <h3 class=\"package-title\"><a href='https:\/\/csuca.org\/en\/download\/proyecto-6-hn-seguimiento-y-monitoreo-honduras\/'>Proyecto 6 HN-Seguimiento y Monitoreo HONDURAS<\/a><\/h3>\n                <div class=\"text-muted text-small\"><i class=\"fas fa-copy\"><\/i> 1 file(s) <i class=\"fas fa-hdd ml-3\"><\/i> 143.21 KB<\/div>\n            <\/div>\n            <div class=\"ml-3\">\n                <a class='wpdm-download-link download-on-click btn btn-primary' rel='nofollow' href='#' data-downloadurl=\"https:\/\/csuca.org\/en\/download\/proyecto-6-hn-seguimiento-y-monitoreo-honduras\/?wpdmdl=9446&refresh=69dcb85496fb81776072788\">Download<\/a>\n            <\/div>\n        <\/div>\n    <\/div>\n<\/div>\n\n<\/div>\n<div class='w3eden'><!-- WPDM Link Template: Default Template -->\n\n<div class=\"link-template-default card mb-2\">\n    <div class=\"card-body\">\n        <div class=\"media\">\n            <div class=\"mr-3 img-48\"><img decoding=\"async\" class=\"wpdm_icon\" alt=\"Icon\"   src=\"https:\/\/csuca.org\/wp-content\/plugins\/download-manager\/assets\/file-type-icons\/pdf.png\" \/><\/div>\n            <div class=\"media-body\">\n                <h3 class=\"package-title\"><a href='https:\/\/csuca.org\/en\/download\/proyecto-6-hn_fortalecimiento-de-las-condiciones-economicas-de-la-mujer-indigena\/'>Proyecto 6-HN_Fortalecimiento de las condiciones econ\u00f3micas de la mujer ind\u00edgena<\/a><\/h3>\n                <div class=\"text-muted text-small\"><i class=\"fas fa-copy\"><\/i> 1 file(s) <i class=\"fas fa-hdd ml-3\"><\/i> 1.51 MB<\/div>\n            <\/div>\n            <div class=\"ml-3\">\n                <a class='wpdm-download-link download-on-click btn btn-primary' rel='nofollow' href='#' data-downloadurl=\"https:\/\/csuca.org\/en\/download\/proyecto-6-hn_fortalecimiento-de-las-condiciones-economicas-de-la-mujer-indigena\/?wpdmdl=9447&refresh=69dcb8549a7eb1776072788\">Download<\/a>\n            <\/div>\n        <\/div>\n    <\/div>\n<\/div>\n\n<\/div><\/div>\n\t\t\t\t\t\t<\/div>\n\t\t\t\t<\/div>\n\t\t\t\t\t<\/div>\n\t\t<\/div>\n\t\t\t\t\t<\/div>\n\t\t<\/section>\n\t\t\t\t<\/div>","protected":false},"excerpt":{"rendered":"<p>Fortalecimiento de las condiciones econ\u00f3micas de la mujer ind\u00edgena de Honduras, Guatemala y El Salvador en el marco del segundo Objetivo de Desarrollo Sostenible: Hambre Cero OBJETIVO GENERALContribuir a mejorar las condiciones econ\u00f3micas de la mujer ind\u00edgena de Honduras, Guatemala y El Salvador en el marco de el segundo Objetivo de Desarrollo Sostenible: Hambre Cero. &hellip; <a href=\"https:\/\/csuca.org\/en\/idrc-6hn\/\" class=\"more-link\">Continue reading<span class=\"screen-reader-text\"> &#8220;IDRC 6HN&#8221;<\/span><\/a><\/p>","protected":false},"author":4,"featured_media":0,"parent":0,"menu_order":0,"comment_status":"closed","ping_status":"closed","template":"","meta":{"footnotes":""},"class_list":["post-6886","page","type-page","status-publish","hentry"],"_links":{"self":[{"href":"https:\/\/csuca.org\/en\/wp-json\/wp\/v2\/pages\/6886","targetHints":{"allow":["GET"]}}],"collection":[{"href":"https:\/\/csuca.org\/en\/wp-json\/wp\/v2\/pages"}],"about":[{"href":"https:\/\/csuca.org\/en\/wp-json\/wp\/v2\/types\/page"}],"author":[{"embeddable":true,"href":"https:\/\/csuca.org\/en\/wp-json\/wp\/v2\/users\/4"}],"replies":[{"embeddable":true,"href":"https:\/\/csuca.org\/en\/wp-json\/wp\/v2\/comments?post=6886"}],"version-history":[{"count":34,"href":"https:\/\/csuca.org\/en\/wp-json\/wp\/v2\/pages\/6886\/revisions"}],"predecessor-version":[{"id":9693,"href":"https:\/\/csuca.org\/en\/wp-json\/wp\/v2\/pages\/6886\/revisions\/9693"}],"wp:attachment":[{"href":"https:\/\/csuca.org\/en\/wp-json\/wp\/v2\/media?parent=6886"}],"curies":[{"name":"wp","href":"https:\/\/api.w.org\/{rel}","templated":true}]}}