{"id":6930,"date":"2024-01-26T10:25:36","date_gmt":"2024-01-26T16:25:36","guid":{"rendered":"https:\/\/csuca.org\/?page_id=6930"},"modified":"2025-06-03T11:47:53","modified_gmt":"2025-06-03T17:47:53","slug":"idrc-45cr","status":"publish","type":"page","link":"https:\/\/csuca.org\/en\/idrc-45cr\/","title":{"rendered":"IDRC 45CR"},"content":{"rendered":"<div data-elementor-type=\"wp-page\" data-elementor-id=\"6930\" class=\"elementor elementor-6930\">\n\t\t\t\t\t\t<section class=\"elementor-section elementor-top-section elementor-element elementor-element-ad7ff74 elementor-section-boxed elementor-section-height-default elementor-section-height-default\" data-id=\"ad7ff74\" data-element_type=\"section\" data-e-type=\"section\">\n\t\t\t\t\t\t<div class=\"elementor-container elementor-column-gap-default\">\n\t\t\t\t\t<div class=\"elementor-column elementor-col-100 elementor-top-column elementor-element elementor-element-bf562d8\" data-id=\"bf562d8\" data-element_type=\"column\" data-e-type=\"column\">\n\t\t\t<div class=\"elementor-widget-wrap elementor-element-populated\">\n\t\t\t\t\t\t<div class=\"elementor-element elementor-element-f192ce7 elementor-widget elementor-widget-heading\" data-id=\"f192ce7\" data-element_type=\"widget\" data-e-type=\"widget\" data-widget_type=\"heading.default\">\n\t\t\t\t<div class=\"elementor-widget-container\">\n\t\t\t\t\t<h2 class=\"elementor-heading-title elementor-size-default\">Consorcio Centroamericano de Computaci\u00f3n de Alto Rendimiento para Aplicaciones Socio-ambientales: hacia la inclusi\u00f3n en ciencia de mujeres y grupos originarios de la regi\u00f3n<\/h2>\t\t\t\t<\/div>\n\t\t\t\t<\/div>\n\t\t\t\t\t<\/div>\n\t\t<\/div>\n\t\t\t\t\t<\/div>\n\t\t<\/section>\n\t\t\t\t<section class=\"elementor-section elementor-top-section elementor-element elementor-element-d90bbbf elementor-section-boxed elementor-section-height-default elementor-section-height-default\" data-id=\"d90bbbf\" data-element_type=\"section\" data-e-type=\"section\">\n\t\t\t\t\t\t<div class=\"elementor-container elementor-column-gap-default\">\n\t\t\t\t\t<div class=\"elementor-column elementor-col-100 elementor-top-column elementor-element elementor-element-f4eb13b\" data-id=\"f4eb13b\" data-element_type=\"column\" data-e-type=\"column\">\n\t\t\t<div class=\"elementor-widget-wrap elementor-element-populated\">\n\t\t\t\t\t\t<div class=\"elementor-element elementor-element-13eff8f elementor-widget elementor-widget-text-editor\" data-id=\"13eff8f\" data-element_type=\"widget\" data-e-type=\"widget\" data-widget_type=\"text-editor.default\">\n\t\t\t\t<div class=\"elementor-widget-container\">\n\t\t\t\t\t\t\t\t\t<p>GENERAL OBJECTIVE<br \/>Constituir una red de personas investigadoras centroamericanas en computaci\u00f3n de alto rendimiento y sus aplicaciones socio-ambientales para potenciar la inclusi\u00f3n cient\u00edfica femenina y de grupos originarios de la regi\u00f3n.<\/p><p>INSTITUCI\u00d3N L\u00cdDER<br \/>Centro Nacional de Alta Tecnolog\u00eda (CeNAT), Costa Rica.<\/p><p>PARTNER INSTITUTIONS<br \/>Universidad Tecnol\u00f3gica de Panam\u00e1 (UTP), Universidad de El Salvador (UES).<\/p>\t\t\t\t\t\t\t\t<\/div>\n\t\t\t\t<\/div>\n\t\t\t\t<div class=\"elementor-element elementor-element-3fdec1e elementor-widget-divider--view-line elementor-widget elementor-widget-divider\" data-id=\"3fdec1e\" data-element_type=\"widget\" data-e-type=\"widget\" data-widget_type=\"divider.default\">\n\t\t\t\t<div class=\"elementor-widget-container\">\n\t\t\t\t\t\t\t<div class=\"elementor-divider\">\n\t\t\t<span class=\"elementor-divider-separator\">\n\t\t\t\t\t\t<\/span>\n\t\t<\/div>\n\t\t\t\t\t\t<\/div>\n\t\t\t\t<\/div>\n\t\t\t\t<div class=\"elementor-element elementor-element-89bd51e elementor-widget elementor-widget-image\" data-id=\"89bd51e\" data-element_type=\"widget\" data-e-type=\"widget\" data-widget_type=\"image.default\">\n\t\t\t\t<div class=\"elementor-widget-container\">\n\t\t\t\t\t\t\t\t\t\t\t\t\t\t\t<img fetchpriority=\"high\" decoding=\"async\" width=\"682\" height=\"1024\" src=\"https:\/\/csuca.org\/wp-content\/uploads\/2025\/06\/AFICHE-45CR-682x1024.jpg\" class=\"attachment-large size-large wp-image-9613\" alt=\"\" srcset=\"https:\/\/csuca.org\/wp-content\/uploads\/2025\/06\/AFICHE-45CR-682x1024.jpg 682w, https:\/\/csuca.org\/wp-content\/uploads\/2025\/06\/AFICHE-45CR-333x500.jpg 333w, https:\/\/csuca.org\/wp-content\/uploads\/2025\/06\/AFICHE-45CR-768x1152.jpg 768w, https:\/\/csuca.org\/wp-content\/uploads\/2025\/06\/AFICHE-45CR-1024x1536.jpg 1024w, https:\/\/csuca.org\/wp-content\/uploads\/2025\/06\/AFICHE-45CR-8x12.jpg 8w, https:\/\/csuca.org\/wp-content\/uploads\/2025\/06\/AFICHE-45CR-1200x1800.jpg 1200w, https:\/\/csuca.org\/wp-content\/uploads\/2025\/06\/AFICHE-45CR.jpg 1333w\" sizes=\"(max-width: 682px) 85vw, 682px\" \/>\t\t\t\t\t\t\t\t\t\t\t\t\t\t\t<\/div>\n\t\t\t\t<\/div>\n\t\t\t\t<div class=\"elementor-element elementor-element-9b0779b elementor-widget-divider--view-line elementor-widget elementor-widget-divider\" data-id=\"9b0779b\" data-element_type=\"widget\" data-e-type=\"widget\" data-widget_type=\"divider.default\">\n\t\t\t\t<div class=\"elementor-widget-container\">\n\t\t\t\t\t\t\t<div class=\"elementor-divider\">\n\t\t\t<span class=\"elementor-divider-separator\">\n\t\t\t\t\t\t<\/span>\n\t\t<\/div>\n\t\t\t\t\t\t<\/div>\n\t\t\t\t<\/div>\n\t\t\t\t\t<\/div>\n\t\t<\/div>\n\t\t\t\t\t<\/div>\n\t\t<\/section>\n\t\t\t\t<section class=\"elementor-section elementor-top-section elementor-element elementor-element-5213b30 elementor-section-boxed elementor-section-height-default elementor-section-height-default\" data-id=\"5213b30\" data-element_type=\"section\" data-e-type=\"section\">\n\t\t\t\t\t\t<div class=\"elementor-container elementor-column-gap-default\">\n\t\t\t\t\t<div class=\"elementor-column elementor-col-50 elementor-top-column elementor-element elementor-element-c03bc1c\" data-id=\"c03bc1c\" data-element_type=\"column\" data-e-type=\"column\">\n\t\t\t<div class=\"elementor-widget-wrap elementor-element-populated\">\n\t\t\t\t\t\t<div class=\"elementor-element elementor-element-f0b978a elementor-widget elementor-widget-heading\" data-id=\"f0b978a\" data-element_type=\"widget\" data-e-type=\"widget\" data-widget_type=\"heading.default\">\n\t\t\t\t<div class=\"elementor-widget-container\">\n\t\t\t\t\t<h2 class=\"elementor-heading-title elementor-size-default\">Publicaciones Indexadas<\/h2>\t\t\t\t<\/div>\n\t\t\t\t<\/div>\n\t\t\t\t\t<\/div>\n\t\t<\/div>\n\t\t\t\t<div class=\"elementor-column elementor-col-50 elementor-top-column elementor-element elementor-element-884eba5\" data-id=\"884eba5\" data-element_type=\"column\" data-e-type=\"column\">\n\t\t\t<div class=\"elementor-widget-wrap elementor-element-populated\">\n\t\t\t\t\t\t<div class=\"elementor-element elementor-element-bf06111 elementor-widget elementor-widget-heading\" data-id=\"bf06111\" data-element_type=\"widget\" data-e-type=\"widget\" data-widget_type=\"heading.default\">\n\t\t\t\t<div class=\"elementor-widget-container\">\n\t\t\t\t\t<h2 class=\"elementor-heading-title elementor-size-default\">Literatura Gris<\/h2>\t\t\t\t<\/div>\n\t\t\t\t<\/div>\n\t\t\t\t\t<\/div>\n\t\t<\/div>\n\t\t\t\t\t<\/div>\n\t\t<\/section>\n\t\t\t\t<section class=\"elementor-section elementor-top-section elementor-element elementor-element-0dc1b60 elementor-section-boxed elementor-section-height-default elementor-section-height-default\" data-id=\"0dc1b60\" data-element_type=\"section\" data-e-type=\"section\">\n\t\t\t\t\t\t<div class=\"elementor-container elementor-column-gap-default\">\n\t\t\t\t\t<div class=\"elementor-column elementor-col-50 elementor-top-column elementor-element elementor-element-bb08ae7\" data-id=\"bb08ae7\" data-element_type=\"column\" data-e-type=\"column\">\n\t\t\t<div class=\"elementor-widget-wrap elementor-element-populated\">\n\t\t\t\t\t\t<div class=\"elementor-element elementor-element-fe800be elementor-widget elementor-widget-heading\" data-id=\"fe800be\" data-element_type=\"widget\" data-e-type=\"widget\" data-widget_type=\"heading.default\">\n\t\t\t\t<div class=\"elementor-widget-container\">\n\t\t\t\t\t<h2 class=\"elementor-heading-title elementor-size-default\">Actividades Realizadas<\/h2>\t\t\t\t<\/div>\n\t\t\t\t<\/div>\n\t\t\t\t\t<\/div>\n\t\t<\/div>\n\t\t\t\t<div class=\"elementor-column elementor-col-50 elementor-top-column elementor-element elementor-element-bc084a2\" data-id=\"bc084a2\" data-element_type=\"column\" data-e-type=\"column\">\n\t\t\t<div class=\"elementor-widget-wrap elementor-element-populated\">\n\t\t\t\t\t\t<div class=\"elementor-element elementor-element-694f8eb elementor-widget elementor-widget-heading\" data-id=\"694f8eb\" data-element_type=\"widget\" data-e-type=\"widget\" data-widget_type=\"heading.default\">\n\t\t\t\t<div class=\"elementor-widget-container\">\n\t\t\t\t\t<h2 class=\"elementor-heading-title elementor-size-default\">Pr\u00f3ximas Actividades<\/h2>\t\t\t\t<\/div>\n\t\t\t\t<\/div>\n\t\t\t\t\t<\/div>\n\t\t<\/div>\n\t\t\t\t\t<\/div>\n\t\t<\/section>\n\t\t\t\t<section class=\"elementor-section elementor-top-section elementor-element elementor-element-244aa98 elementor-section-boxed elementor-section-height-default elementor-section-height-default\" data-id=\"244aa98\" data-element_type=\"section\" data-e-type=\"section\">\n\t\t\t\t\t\t<div class=\"elementor-container elementor-column-gap-default\">\n\t\t\t\t\t<div class=\"elementor-column elementor-col-100 elementor-top-column elementor-element elementor-element-ab96cca\" data-id=\"ab96cca\" data-element_type=\"column\" data-e-type=\"column\">\n\t\t\t<div class=\"elementor-widget-wrap elementor-element-populated\">\n\t\t\t\t\t\t<div class=\"elementor-element elementor-element-d812b14 elementor-widget elementor-widget-heading\" data-id=\"d812b14\" data-element_type=\"widget\" data-e-type=\"widget\" data-widget_type=\"heading.default\">\n\t\t\t\t<div class=\"elementor-widget-container\">\n\t\t\t\t\t<h2 class=\"elementor-heading-title elementor-size-default\">Informes<\/h2>\t\t\t\t<\/div>\n\t\t\t\t<\/div>\n\t\t\t\t<div class=\"elementor-element elementor-element-7fe35b4 elementor-widget elementor-widget-shortcode\" data-id=\"7fe35b4\" data-element_type=\"widget\" data-e-type=\"widget\" data-widget_type=\"shortcode.default\">\n\t\t\t\t<div class=\"elementor-widget-container\">\n\t\t\t\t\t\t\t<div class=\"elementor-shortcode\"><div class='w3eden'><!-- WPDM Link Template: Default Template -->\n\n<div class=\"link-template-default card mb-2\">\n    <div class=\"card-body\">\n        <div class=\"media\">\n            <div class=\"mr-3 img-48\"><img decoding=\"async\" class=\"wpdm_icon\" alt=\"Icon\"   src=\"https:\/\/csuca.org\/wp-content\/plugins\/download-manager\/assets\/file-type-icons\/xls.png\" \/><\/div>\n            <div class=\"media-body\">\n                <h3 class=\"package-title\"><a href='https:\/\/csuca.org\/en\/download\/primer-informe-de-seguimiento-2\/'>Primer informe de seguimiento<\/a><\/h3>\n                <div class=\"text-muted text-small\"><i class=\"fas fa-copy\"><\/i> 1 file(s) <i class=\"fas fa-hdd ml-3\"><\/i> 187.41 KB<\/div>\n            <\/div>\n            <div class=\"ml-3\">\n                <a class='wpdm-download-link download-on-click btn btn-primary' rel='nofollow' href='#' data-downloadurl=\"https:\/\/csuca.org\/en\/download\/primer-informe-de-seguimiento-2\/?wpdmdl=9617&refresh=69dcb854dec271776072788\">Download<\/a>\n            <\/div>\n        <\/div>\n    <\/div>\n<\/div>\n\n<\/div>\n<div class='w3eden'><!-- WPDM Link Template: Default Template -->\n\n<div class=\"link-template-default card mb-2\">\n    <div class=\"card-body\">\n        <div class=\"media\">\n            <div class=\"mr-3 img-48\"><img decoding=\"async\" class=\"wpdm_icon\" alt=\"Icon\"   src=\"https:\/\/csuca.org\/wp-content\/plugins\/download-manager\/assets\/file-type-icons\/xls.png\" \/><\/div>\n            <div class=\"media-body\">\n                <h3 class=\"package-title\"><a href='https:\/\/csuca.org\/en\/download\/segundo-informe-de-seguimiento-2\/'>Segundo informe de seguimiento<\/a><\/h3>\n                <div class=\"text-muted text-small\"><i class=\"fas fa-copy\"><\/i> 1 file(s) <i class=\"fas fa-hdd ml-3\"><\/i> 185.90 KB<\/div>\n            <\/div>\n            <div class=\"ml-3\">\n                <a class='wpdm-download-link download-on-click btn btn-primary' rel='nofollow' href='#' data-downloadurl=\"https:\/\/csuca.org\/en\/download\/segundo-informe-de-seguimiento-2\/?wpdmdl=9618&refresh=69dcb854e35b31776072788\">Download<\/a>\n            <\/div>\n        <\/div>\n    <\/div>\n<\/div>\n\n<\/div>\n<div class='w3eden'><!-- WPDM Link Template: Default Template -->\n\n<div class=\"link-template-default card mb-2\">\n    <div class=\"card-body\">\n        <div class=\"media\">\n            <div class=\"mr-3 img-48\"><img decoding=\"async\" class=\"wpdm_icon\" alt=\"Icon\"   src=\"https:\/\/csuca.org\/wp-content\/plugins\/download-manager\/assets\/file-type-icons\/xls.png\" \/><\/div>\n            <div class=\"media-body\">\n                <h3 class=\"package-title\"><a href='https:\/\/csuca.org\/en\/download\/tercer-informe-de-seguimiento-2\/'>Tercer informe de seguimiento<\/a><\/h3>\n                <div class=\"text-muted text-small\"><i class=\"fas fa-copy\"><\/i> 1 file(s) <i class=\"fas fa-hdd ml-3\"><\/i> 185.69 KB<\/div>\n            <\/div>\n            <div class=\"ml-3\">\n                <a class='wpdm-download-link download-on-click btn btn-primary' rel='nofollow' href='#' data-downloadurl=\"https:\/\/csuca.org\/en\/download\/tercer-informe-de-seguimiento-2\/?wpdmdl=9619&refresh=69dcb854e68171776072788\">Download<\/a>\n            <\/div>\n        <\/div>\n    <\/div>\n<\/div>\n\n<\/div>\n<div class='w3eden'><!-- WPDM Link Template: Default Template -->\n\n<div class=\"link-template-default card mb-2\">\n    <div class=\"card-body\">\n        <div class=\"media\">\n            <div class=\"mr-3 img-48\"><img decoding=\"async\" class=\"wpdm_icon\" alt=\"Icon\"   src=\"https:\/\/csuca.org\/wp-content\/plugins\/download-manager\/assets\/file-type-icons\/xls.png\" \/><\/div>\n            <div class=\"media-body\">\n                <h3 class=\"package-title\"><a href='https:\/\/csuca.org\/en\/download\/cuarto-informe-de-seguimiento\/'>Cuarto informe de seguimiento<\/a><\/h3>\n                <div class=\"text-muted text-small\"><i class=\"fas fa-copy\"><\/i> 1 file(s) <i class=\"fas fa-hdd ml-3\"><\/i> 185.69 KB<\/div>\n            <\/div>\n            <div class=\"ml-3\">\n                <a class='wpdm-download-link download-on-click btn btn-primary' rel='nofollow' href='#' data-downloadurl=\"https:\/\/csuca.org\/en\/download\/cuarto-informe-de-seguimiento\/?wpdmdl=9620&refresh=69dcb854e969f1776072788\">Download<\/a>\n            <\/div>\n        <\/div>\n    <\/div>\n<\/div>\n\n<\/div>\n<div class='w3eden'><!-- WPDM Link Template: Default Template -->\n\n<div class=\"link-template-default card mb-2\">\n    <div class=\"card-body\">\n        <div class=\"media\">\n            <div class=\"mr-3 img-48\"><img decoding=\"async\" class=\"wpdm_icon\" alt=\"Icon\"   src=\"https:\/\/csuca.org\/wp-content\/plugins\/download-manager\/assets\/file-type-icons\/pdf.png\" \/><\/div>\n            <div class=\"media-body\">\n                <h3 class=\"package-title\"><a href='https:\/\/csuca.org\/en\/download\/informe-avance-febrero-2024\/'>Informe avance febrero 2024<\/a><\/h3>\n                <div class=\"text-muted text-small\"><i class=\"fas fa-copy\"><\/i> 1 file(s) <i class=\"fas fa-hdd ml-3\"><\/i> 6.27 MB<\/div>\n            <\/div>\n            <div class=\"ml-3\">\n                <a class='wpdm-download-link download-on-click btn btn-primary' rel='nofollow' href='#' data-downloadurl=\"https:\/\/csuca.org\/en\/download\/informe-avance-febrero-2024\/?wpdmdl=9621&refresh=69dcb854ec7221776072788\">Download<\/a>\n            <\/div>\n        <\/div>\n    <\/div>\n<\/div>\n\n<\/div>\n<div class='w3eden'><!-- WPDM Link Template: Default Template -->\n\n<div class=\"link-template-default card mb-2\">\n    <div class=\"card-body\">\n        <div class=\"media\">\n            <div class=\"mr-3 img-48\"><img decoding=\"async\" class=\"wpdm_icon\" alt=\"Icon\"   src=\"https:\/\/csuca.org\/wp-content\/plugins\/download-manager\/assets\/file-type-icons\/pdf.png\" \/><\/div>\n            <div class=\"media-body\">\n                <h3 class=\"package-title\"><a href='https:\/\/csuca.org\/en\/download\/proyecto-45-cr_cocecar\/'>Proyecto 45 CR_CoCeCAR<\/a><\/h3>\n                <div class=\"text-muted text-small\"><i class=\"fas fa-copy\"><\/i> 1 file(s) <i class=\"fas fa-hdd ml-3\"><\/i> 1.95 MB<\/div>\n            <\/div>\n            <div class=\"ml-3\">\n                <a class='wpdm-download-link download-on-click btn btn-primary' rel='nofollow' href='#' data-downloadurl=\"https:\/\/csuca.org\/en\/download\/proyecto-45-cr_cocecar\/?wpdmdl=9622&refresh=69dcb854ef44b1776072788\">Download<\/a>\n            <\/div>\n        <\/div>\n    <\/div>\n<\/div>\n\n<\/div>\n<div class='w3eden'><!-- WPDM Link Template: Default Template -->\n\n<div class=\"link-template-default card mb-2\">\n    <div class=\"card-body\">\n        <div class=\"media\">\n            <div class=\"mr-3 img-48\"><img decoding=\"async\" class=\"wpdm_icon\" alt=\"Icon\"   src=\"https:\/\/csuca.org\/wp-content\/plugins\/download-manager\/assets\/file-type-icons\/pdf.png\" \/><\/div>\n            <div class=\"media-body\">\n                <h3 class=\"package-title\"><a href='https:\/\/csuca.org\/en\/download\/proyecto-45-cr_cocecar-2\/'>Proyecto 45-CR_CoCeCAR<\/a><\/h3>\n                <div class=\"text-muted text-small\"><i class=\"fas fa-copy\"><\/i> 1 file(s) <i class=\"fas fa-hdd ml-3\"><\/i> 4.24 MB<\/div>\n            <\/div>\n            <div class=\"ml-3\">\n                <a class='wpdm-download-link download-on-click btn btn-primary' rel='nofollow' href='#' data-downloadurl=\"https:\/\/csuca.org\/en\/download\/proyecto-45-cr_cocecar-2\/?wpdmdl=9623&refresh=69dcb854f24a81776072788\">Download<\/a>\n            <\/div>\n        <\/div>\n    <\/div>\n<\/div>\n\n<\/div><\/div>\n\t\t\t\t\t\t<\/div>\n\t\t\t\t<\/div>\n\t\t\t\t\t<\/div>\n\t\t<\/div>\n\t\t\t\t\t<\/div>\n\t\t<\/section>\n\t\t\t\t<\/div>","protected":false},"excerpt":{"rendered":"<p>Consorcio Centroamericano de Computaci\u00f3n de Alto Rendimiento para Aplicaciones Socio-ambientales: hacia la inclusi\u00f3n en ciencia de mujeres y grupos originarios de la regi\u00f3n OBJETIVO GENERALConstituir una red de personas investigadoras centroamericanas en computaci\u00f3n de alto rendimiento y sus aplicaciones socio-ambientales para potenciar la inclusi\u00f3n cient\u00edfica femenina y de grupos originarios de la regi\u00f3n. INSTITUCI\u00d3N L\u00cdDERCentro &hellip; <a href=\"https:\/\/csuca.org\/en\/idrc-45cr\/\" class=\"more-link\">Continue reading<span class=\"screen-reader-text\"> &#8220;IDRC 45CR&#8221;<\/span><\/a><\/p>","protected":false},"author":4,"featured_media":0,"parent":0,"menu_order":0,"comment_status":"closed","ping_status":"closed","template":"","meta":{"footnotes":""},"class_list":["post-6930","page","type-page","status-publish","hentry"],"_links":{"self":[{"href":"https:\/\/csuca.org\/en\/wp-json\/wp\/v2\/pages\/6930","targetHints":{"allow":["GET"]}}],"collection":[{"href":"https:\/\/csuca.org\/en\/wp-json\/wp\/v2\/pages"}],"about":[{"href":"https:\/\/csuca.org\/en\/wp-json\/wp\/v2\/types\/page"}],"author":[{"embeddable":true,"href":"https:\/\/csuca.org\/en\/wp-json\/wp\/v2\/users\/4"}],"replies":[{"embeddable":true,"href":"https:\/\/csuca.org\/en\/wp-json\/wp\/v2\/comments?post=6930"}],"version-history":[{"count":19,"href":"https:\/\/csuca.org\/en\/wp-json\/wp\/v2\/pages\/6930\/revisions"}],"predecessor-version":[{"id":9626,"href":"https:\/\/csuca.org\/en\/wp-json\/wp\/v2\/pages\/6930\/revisions\/9626"}],"wp:attachment":[{"href":"https:\/\/csuca.org\/en\/wp-json\/wp\/v2\/media?parent=6930"}],"curies":[{"name":"wp","href":"https:\/\/api.w.org\/{rel}","templated":true}]}}