{"id":1414,"date":"2019-12-10T10:31:03","date_gmt":"2019-12-10T10:31:03","guid":{"rendered":"https:\/\/nuevo.csuca.org\/?page_id=1414"},"modified":"2022-02-14T18:07:48","modified_gmt":"2022-02-14T18:07:48","slug":"presentacioninstitucional","status":"publish","type":"page","link":"https:\/\/csuca.org\/es\/presentacioninstitucional\/","title":{"rendered":"presentacioninstitucional"},"content":{"rendered":"\t\t<div data-elementor-type=\"wp-page\" data-elementor-id=\"1414\" class=\"elementor elementor-1414\">\n\t\t\t\t\t\t<section class=\"elementor-section elementor-top-section elementor-element elementor-element-7d446dfc elementor-section-stretched lt-about elementor-section-boxed elementor-section-height-default elementor-section-height-default\" data-id=\"7d446dfc\" data-element_type=\"section\" data-e-type=\"section\" id=\"lt-about\" data-settings=\"{&quot;stretch_section&quot;:&quot;section-stretched&quot;,&quot;background_background&quot;:&quot;classic&quot;}\">\n\t\t\t\t\t\t<div class=\"elementor-container elementor-column-gap-default\">\n\t\t\t\t\t<div class=\"elementor-column elementor-col-50 elementor-top-column elementor-element elementor-element-d98510d lt-about-item\" data-id=\"d98510d\" data-element_type=\"column\" data-e-type=\"column\">\n\t\t\t<div class=\"elementor-widget-wrap elementor-element-populated\">\n\t\t\t\t\t\t<div class=\"elementor-element elementor-element-78ccd86c elementor-widget elementor-widget-heading\" data-id=\"78ccd86c\" data-element_type=\"widget\" data-e-type=\"widget\" data-widget_type=\"heading.default\">\n\t\t\t\t<div class=\"elementor-widget-container\">\n\t\t\t\t\t<h2 class=\"elementor-heading-title elementor-size-default\"><b>BIENVENIDA<\/b>\n<\/h2>\t\t\t\t<\/div>\n\t\t\t\t<\/div>\n\t\t\t\t<div class=\"elementor-element elementor-element-9aaf3ac elementor-widget elementor-widget-text-editor\" data-id=\"9aaf3ac\" data-element_type=\"widget\" data-e-type=\"widget\" data-widget_type=\"text-editor.default\">\n\t\t\t\t<div class=\"elementor-widget-container\">\n\t\t\t\t\t\t\t\t\t<p>En nombre de la<b> Secretar\u00eda General del Consejo Superior Universitario Centroamericano CSUCA<\/b>, le damos una cordial bienvenida a nuestro sitio web.Esperamos que su visita a este portal le sea de utilidad y pueda encontrar la informaci\u00f3n que necesita.\n<\/p>\n<p>En este sitio podr\u00e1 generar una comunicaci\u00f3n m\u00e1s interactiva con la comunidad universitaria de la regi\u00f3n Centroamericana y Rep\u00fablica Dominicana; al igual que en otras regiones del mundo. El CSUCA tiene como objetivos estrat\u00e9gicos contribuir a la integraci\u00f3n y el fortalecimiento de la Educaci\u00f3n Superior en la Regi\u00f3n Centroamericana, fortaleciendo el desarrollo institucional de las Universidades P\u00fablicas de Centroam\u00e9rica en el marco de la Autonom\u00eda Universitaria. Promoviendo la internacionalizaci\u00f3n de las universidades e impulsando cambios e innovaciones acad\u00e9micas acorde con las necesidades de los pa\u00edses de la regi\u00f3n frente a los desaf\u00edos del siglo XXI.<\/p>\n<p>Por lo que considero pertinente, expresarles que la Confederaci\u00f3n Universitaria Centroamericana, es la organizaci\u00f3n de integraci\u00f3n regional de los sistemas p\u00fablicos de Educaci\u00f3n Superior de los pa\u00edses del Sistema de la Integraci\u00f3n Centroamericana (SICA), que promueve el desarrollo de las universidades a trav\u00e9s de la cooperaci\u00f3n y el trabajo conjunto con la sociedad y el Estado.&nbsp; Cuya m\u00edstica de trabajo se desarrolla para el abordaje integral de los problemas regionales y de sus propuestas de soluci\u00f3n, actuando en un marco de compromiso, solidaridad, tolerancia, transparencia y equidad. De igual forma propicia el desarrollo del conocimiento cient\u00edfico, tecnol\u00f3gico y human\u00edstico, impulsando la formaci\u00f3n de profesionales con criterio y capaces de tomar decisiones e incidir en el desarrollo sostenible de la regi\u00f3n.<\/p>\n<p>Dr. Carlos Alvarado Cerezo. Secretario General CSUCA. Esperamos encontrarle en nuestro sitio frecuentemente, o contar con su visita en cualquiera de nuestros campus universitarios o en la Secretar\u00eda General del CSUCA. Le reiteramos nuestro saludo de bienvenida.<\/p>\t\t\t\t\t\t\t\t<\/div>\n\t\t\t\t<\/div>\n\t\t\t\t\t<\/div>\n\t\t<\/div>\n\t\t\t\t<div class=\"elementor-column elementor-col-50 elementor-top-column elementor-element elementor-element-9640cba lt-about-item\" data-id=\"9640cba\" data-element_type=\"column\" data-e-type=\"column\">\n\t\t\t<div class=\"elementor-widget-wrap elementor-element-populated\">\n\t\t\t\t\t\t<section class=\"elementor-section elementor-inner-section elementor-element elementor-element-b3020f4 elementor-section-boxed elementor-section-height-default elementor-section-height-default\" data-id=\"b3020f4\" data-element_type=\"section\" data-e-type=\"section\">\n\t\t\t\t\t\t<div class=\"elementor-container elementor-column-gap-default\">\n\t\t\t\t\t<div class=\"elementor-column elementor-col-100 elementor-inner-column elementor-element elementor-element-5ad0777\" data-id=\"5ad0777\" data-element_type=\"column\" data-e-type=\"column\">\n\t\t\t<div class=\"elementor-widget-wrap elementor-element-populated\">\n\t\t\t\t\t\t<div class=\"elementor-element elementor-element-0d2b275 elementor-widget elementor-widget-image\" data-id=\"0d2b275\" data-element_type=\"widget\" data-e-type=\"widget\" data-widget_type=\"image.default\">\n\t\t\t\t<div class=\"elementor-widget-container\">\n\t\t\t\t\t\t\t\t\t\t\t\t\t\t\t<img fetchpriority=\"high\" decoding=\"async\" width=\"441\" height=\"473\" src=\"https:\/\/csuca.org\/wp-content\/uploads\/2022\/01\/FOTOBIENVENIDA.png\" class=\"attachment-large size-large wp-image-2188\" alt=\"\" \/>\t\t\t\t\t\t\t\t\t\t\t\t\t\t\t<\/div>\n\t\t\t\t<\/div>\n\t\t\t\t<div class=\"elementor-element elementor-element-81b3c58 elementor-widget elementor-widget-spacer\" data-id=\"81b3c58\" data-element_type=\"widget\" data-e-type=\"widget\" data-widget_type=\"spacer.default\">\n\t\t\t\t<div class=\"elementor-widget-container\">\n\t\t\t\t\t\t\t<div class=\"elementor-spacer\">\n\t\t\t<div class=\"elementor-spacer-inner\"><\/div>\n\t\t<\/div>\n\t\t\t\t\t\t<\/div>\n\t\t\t\t<\/div>\n\t\t\t\t<div class=\"elementor-element elementor-element-9349952 elementor-widget elementor-widget-spacer\" data-id=\"9349952\" data-element_type=\"widget\" data-e-type=\"widget\" data-widget_type=\"spacer.default\">\n\t\t\t\t<div class=\"elementor-widget-container\">\n\t\t\t\t\t\t\t<div class=\"elementor-spacer\">\n\t\t\t<div class=\"elementor-spacer-inner\"><\/div>\n\t\t<\/div>\n\t\t\t\t\t\t<\/div>\n\t\t\t\t<\/div>\n\t\t\t\t<div class=\"elementor-element elementor-element-9f64f00 elementor-widget elementor-widget-image\" data-id=\"9f64f00\" data-element_type=\"widget\" data-e-type=\"widget\" data-widget_type=\"image.default\">\n\t\t\t\t<div class=\"elementor-widget-container\">\n\t\t\t\t\t\t\t\t\t\t\t\t\t\t\t<img decoding=\"async\" width=\"340\" height=\"243\" src=\"https:\/\/csuca.org\/wp-content\/uploads\/2022\/01\/formasbienvenida.png\" class=\"attachment-medium size-medium wp-image-2190\" alt=\"\" \/>\t\t\t\t\t\t\t\t\t\t\t\t\t\t\t<\/div>\n\t\t\t\t<\/div>\n\t\t\t\t\t<\/div>\n\t\t<\/div>\n\t\t\t\t\t<\/div>\n\t\t<\/section>\n\t\t\t\t\t<\/div>\n\t\t<\/div>\n\t\t\t\t\t<\/div>\n\t\t<\/section>\n\t\t\t\t<section class=\"elementor-section elementor-top-section elementor-element elementor-element-22316a74 elementor-section-stretched elementor-section-boxed elementor-section-height-default elementor-section-height-default\" data-id=\"22316a74\" data-element_type=\"section\" data-e-type=\"section\" data-settings=\"{&quot;stretch_section&quot;:&quot;section-stretched&quot;,&quot;background_background&quot;:&quot;classic&quot;}\">\n\t\t\t\t\t\t<div class=\"elementor-container elementor-column-gap-default\">\n\t\t\t\t\t<div class=\"elementor-column elementor-col-100 elementor-top-column elementor-element elementor-element-7cea510a\" data-id=\"7cea510a\" data-element_type=\"column\" data-e-type=\"column\">\n\t\t\t<div class=\"elementor-widget-wrap elementor-element-populated\">\n\t\t\t\t\t\t<div class=\"elementor-element elementor-element-eadb25f elementor-widget elementor-widget-heading\" data-id=\"eadb25f\" data-element_type=\"widget\" data-e-type=\"widget\" data-widget_type=\"heading.default\">\n\t\t\t\t<div class=\"elementor-widget-container\">\n\t\t\t\t\t<h1 class=\"elementor-heading-title elementor-size-default\"><b>Universidades Miembros<\/b><\/h1>\t\t\t\t<\/div>\n\t\t\t\t<\/div>\n\t\t\t\t<div class=\"elementor-element elementor-element-08cc7c4 elementor-widget elementor-widget-spacer\" data-id=\"08cc7c4\" data-element_type=\"widget\" data-e-type=\"widget\" data-widget_type=\"spacer.default\">\n\t\t\t\t<div class=\"elementor-widget-container\">\n\t\t\t\t\t\t\t<div class=\"elementor-spacer\">\n\t\t\t<div class=\"elementor-spacer-inner\"><\/div>\n\t\t<\/div>\n\t\t\t\t\t\t<\/div>\n\t\t\t\t<\/div>\n\t\t\t\t<div class=\"elementor-element elementor-element-0e9cbfe elementor-arrows-position-inside elementor-widget elementor-widget-image-carousel\" data-id=\"0e9cbfe\" data-element_type=\"widget\" data-e-type=\"widget\" data-settings=\"{&quot;slides_to_show&quot;:&quot;6&quot;,&quot;navigation&quot;:&quot;arrows&quot;,&quot;speed&quot;:518,&quot;image_spacing_custom&quot;:{&quot;unit&quot;:&quot;px&quot;,&quot;size&quot;:31,&quot;sizes&quot;:[]},&quot;autoplay&quot;:&quot;yes&quot;,&quot;pause_on_hover&quot;:&quot;yes&quot;,&quot;pause_on_interaction&quot;:&quot;yes&quot;,&quot;autoplay_speed&quot;:5000,&quot;infinite&quot;:&quot;yes&quot;,&quot;image_spacing_custom_tablet&quot;:{&quot;unit&quot;:&quot;px&quot;,&quot;size&quot;:&quot;&quot;,&quot;sizes&quot;:[]},&quot;image_spacing_custom_mobile&quot;:{&quot;unit&quot;:&quot;px&quot;,&quot;size&quot;:&quot;&quot;,&quot;sizes&quot;:[]}}\" data-widget_type=\"image-carousel.default\">\n\t\t\t\t<div class=\"elementor-widget-container\">\n\t\t\t\t\t\t\t<div class=\"elementor-image-carousel-wrapper swiper\" role=\"region\" aria-roledescription=\"carousel\" aria-label=\"Carrusel de im\u00e1genes\" dir=\"ltr\">\n\t\t\t<div class=\"elementor-image-carousel swiper-wrapper\" aria-live=\"off\">\n\t\t\t\t\t\t\t\t<div class=\"swiper-slide\" role=\"group\" aria-roledescription=\"slide\" aria-label=\"1 de 24\"><figure class=\"swiper-slide-inner\"><img decoding=\"async\" class=\"swiper-slide-image\" src=\"https:\/\/csuca.org\/wp-content\/uploads\/2022\/02\/USAC2.png\" alt=\"USAC2\" \/><\/figure><\/div><div class=\"swiper-slide\" role=\"group\" aria-roledescription=\"slide\" aria-label=\"2 de 24\"><figure class=\"swiper-slide-inner\"><img decoding=\"async\" class=\"swiper-slide-image\" src=\"https:\/\/csuca.org\/wp-content\/uploads\/2022\/02\/ubpp-1.png\" alt=\"ubpp\" \/><\/figure><\/div><div class=\"swiper-slide\" role=\"group\" aria-roledescription=\"slide\" aria-label=\"3 de 24\"><figure class=\"swiper-slide-inner\"><img decoding=\"async\" class=\"swiper-slide-image\" src=\"https:\/\/csuca.org\/wp-content\/uploads\/2022\/02\/UES2-2.png\" alt=\"UES2\" \/><\/figure><\/div><div class=\"swiper-slide\" role=\"group\" aria-roledescription=\"slide\" aria-label=\"4 de 24\"><figure class=\"swiper-slide-inner\"><img decoding=\"async\" class=\"swiper-slide-image\" src=\"https:\/\/csuca.org\/wp-content\/uploads\/2022\/02\/UNAHq.png\" alt=\"UNAHq\" \/><\/figure><\/div><div class=\"swiper-slide\" role=\"group\" aria-roledescription=\"slide\" aria-label=\"5 de 24\"><figure class=\"swiper-slide-inner\"><img decoding=\"async\" class=\"swiper-slide-image\" src=\"https:\/\/csuca.org\/wp-content\/uploads\/2022\/02\/UPNFMq-2.png\" alt=\"UPNFMq\" \/><\/figure><\/div><div class=\"swiper-slide\" role=\"group\" aria-roledescription=\"slide\" aria-label=\"6 de 24\"><figure class=\"swiper-slide-inner\"><img decoding=\"async\" class=\"swiper-slide-image\" src=\"https:\/\/csuca.org\/wp-content\/uploads\/2022\/02\/UNAGq.png\" alt=\"UNAGq\" \/><\/figure><\/div><div class=\"swiper-slide\" role=\"group\" aria-roledescription=\"slide\" aria-label=\"7 de 24\"><figure class=\"swiper-slide-inner\"><img decoding=\"async\" class=\"swiper-slide-image\" src=\"https:\/\/csuca.org\/wp-content\/uploads\/2022\/02\/UNACIFORq-3.png\" alt=\"UNACIFORq\" \/><\/figure><\/div><div class=\"swiper-slide\" role=\"group\" aria-roledescription=\"slide\" aria-label=\"8 de 24\"><figure class=\"swiper-slide-inner\"><img decoding=\"async\" class=\"swiper-slide-image\" src=\"https:\/\/csuca.org\/wp-content\/uploads\/2022\/02\/LOGO-UNAN-CON-LEYENDA-1812q-1.png\" alt=\"LOGO UNAN CON LEYENDA 1812q\" \/><\/figure><\/div><div class=\"swiper-slide\" role=\"group\" aria-roledescription=\"slide\" aria-label=\"9 de 24\"><figure class=\"swiper-slide-inner\"><img decoding=\"async\" class=\"swiper-slide-image\" src=\"https:\/\/csuca.org\/wp-content\/uploads\/2022\/02\/UNAN-MANAGUA-TEXTOq.png\" alt=\"UNAN MANAGUA TEXTOq\" \/><\/figure><\/div><div class=\"swiper-slide\" role=\"group\" aria-roledescription=\"slide\" aria-label=\"10 de 24\"><figure class=\"swiper-slide-inner\"><img decoding=\"async\" class=\"swiper-slide-image\" src=\"https:\/\/csuca.org\/wp-content\/uploads\/2022\/02\/UNIq-1.png\" alt=\"UNIq\" \/><\/figure><\/div><div class=\"swiper-slide\" role=\"group\" aria-roledescription=\"slide\" aria-label=\"11 de 24\"><figure class=\"swiper-slide-inner\"><img decoding=\"async\" class=\"swiper-slide-image\" src=\"https:\/\/csuca.org\/wp-content\/uploads\/2022\/02\/UNA-NICARAGUAq-4.png\" alt=\"UNA-NICARAGUAq\" \/><\/figure><\/div><div class=\"swiper-slide\" role=\"group\" aria-roledescription=\"slide\" aria-label=\"12 de 24\"><figure class=\"swiper-slide-inner\"><img decoding=\"async\" class=\"swiper-slide-image\" src=\"https:\/\/csuca.org\/wp-content\/uploads\/2022\/02\/BICUp.png\" alt=\"BICUp\" \/><\/figure><\/div><div class=\"swiper-slide\" role=\"group\" aria-roledescription=\"slide\" aria-label=\"13 de 24\"><figure class=\"swiper-slide-inner\"><img decoding=\"async\" class=\"swiper-slide-image\" src=\"https:\/\/csuca.org\/wp-content\/uploads\/2022\/02\/URACCANq.png\" alt=\"URACCANq\" \/><\/figure><\/div><div class=\"swiper-slide\" role=\"group\" aria-roledescription=\"slide\" aria-label=\"14 de 24\"><figure class=\"swiper-slide-inner\"><img decoding=\"async\" class=\"swiper-slide-image\" src=\"https:\/\/csuca.org\/wp-content\/uploads\/2022\/02\/UCRp.png\" alt=\"UCRp\" \/><\/figure><\/div><div class=\"swiper-slide\" role=\"group\" aria-roledescription=\"slide\" aria-label=\"15 de 24\"><figure class=\"swiper-slide-inner\"><img decoding=\"async\" class=\"swiper-slide-image\" src=\"https:\/\/csuca.org\/wp-content\/uploads\/2022\/02\/UNA-CRp-1.png\" alt=\"UNA CRp\" \/><\/figure><\/div><div class=\"swiper-slide\" role=\"group\" aria-roledescription=\"slide\" aria-label=\"16 de 24\"><figure class=\"swiper-slide-inner\"><img decoding=\"async\" class=\"swiper-slide-image\" src=\"https:\/\/csuca.org\/wp-content\/uploads\/2022\/02\/TEC1.png\" alt=\"TEC1\" \/><\/figure><\/div><div class=\"swiper-slide\" role=\"group\" aria-roledescription=\"slide\" aria-label=\"17 de 24\"><figure class=\"swiper-slide-inner\"><img decoding=\"async\" class=\"swiper-slide-image\" src=\"https:\/\/csuca.org\/wp-content\/uploads\/2022\/02\/UNED-VERTICALp-1.png\" alt=\"UNED VERTICALp\" \/><\/figure><\/div><div class=\"swiper-slide\" role=\"group\" aria-roledescription=\"slide\" aria-label=\"18 de 24\"><figure class=\"swiper-slide-inner\"><img decoding=\"async\" class=\"swiper-slide-image\" src=\"https:\/\/csuca.org\/wp-content\/uploads\/2022\/02\/UTNp-1.png\" alt=\"UTNp\" \/><\/figure><\/div><div class=\"swiper-slide\" role=\"group\" aria-roledescription=\"slide\" aria-label=\"19 de 24\"><figure class=\"swiper-slide-inner\"><img decoding=\"async\" class=\"swiper-slide-image\" src=\"https:\/\/csuca.org\/wp-content\/uploads\/2022\/02\/UPp-1.png\" alt=\"UPp\" \/><\/figure><\/div><div class=\"swiper-slide\" role=\"group\" aria-roledescription=\"slide\" aria-label=\"20 de 24\"><figure class=\"swiper-slide-inner\"><img decoding=\"async\" class=\"swiper-slide-image\" src=\"https:\/\/csuca.org\/wp-content\/uploads\/2022\/02\/UNACHI.png\" alt=\"UNACHI\" \/><\/figure><\/div><div class=\"swiper-slide\" role=\"group\" aria-roledescription=\"slide\" aria-label=\"21 de 24\"><figure class=\"swiper-slide-inner\"><img decoding=\"async\" class=\"swiper-slide-image\" src=\"https:\/\/csuca.org\/wp-content\/uploads\/2022\/02\/UTPpp-1.png\" alt=\"UTPpp\" \/><\/figure><\/div><div class=\"swiper-slide\" role=\"group\" aria-roledescription=\"slide\" aria-label=\"22 de 24\"><figure class=\"swiper-slide-inner\"><img decoding=\"async\" class=\"swiper-slide-image\" src=\"https:\/\/csuca.org\/wp-content\/uploads\/2022\/02\/UDELASp.png\" alt=\"UDELASp\" \/><\/figure><\/div><div class=\"swiper-slide\" role=\"group\" aria-roledescription=\"slide\" aria-label=\"23 de 24\"><figure class=\"swiper-slide-inner\"><img decoding=\"async\" class=\"swiper-slide-image\" src=\"https:\/\/csuca.org\/wp-content\/uploads\/2022\/02\/UMIP-2p.png\" alt=\"UMIP-2p\" \/><\/figure><\/div><div class=\"swiper-slide\" role=\"group\" aria-roledescription=\"slide\" aria-label=\"24 de 24\"><figure class=\"swiper-slide-inner\"><img decoding=\"async\" class=\"swiper-slide-image\" src=\"https:\/\/csuca.org\/wp-content\/uploads\/2022\/02\/UASDp-2.png\" alt=\"UASDp\" \/><\/figure><\/div>\t\t\t<\/div>\n\t\t\t\t\t\t\t\t\t\t\t\t<div class=\"elementor-swiper-button elementor-swiper-button-prev\" role=\"button\" tabindex=\"0\">\n\t\t\t\t\t\t<i aria-hidden=\"true\" class=\"eicon-chevron-left\"><\/i>\t\t\t\t\t<\/div>\n\t\t\t\t\t<div class=\"elementor-swiper-button elementor-swiper-button-next\" role=\"button\" tabindex=\"0\">\n\t\t\t\t\t\t<i aria-hidden=\"true\" class=\"eicon-chevron-right\"><\/i>\t\t\t\t\t<\/div>\n\t\t\t\t\n\t\t\t\t\t\t\t\t\t<\/div>\n\t\t\t\t\t\t<\/div>\n\t\t\t\t<\/div>\n\t\t\t\t\t<\/div>\n\t\t<\/div>\n\t\t\t\t\t<\/div>\n\t\t<\/section>\n\t\t\t\t<\/div>\n\t\t","protected":false},"excerpt":{"rendered":"<p>BIENVENIDA En nombre de la Secretar\u00eda General del Consejo Superior Universitario Centroamericano CSUCA, le damos una cordial bienvenida a nuestro sitio web.Esperamos que su visita a este portal le sea de utilidad y pueda encontrar la informaci\u00f3n que necesita. En este sitio podr\u00e1 generar una comunicaci\u00f3n m\u00e1s interactiva con la comunidad universitaria de la regi\u00f3n &hellip; <a href=\"https:\/\/csuca.org\/es\/presentacioninstitucional\/\" class=\"more-link\">Continue reading<span class=\"screen-reader-text\"> &#8220;presentacioninstitucional&#8221;<\/span><\/a><\/p>\n","protected":false},"author":3,"featured_media":0,"parent":0,"menu_order":0,"comment_status":"closed","ping_status":"closed","template":"elementor_header_footer","meta":{"footnotes":""},"class_list":["post-1414","page","type-page","status-publish","hentry"],"_links":{"self":[{"href":"https:\/\/csuca.org\/es\/wp-json\/wp\/v2\/pages\/1414","targetHints":{"allow":["GET"]}}],"collection":[{"href":"https:\/\/csuca.org\/es\/wp-json\/wp\/v2\/pages"}],"about":[{"href":"https:\/\/csuca.org\/es\/wp-json\/wp\/v2\/types\/page"}],"author":[{"embeddable":true,"href":"https:\/\/csuca.org\/es\/wp-json\/wp\/v2\/users\/3"}],"replies":[{"embeddable":true,"href":"https:\/\/csuca.org\/es\/wp-json\/wp\/v2\/comments?post=1414"}],"version-history":[{"count":155,"href":"https:\/\/csuca.org\/es\/wp-json\/wp\/v2\/pages\/1414\/revisions"}],"predecessor-version":[{"id":4219,"href":"https:\/\/csuca.org\/es\/wp-json\/wp\/v2\/pages\/1414\/revisions\/4219"}],"wp:attachment":[{"href":"https:\/\/csuca.org\/es\/wp-json\/wp\/v2\/media?parent=1414"}],"curies":[{"name":"wp","href":"https:\/\/api.w.org\/{rel}","templated":true}]}}