{"id":3688,"date":"2022-02-07T18:21:21","date_gmt":"2022-02-07T18:21:21","guid":{"rendered":"https:\/\/nuevo.csuca.org\/?page_id=3688"},"modified":"2022-02-07T18:56:43","modified_gmt":"2022-02-07T18:56:43","slug":"eccbcm","status":"publish","type":"page","link":"https:\/\/csuca.org\/es\/eccbcm\/","title":{"rendered":"ECCBCM"},"content":{"rendered":"\t\t<div data-elementor-type=\"wp-page\" data-elementor-id=\"3688\" class=\"elementor elementor-3688\">\n\t\t\t\t\t\t<section class=\"elementor-section elementor-top-section elementor-element elementor-element-bae7f33 elementor-section-boxed elementor-section-height-default elementor-section-height-default\" data-id=\"bae7f33\" data-element_type=\"section\" data-e-type=\"section\">\n\t\t\t\t\t\t<div class=\"elementor-container elementor-column-gap-default\">\n\t\t\t\t\t<div class=\"elementor-column elementor-col-100 elementor-top-column elementor-element elementor-element-dbe40a2\" data-id=\"dbe40a2\" data-element_type=\"column\" data-e-type=\"column\">\n\t\t\t<div class=\"elementor-widget-wrap elementor-element-populated\">\n\t\t\t\t\t\t<section class=\"elementor-section elementor-inner-section elementor-element elementor-element-c6c1fde elementor-section-boxed elementor-section-height-default elementor-section-height-default\" data-id=\"c6c1fde\" data-element_type=\"section\" data-e-type=\"section\">\n\t\t\t\t\t\t<div class=\"elementor-container elementor-column-gap-default\">\n\t\t\t\t\t<div class=\"elementor-column elementor-col-50 elementor-inner-column elementor-element elementor-element-216164a\" data-id=\"216164a\" data-element_type=\"column\" data-e-type=\"column\">\n\t\t\t<div class=\"elementor-widget-wrap elementor-element-populated\">\n\t\t\t\t\t\t<div class=\"elementor-element elementor-element-609f769 elementor-widget elementor-widget-heading\" data-id=\"609f769\" data-element_type=\"widget\" data-e-type=\"widget\" data-widget_type=\"heading.default\">\n\t\t\t\t<div class=\"elementor-widget-container\">\n\t\t\t\t\t<h1 class=\"elementor-heading-title elementor-size-default\"><b>ECCBCM<\/b><\/h1>\t\t\t\t<\/div>\n\t\t\t\t<\/div>\n\t\t\t\t<div class=\"elementor-element elementor-element-ab08eec elementor-widget elementor-widget-text-editor\" data-id=\"ab08eec\" data-element_type=\"widget\" data-e-type=\"widget\" data-widget_type=\"text-editor.default\">\n\t\t\t\t<div class=\"elementor-widget-container\">\n\t\t\t\t\t\t\t\t\t<p align=\"justify\"><span style=\"font-family: Arial, serif;\"><i><b>Escuela Centroamericana para la Conservaci\u00f3n de Bienes Culturales y Museolog\u00eda<\/b><\/i><\/span><\/p>\n<p align=\"justify\">\u201c<span style=\"font-family: Arial, serif;\">En Centroam\u00e9rica existe una gran riqueza, diversidad y amplitud de bienes que conforman el patrimonio cultural y natural, que poseen caracter\u00edsticas de originalidad, singularidad, autenticidad y excepcionalidad. El patrimonio se constituye como uno de los potenciales estrat\u00e9gicos para el desarrollo de la regi\u00f3n y es de los elementos fundamentales de la identidad nacional y regional.<\/span><\/p>\n<p align=\"justify\"><span style=\"font-family: Arial, serif;\">Sin embargo, se encuentra seriamente amenazado, es poco conocido y est\u00e1 expuesto a la p\u00e9rdida gradual por la constante depredaci\u00f3n, el tr\u00e1fico il\u00edcito, el deterioro, la impericia y la falta de capacidades t\u00e9cnicas y cient\u00edficas que permitan su conocimiento, protecci\u00f3n y divulgaci\u00f3n. Frente a esto, la oferta de formaci\u00f3n a nivel superior en la regi\u00f3n a\u00fan es muy limitada, incompleta y, adem\u00e1s, requiere el desarrollo de criterios y m\u00e9todos adecuados<\/span><span style=\"font-family: Arial, serif;\"> a las caracter\u00edsticas particulares de cada uno de los pa\u00edses y sus culturas.\u201d<\/span>\n<\/p>\t\t\t\t\t\t\t\t<\/div>\n\t\t\t\t<\/div>\n\t\t\t\t<div class=\"elementor-element elementor-element-60222a8 elementor-widget elementor-widget-text-editor\" data-id=\"60222a8\" data-element_type=\"widget\" data-e-type=\"widget\" data-widget_type=\"text-editor.default\">\n\t\t\t\t<div class=\"elementor-widget-container\">\n\t\t\t\t\t\t\t\t\t<p><div class=\"aiovg-player-container\" style=\"max-width: 100%;\"><div class=\"aiovg-player aiovg-player-iframe\" style=\"padding-bottom: 56.25%;\"><iframe src=\"https:\/\/csuca.org\/es\/player-embed\/id\/3688\/?youtube=aHR0cHM6Ly93d3cueW91dHViZS5jb20vd2F0Y2g_dj1kSDZyVGZBMmJpQSZhbXA7dD0xN3M.&#038;poster=aHR0cHM6Ly9udWV2by5jc3VjYS5vcmcvd3AtY29udGVudC91cGxvYWRzLzIwMjIvMDIvMjAyMi0wMi0wN18xMi01OS5wbmc.\" title=\"\" width=\"560\" height=\"315\" frameborder=\"0\" scrolling=\"no\" allow=\"accelerometer; autoplay; clipboard-write; encrypted-media; gyroscope; picture-in-picture; web-share\" allowfullscreen><\/iframe><\/div><\/div><\/p>\t\t\t\t\t\t\t\t<\/div>\n\t\t\t\t<\/div>\n\t\t\t\t\t<\/div>\n\t\t<\/div>\n\t\t\t\t<div class=\"elementor-column elementor-col-50 elementor-inner-column elementor-element elementor-element-7c9565f\" data-id=\"7c9565f\" data-element_type=\"column\" data-e-type=\"column\">\n\t\t\t<div class=\"elementor-widget-wrap elementor-element-populated\">\n\t\t\t\t\t\t<div class=\"elementor-element elementor-element-769995a elementor-widget elementor-widget-image\" data-id=\"769995a\" data-element_type=\"widget\" data-e-type=\"widget\" data-widget_type=\"image.default\">\n\t\t\t\t<div class=\"elementor-widget-container\">\n\t\t\t\t\t\t\t\t\t\t\t\t\t\t\t<img fetchpriority=\"high\" decoding=\"async\" width=\"591\" height=\"531\" src=\"https:\/\/csuca.org\/wp-content\/uploads\/2022\/01\/g2216-1.png\" class=\"attachment-large size-large wp-image-2987\" alt=\"\" srcset=\"https:\/\/csuca.org\/wp-content\/uploads\/2022\/01\/g2216-1.png 591w, https:\/\/csuca.org\/wp-content\/uploads\/2022\/01\/g2216-1-500x449.png 500w\" sizes=\"(max-width: 591px) 85vw, 591px\" \/>\t\t\t\t\t\t\t\t\t\t\t\t\t\t\t<\/div>\n\t\t\t\t<\/div>\n\t\t\t\t\t<\/div>\n\t\t<\/div>\n\t\t\t\t\t<\/div>\n\t\t<\/section>\n\t\t\t\t\t<\/div>\n\t\t<\/div>\n\t\t\t\t\t<\/div>\n\t\t<\/section>\n\t\t\t\t<\/div>\n\t\t","protected":false},"excerpt":{"rendered":"<p>ECCBCM Escuela Centroamericana para la Conservaci\u00f3n de Bienes Culturales y Museolog\u00eda \u201cEn Centroam\u00e9rica existe una gran riqueza, diversidad y amplitud de bienes que conforman el patrimonio cultural y natural, que poseen caracter\u00edsticas de originalidad, singularidad, autenticidad y excepcionalidad. El patrimonio se constituye como uno de los potenciales estrat\u00e9gicos para el desarrollo de la regi\u00f3n y &hellip; <a href=\"https:\/\/csuca.org\/es\/eccbcm\/\" class=\"more-link\">Continue reading<span class=\"screen-reader-text\"> &#8220;ECCBCM&#8221;<\/span><\/a><\/p>\n","protected":false},"author":4,"featured_media":0,"parent":0,"menu_order":0,"comment_status":"closed","ping_status":"closed","template":"","meta":{"footnotes":""},"class_list":["post-3688","page","type-page","status-publish","hentry"],"_links":{"self":[{"href":"https:\/\/csuca.org\/es\/wp-json\/wp\/v2\/pages\/3688","targetHints":{"allow":["GET"]}}],"collection":[{"href":"https:\/\/csuca.org\/es\/wp-json\/wp\/v2\/pages"}],"about":[{"href":"https:\/\/csuca.org\/es\/wp-json\/wp\/v2\/types\/page"}],"author":[{"embeddable":true,"href":"https:\/\/csuca.org\/es\/wp-json\/wp\/v2\/users\/4"}],"replies":[{"embeddable":true,"href":"https:\/\/csuca.org\/es\/wp-json\/wp\/v2\/comments?post=3688"}],"version-history":[{"count":7,"href":"https:\/\/csuca.org\/es\/wp-json\/wp\/v2\/pages\/3688\/revisions"}],"predecessor-version":[{"id":3727,"href":"https:\/\/csuca.org\/es\/wp-json\/wp\/v2\/pages\/3688\/revisions\/3727"}],"wp:attachment":[{"href":"https:\/\/csuca.org\/es\/wp-json\/wp\/v2\/media?parent=3688"}],"curies":[{"name":"wp","href":"https:\/\/api.w.org\/{rel}","templated":true}]}}