{"id":3690,"date":"2022-02-07T18:21:48","date_gmt":"2022-02-07T18:21:48","guid":{"rendered":"https:\/\/nuevo.csuca.org\/?page_id=3690"},"modified":"2022-02-07T20:02:57","modified_gmt":"2022-02-07T20:02:57","slug":"inicia","status":"publish","type":"page","link":"https:\/\/csuca.org\/es\/inicia\/","title":{"rendered":"INICIA"},"content":{"rendered":"\t\t<div data-elementor-type=\"wp-page\" data-elementor-id=\"3690\" class=\"elementor elementor-3690\">\n\t\t\t\t\t\t<section class=\"elementor-section elementor-top-section elementor-element elementor-element-310fb6f elementor-section-boxed elementor-section-height-default elementor-section-height-default\" data-id=\"310fb6f\" data-element_type=\"section\" data-e-type=\"section\">\n\t\t\t\t\t\t<div class=\"elementor-container elementor-column-gap-default\">\n\t\t\t\t\t<div class=\"elementor-column elementor-col-100 elementor-top-column elementor-element elementor-element-4de80b9\" data-id=\"4de80b9\" data-element_type=\"column\" data-e-type=\"column\">\n\t\t\t<div class=\"elementor-widget-wrap elementor-element-populated\">\n\t\t\t\t\t\t<section class=\"elementor-section elementor-inner-section elementor-element elementor-element-3e2b924 elementor-section-boxed elementor-section-height-default elementor-section-height-default\" data-id=\"3e2b924\" data-element_type=\"section\" data-e-type=\"section\">\n\t\t\t\t\t\t<div class=\"elementor-container elementor-column-gap-default\">\n\t\t\t\t\t<div class=\"elementor-column elementor-col-50 elementor-inner-column elementor-element elementor-element-bb29301\" data-id=\"bb29301\" data-element_type=\"column\" data-e-type=\"column\">\n\t\t\t<div class=\"elementor-widget-wrap elementor-element-populated\">\n\t\t\t\t\t\t<div class=\"elementor-element elementor-element-e023e00 elementor-widget elementor-widget-heading\" data-id=\"e023e00\" data-element_type=\"widget\" data-e-type=\"widget\" data-widget_type=\"heading.default\">\n\t\t\t\t<div class=\"elementor-widget-container\">\n\t\t\t\t\t<h1 class=\"elementor-heading-title elementor-size-default\"><b>INICIA<\/b><\/h1>\t\t\t\t<\/div>\n\t\t\t\t<\/div>\n\t\t\t\t<div class=\"elementor-element elementor-element-5737474 elementor-widget elementor-widget-text-editor\" data-id=\"5737474\" data-element_type=\"widget\" data-e-type=\"widget\" data-widget_type=\"text-editor.default\">\n\t\t\t\t<div class=\"elementor-widget-container\">\n\t\t\t\t\t\t\t\t\t<p align=\"justify\"><span style=\"font-family: Arial, serif;\">El proyecto INICIA (\u201cEspecializaci\u00f3n en Gesti\u00f3n de Iniciativas Econ\u00f3micas Colaborativas y Econom\u00eda Social en Centroam\u00e9rica\u201d) es un proyecto auspiciado por la Uni\u00f3n Europea dentro del Programa ERASMUS+, en el cual participan 12 universidades de Centroam\u00e9rica, 2 universidades de Argentina, el CSUCA, y por la parte europea participan la Escuela Superior de Comercio de Par\u00eds (ESCP Europe, Francia), la Universidad Complutense de Madrid (Espa\u00f1a), Dinamia Sociedad Cooperativa (Espa\u00f1a) y el Instituto Polit\u00e9cnico de Viana do Castelo &#8211; IPVC (Portugal). Es coordinado por el ITCR, (Costa Rica).<\/span><\/p>\t\t\t\t\t\t\t\t<\/div>\n\t\t\t\t<\/div>\n\t\t\t\t<div class=\"elementor-element elementor-element-6771648 elementor-widget elementor-widget-text-editor\" data-id=\"6771648\" data-element_type=\"widget\" data-e-type=\"widget\" data-widget_type=\"text-editor.default\">\n\t\t\t\t<div class=\"elementor-widget-container\">\n\t\t\t\t\t\t\t\t\t<p><div class='w3eden'>\n    <div class=''>\n\n        \n        <div id=\"content_wpdm_package_1\">\n            <div class='row'><div class='col-lg-12 col-md-6 col-12'><!-- WPDM Link Template: Default Template -->\n\n<div class=\"link-template-default card mb-2\">\n    <div class=\"card-body\">\n        <div class=\"media\">\n            <div class=\"mr-3 img-48\"><img decoding=\"async\" class=\"wpdm_icon\" alt=\"Icon\" src=\"https:\/\/csuca.org\/wp-content\/plugins\/download-manager\/assets\/file-type-icons\/pdf.svg\" \/><\/div>\n            <div class=\"media-body\">\n                <h3 class=\"package-title\"><a href='https:\/\/csuca.org\/es\/download\/inicia-tdr-eval-final-externa\/'>INICIA TDR Eval Final Externa<\/a><\/h3>\n                <div class=\"text-muted text-small\"><i class=\"fas fa-copy\"><\/i> 1 file(s) <i class=\"fas fa-hdd ml-3\"><\/i> 292.69 KB<\/div>\n            <\/div>\n            <div class=\"ml-3\">\n                <a class='wpdm-download-link download-on-click btn btn-primary ' rel='nofollow' href='#' data-downloadurl=\"https:\/\/csuca.org\/es\/download\/inicia-tdr-eval-final-externa\/?wpdmdl=3731&#038;refresh=69d6c6c3511501775683267\">Download<\/a>\n            <\/div>\n        <\/div>\n    <\/div>\n<\/div>\n\n<\/div><div class='col-lg-12 col-md-6 col-12'><!-- WPDM Link Template: Default Template -->\n\n<div class=\"link-template-default card mb-2\">\n    <div class=\"card-body\">\n        <div class=\"media\">\n            <div class=\"mr-3 img-48\"><img decoding=\"async\" class=\"wpdm_icon\" alt=\"Icon\" src=\"https:\/\/csuca.org\/wp-content\/plugins\/download-manager\/assets\/file-type-icons\/pdf.svg\" \/><\/div>\n            <div class=\"media-body\">\n                <h3 class=\"package-title\"><a href='https:\/\/csuca.org\/es\/download\/proyecto-inicia-documento-descriptivo\/'>Proyecto Inicia &#8211; Documento Descriptivo<\/a><\/h3>\n                <div class=\"text-muted text-small\"><i class=\"fas fa-copy\"><\/i> 1 file(s) <i class=\"fas fa-hdd ml-3\"><\/i> 1.99 MB<\/div>\n            <\/div>\n            <div class=\"ml-3\">\n                <a class='wpdm-download-link download-on-click btn btn-primary ' rel='nofollow' href='#' data-downloadurl=\"https:\/\/csuca.org\/es\/download\/proyecto-inicia-documento-descriptivo\/?wpdmdl=3729&#038;refresh=69d6c6c3558d31775683267\">Download<\/a>\n            <\/div>\n        <\/div>\n    <\/div>\n<\/div>\n\n<\/div><div class='col-lg-12 col-md-6 col-12'><!-- WPDM Link Template: Default Template -->\n\n<div class=\"link-template-default card mb-2\">\n    <div class=\"card-body\">\n        <div class=\"media\">\n            <div class=\"mr-3 img-48\"><img decoding=\"async\" class=\"wpdm_icon\" alt=\"Icon\" src=\"https:\/\/csuca.org\/wp-content\/plugins\/download-manager\/assets\/file-type-icons\/pdf.svg\" \/><\/div>\n            <div class=\"media-body\">\n                <h3 class=\"package-title\"><a href='https:\/\/csuca.org\/es\/download\/sistema-de-seguimiento-y-evaluacion-continua-proyecto-inicia\/'>Sistema de Seguimiento y Evaluaci\u00f3n Continua proyecto INICIA<\/a><\/h3>\n                <div class=\"text-muted text-small\"><i class=\"fas fa-copy\"><\/i> 1 file(s) <i class=\"fas fa-hdd ml-3\"><\/i> 504.84 KB<\/div>\n            <\/div>\n            <div class=\"ml-3\">\n                <a class='wpdm-download-link download-on-click btn btn-primary ' rel='nofollow' href='#' data-downloadurl=\"https:\/\/csuca.org\/es\/download\/sistema-de-seguimiento-y-evaluacion-continua-proyecto-inicia\/?wpdmdl=3730&#038;refresh=69d6c6c35837b1775683267\">Download<\/a>\n            <\/div>\n        <\/div>\n    <\/div>\n<\/div>\n\n<\/div><\/div>                    <\/div>\n\n        <div style='clear:both'><\/div>\n    <\/div>\n<\/div>\n<\/p>\t\t\t\t\t\t\t\t<\/div>\n\t\t\t\t<\/div>\n\t\t\t\t\t<\/div>\n\t\t<\/div>\n\t\t\t\t<div class=\"elementor-column elementor-col-50 elementor-inner-column elementor-element elementor-element-770f4a9\" data-id=\"770f4a9\" data-element_type=\"column\" data-e-type=\"column\">\n\t\t\t<div class=\"elementor-widget-wrap elementor-element-populated\">\n\t\t\t\t\t\t<div class=\"elementor-element elementor-element-bf43cd9 elementor-widget elementor-widget-image\" data-id=\"bf43cd9\" data-element_type=\"widget\" data-e-type=\"widget\" data-widget_type=\"image.default\">\n\t\t\t\t<div class=\"elementor-widget-container\">\n\t\t\t\t\t\t\t\t\t\t\t\t\t\t\t<img fetchpriority=\"high\" decoding=\"async\" width=\"591\" height=\"531\" src=\"https:\/\/csuca.org\/wp-content\/uploads\/2022\/01\/g2216-1.png\" class=\"attachment-large size-large wp-image-2987\" alt=\"\" srcset=\"https:\/\/csuca.org\/wp-content\/uploads\/2022\/01\/g2216-1.png 591w, https:\/\/csuca.org\/wp-content\/uploads\/2022\/01\/g2216-1-500x449.png 500w\" sizes=\"(max-width: 591px) 85vw, 591px\" \/>\t\t\t\t\t\t\t\t\t\t\t\t\t\t\t<\/div>\n\t\t\t\t<\/div>\n\t\t\t\t\t<\/div>\n\t\t<\/div>\n\t\t\t\t\t<\/div>\n\t\t<\/section>\n\t\t\t\t\t<\/div>\n\t\t<\/div>\n\t\t\t\t\t<\/div>\n\t\t<\/section>\n\t\t\t\t<\/div>\n\t\t","protected":false},"excerpt":{"rendered":"<p>INICIA El proyecto INICIA (\u201cEspecializaci\u00f3n en Gesti\u00f3n de Iniciativas Econ\u00f3micas Colaborativas y Econom\u00eda Social en Centroam\u00e9rica\u201d) es un proyecto auspiciado por la Uni\u00f3n Europea dentro del Programa ERASMUS+, en el cual participan 12 universidades de Centroam\u00e9rica, 2 universidades de Argentina, el CSUCA, y por la parte europea participan la Escuela Superior de Comercio de Par\u00eds &hellip; <a href=\"https:\/\/csuca.org\/es\/inicia\/\" class=\"more-link\">Continue reading<span class=\"screen-reader-text\"> &#8220;INICIA&#8221;<\/span><\/a><\/p>\n","protected":false},"author":4,"featured_media":0,"parent":0,"menu_order":0,"comment_status":"closed","ping_status":"closed","template":"","meta":{"footnotes":""},"class_list":["post-3690","page","type-page","status-publish","hentry"],"_links":{"self":[{"href":"https:\/\/csuca.org\/es\/wp-json\/wp\/v2\/pages\/3690","targetHints":{"allow":["GET"]}}],"collection":[{"href":"https:\/\/csuca.org\/es\/wp-json\/wp\/v2\/pages"}],"about":[{"href":"https:\/\/csuca.org\/es\/wp-json\/wp\/v2\/types\/page"}],"author":[{"embeddable":true,"href":"https:\/\/csuca.org\/es\/wp-json\/wp\/v2\/users\/4"}],"replies":[{"embeddable":true,"href":"https:\/\/csuca.org\/es\/wp-json\/wp\/v2\/comments?post=3690"}],"version-history":[{"count":13,"href":"https:\/\/csuca.org\/es\/wp-json\/wp\/v2\/pages\/3690\/revisions"}],"predecessor-version":[{"id":3759,"href":"https:\/\/csuca.org\/es\/wp-json\/wp\/v2\/pages\/3690\/revisions\/3759"}],"wp:attachment":[{"href":"https:\/\/csuca.org\/es\/wp-json\/wp\/v2\/media?parent=3690"}],"curies":[{"name":"wp","href":"https:\/\/api.w.org\/{rel}","templated":true}]}}