{"id":3694,"date":"2022-02-07T18:22:37","date_gmt":"2022-02-07T18:22:37","guid":{"rendered":"https:\/\/nuevo.csuca.org\/?page_id=3694"},"modified":"2022-02-07T20:13:43","modified_gmt":"2022-02-07T20:13:43","slug":"hica","status":"publish","type":"page","link":"https:\/\/csuca.org\/es\/hica\/","title":{"rendered":"HICA"},"content":{"rendered":"\t\t<div data-elementor-type=\"wp-page\" data-elementor-id=\"3694\" class=\"elementor elementor-3694\">\n\t\t\t\t\t\t<section class=\"elementor-section elementor-top-section elementor-element elementor-element-b0f9cac elementor-section-boxed elementor-section-height-default elementor-section-height-default\" data-id=\"b0f9cac\" data-element_type=\"section\" data-e-type=\"section\">\n\t\t\t\t\t\t<div class=\"elementor-container elementor-column-gap-default\">\n\t\t\t\t\t<div class=\"elementor-column elementor-col-100 elementor-top-column elementor-element elementor-element-3128c0a\" data-id=\"3128c0a\" data-element_type=\"column\" data-e-type=\"column\">\n\t\t\t<div class=\"elementor-widget-wrap elementor-element-populated\">\n\t\t\t\t\t\t<section class=\"elementor-section elementor-inner-section elementor-element elementor-element-9ce22d0 elementor-section-boxed elementor-section-height-default elementor-section-height-default\" data-id=\"9ce22d0\" data-element_type=\"section\" data-e-type=\"section\">\n\t\t\t\t\t\t<div class=\"elementor-container elementor-column-gap-default\">\n\t\t\t\t\t<div class=\"elementor-column elementor-col-50 elementor-inner-column elementor-element elementor-element-4c32e2e\" data-id=\"4c32e2e\" data-element_type=\"column\" data-e-type=\"column\">\n\t\t\t<div class=\"elementor-widget-wrap elementor-element-populated\">\n\t\t\t\t\t\t<div class=\"elementor-element elementor-element-22aba9c elementor-widget elementor-widget-heading\" data-id=\"22aba9c\" data-element_type=\"widget\" data-e-type=\"widget\" data-widget_type=\"heading.default\">\n\t\t\t\t<div class=\"elementor-widget-container\">\n\t\t\t\t\t<h1 class=\"elementor-heading-title elementor-size-default\"><b>HICA<\/b><\/h1>\t\t\t\t<\/div>\n\t\t\t\t<\/div>\n\t\t\t\t<div class=\"elementor-element elementor-element-494d45e elementor-widget elementor-widget-text-editor\" data-id=\"494d45e\" data-element_type=\"widget\" data-e-type=\"widget\" data-widget_type=\"text-editor.default\">\n\t\t\t\t<div class=\"elementor-widget-container\">\n\t\t\t\t\t\t\t\t\t<p align=\"justify\"><span style=\"font-family: Arial, serif;\">HICA \u2013 Armonizaci\u00f3n e Innovaci\u00f3n de la Educaci\u00f3n Superior Centroamericana Marcos de cualificaciones, reforma curricular, mejora de la calidad de la educaci\u00f3n superior y armonizaci\u00f3n acad\u00e9mica internacional:<\/span><span style=\"font-family: Arial, serif;\"><br \/><\/span><\/p><p align=\"justify\"><span style=\"font-family: Arial, serif;\">La experiencia europea Elizabeth Noonan, Directora de Mejora de la Calidad (UCC).<\/span><\/p><p><span style=\"font-family: Arial, serif;\"><b>Objetivo General:<\/b><\/span><\/p><p align=\"justify\"><span style=\"font-family: Arial, serif;\">Apoyar la innovaci\u00f3n y la armonizaci\u00f3n curricular en las universidades centroamericanas, con base en la propuesta de marco de cualificaciones para la educaci\u00f3n superior de la regi\u00f3n.<\/span><\/p><p align=\"justify\"><span style=\"font-family: Arial, serif;\"><b>Objetivos espec\u00edficos:<\/b><\/span><\/p><p align=\"justify\"><span style=\"font-family: Arial, serif;\">Completar la propuesta de Marco de Cualificaciones para la educaci\u00f3n superior centroamericana (MCESCA), un producto del anterior proyecto \u201cAlfa PUENTES\u201d, que ha sido dise\u00f1ado y avalado por CSUCA \u2013 Consejo Superior Universitario Centroamericano \u2013 y los Consejos nacionales de rectores de varios pa\u00edses de la regi\u00f3n. Esto implicar\u00e1 definir los resultados de aprendizaje esperados para carreras cortas previas a la licenciatura y la estimaci\u00f3n del rango de tiempo y cr\u00e9ditos para alcanzar los resultados de aprendizaje esperados y obtener los grados acad\u00e9micos en la regi\u00f3n.<\/span><\/p><p align=\"justify\"><span style=\"font-family: Arial, serif;\">Hacer un ejercicio piloto de implementaci\u00f3n\/validaci\u00f3n del MCESCA en una muestra de universidades y disciplinas en la regi\u00f3n; Esto implicar\u00e1 el redise\u00f1o de programas de estudio en esas disciplinas con el fin de alinearlas con los resultados gen\u00e9ricos de aprendizaje planteados en el MCESCA.<\/span><\/p><p align=\"justify\"><span style=\"font-family: Arial, serif;\">Diseminar y promover la propuesta de Marco de Cualificaciones MCESCA a trav\u00e9s de la regi\u00f3n centroamericana y m\u00e1s ampliamente latinoamericana, para asegurar su adopci\u00f3n como referente b\u00e1sico por parte de diferente tipo de universidades (p\u00fablicas y privadas), organizaciones de empleadores, asociaciones y colegios profesionales, agencias de acreditaci\u00f3n de calidad universitaria y ministerios de educaci\u00f3n.<\/span><\/p><p align=\"justify\"><span style=\"font-family: Arial, serif;\">Promover el dialogo e intercambio de experiencias y pr\u00e1cticas entre actores de la educaci\u00f3n superior de Europa y Am\u00e9rica Central, sobre el desarrollo e implementaci\u00f3n de marcos de cualificaciones y su utilidad para el sector de la educaci\u00f3n superior.<\/span><\/p>\t\t\t\t\t\t\t\t<\/div>\n\t\t\t\t<\/div>\n\t\t\t\t<div class=\"elementor-element elementor-element-fac6533 elementor-widget elementor-widget-text-editor\" data-id=\"fac6533\" data-element_type=\"widget\" data-e-type=\"widget\" data-widget_type=\"text-editor.default\">\n\t\t\t\t<div class=\"elementor-widget-container\">\n\t\t\t\t\t\t\t\t\t<p><div class='w3eden'>\n    <div class=''>\n\n        \n        <div id=\"content_wpdm_package_1\">\n            <div class='row'><div class='col-lg-12 col-md-6 col-12'><!-- WPDM Link Template: Default Template -->\n\n<div class=\"link-template-default card mb-2\">\n    <div class=\"card-body\">\n        <div class=\"media\">\n            <div class=\"mr-3 img-48\"><img decoding=\"async\" class=\"wpdm_icon\" alt=\"Icon\"   src=\"https:\/\/csuca.org\/wp-content\/plugins\/download-manager\/assets\/file-type-icons\/pdf.svg\" \/><\/div>\n            <div class=\"media-body\">\n                <h3 class=\"package-title\"><a href='https:\/\/csuca.org\/es\/download\/marco-de-cualificaciones-para-la-educacion-hica\/'>Marco de cualificaciones para la educaci\u00f3n HICA MCESCA<\/a><\/h3>\n                <div class=\"text-muted text-small\"><i class=\"fas fa-copy\"><\/i> 1 file(s) <i class=\"fas fa-hdd ml-3\"><\/i> 6.17 MB<\/div>\n            <\/div>\n            <div class=\"ml-3\">\n                <a class='wpdm-download-link download-on-click btn btn-primary ' rel='nofollow' href='#' data-downloadurl=\"https:\/\/csuca.org\/es\/download\/marco-de-cualificaciones-para-la-educacion-hica\/?wpdmdl=3752&#038;refresh=69d090b5030251775276213\">Download<\/a>\n            <\/div>\n        <\/div>\n    <\/div>\n<\/div>\n\n<\/div><div class='col-lg-12 col-md-6 col-12'><!-- WPDM Link Template: Default Template -->\n\n<div class=\"link-template-default card mb-2\">\n    <div class=\"card-body\">\n        <div class=\"media\">\n            <div class=\"mr-3 img-48\"><img decoding=\"async\" class=\"wpdm_icon\" alt=\"Icon\"   src=\"https:\/\/csuca.org\/wp-content\/plugins\/download-manager\/assets\/file-type-icons\/pdf.png\" \/><\/div>\n            <div class=\"media-body\">\n                <h3 class=\"package-title\"><a href='https:\/\/csuca.org\/es\/download\/marco-de-cualificaciones-para-la-educacion-hica-mcesca-version-ingles\/'>Marco de cualificaciones para la educaci\u00f3n HICA MCESCA &#8211; Versi\u00f3n Ingles<\/a><\/h3>\n                <div class=\"text-muted text-small\"><i class=\"fas fa-copy\"><\/i> 1 file(s) <i class=\"fas fa-hdd ml-3\"><\/i> 1.67 MB<\/div>\n            <\/div>\n            <div class=\"ml-3\">\n                <a class='wpdm-download-link download-on-click btn btn-primary ' rel='nofollow' href='#' data-downloadurl=\"https:\/\/csuca.org\/es\/download\/marco-de-cualificaciones-para-la-educacion-hica-mcesca-version-ingles\/?wpdmdl=8985&#038;refresh=69d090b5070e31775276213\">Download<\/a>\n            <\/div>\n        <\/div>\n    <\/div>\n<\/div>\n\n<\/div><\/div>                    <\/div>\n\n        <div style='clear:both'><\/div>\n    <\/div>\n<\/div>\n<\/p>\t\t\t\t\t\t\t\t<\/div>\n\t\t\t\t<\/div>\n\t\t\t\t<div class=\"elementor-element elementor-element-b8eb887 elementor-position-inline-start elementor-view-default elementor-mobile-position-block-start elementor-widget elementor-widget-icon-box\" data-id=\"b8eb887\" data-element_type=\"widget\" data-e-type=\"widget\" data-widget_type=\"icon-box.default\">\n\t\t\t\t<div class=\"elementor-widget-container\">\n\t\t\t\t\t\t\t<div class=\"elementor-icon-box-wrapper\">\n\n\t\t\t\t\t\t<div class=\"elementor-icon-box-icon\">\n\t\t\t\t<a href=\"http:\/\/hica.csuca.org\/index.php\/features\" class=\"elementor-icon elementor-animation-wobble-top\" tabindex=\"-1\" aria-label=\"visitar sitio\">\n\t\t\t\t<i aria-hidden=\"true\" class=\"far fa-paper-plane\"><\/i>\t\t\t\t<\/a>\n\t\t\t<\/div>\n\t\t\t\n\t\t\t\t\t\t<div class=\"elementor-icon-box-content\">\n\n\t\t\t\t\t\t\t\t\t<h6 class=\"elementor-icon-box-title\">\n\t\t\t\t\t\t<a href=\"http:\/\/hica.csuca.org\/index.php\/features\" >\n\t\t\t\t\t\t\tvisitar sitio\t\t\t\t\t\t<\/a>\n\t\t\t\t\t<\/h6>\n\t\t\t\t\n\t\t\t\t\n\t\t\t<\/div>\n\t\t\t\n\t\t<\/div>\n\t\t\t\t\t\t<\/div>\n\t\t\t\t<\/div>\n\t\t\t\t\t<\/div>\n\t\t<\/div>\n\t\t\t\t<div class=\"elementor-column elementor-col-50 elementor-inner-column elementor-element elementor-element-80cd341\" data-id=\"80cd341\" data-element_type=\"column\" data-e-type=\"column\">\n\t\t\t<div class=\"elementor-widget-wrap elementor-element-populated\">\n\t\t\t\t\t\t<div class=\"elementor-element elementor-element-3e601a9 elementor-widget elementor-widget-image\" data-id=\"3e601a9\" data-element_type=\"widget\" data-e-type=\"widget\" data-widget_type=\"image.default\">\n\t\t\t\t<div class=\"elementor-widget-container\">\n\t\t\t\t\t\t\t\t\t\t\t\t\t\t\t<img fetchpriority=\"high\" decoding=\"async\" width=\"591\" height=\"531\" src=\"https:\/\/csuca.org\/wp-content\/uploads\/2022\/01\/g2216-1.png\" class=\"attachment-large size-large wp-image-2987\" alt=\"\" srcset=\"https:\/\/csuca.org\/wp-content\/uploads\/2022\/01\/g2216-1.png 591w, https:\/\/csuca.org\/wp-content\/uploads\/2022\/01\/g2216-1-500x449.png 500w\" sizes=\"(max-width: 591px) 85vw, 591px\" \/>\t\t\t\t\t\t\t\t\t\t\t\t\t\t\t<\/div>\n\t\t\t\t<\/div>\n\t\t\t\t\t<\/div>\n\t\t<\/div>\n\t\t\t\t\t<\/div>\n\t\t<\/section>\n\t\t\t\t\t<\/div>\n\t\t<\/div>\n\t\t\t\t\t<\/div>\n\t\t<\/section>\n\t\t\t\t<\/div>\n\t\t","protected":false},"excerpt":{"rendered":"<p>HICA HICA \u2013 Armonizaci\u00f3n e Innovaci\u00f3n de la Educaci\u00f3n Superior Centroamericana Marcos de cualificaciones, reforma curricular, mejora de la calidad de la educaci\u00f3n superior y armonizaci\u00f3n acad\u00e9mica internacional: La experiencia europea Elizabeth Noonan, Directora de Mejora de la Calidad (UCC). Objetivo General: Apoyar la innovaci\u00f3n y la armonizaci\u00f3n curricular en las universidades centroamericanas, con base &hellip; <a href=\"https:\/\/csuca.org\/es\/hica\/\" class=\"more-link\">Continue reading<span class=\"screen-reader-text\"> &#8220;HICA&#8221;<\/span><\/a><\/p>\n","protected":false},"author":4,"featured_media":0,"parent":0,"menu_order":0,"comment_status":"closed","ping_status":"closed","template":"","meta":{"footnotes":""},"class_list":["post-3694","page","type-page","status-publish","hentry"],"_links":{"self":[{"href":"https:\/\/csuca.org\/es\/wp-json\/wp\/v2\/pages\/3694","targetHints":{"allow":["GET"]}}],"collection":[{"href":"https:\/\/csuca.org\/es\/wp-json\/wp\/v2\/pages"}],"about":[{"href":"https:\/\/csuca.org\/es\/wp-json\/wp\/v2\/types\/page"}],"author":[{"embeddable":true,"href":"https:\/\/csuca.org\/es\/wp-json\/wp\/v2\/users\/4"}],"replies":[{"embeddable":true,"href":"https:\/\/csuca.org\/es\/wp-json\/wp\/v2\/comments?post=3694"}],"version-history":[{"count":17,"href":"https:\/\/csuca.org\/es\/wp-json\/wp\/v2\/pages\/3694\/revisions"}],"predecessor-version":[{"id":4424,"href":"https:\/\/csuca.org\/es\/wp-json\/wp\/v2\/pages\/3694\/revisions\/4424"}],"wp:attachment":[{"href":"https:\/\/csuca.org\/es\/wp-json\/wp\/v2\/media?parent=3694"}],"curies":[{"name":"wp","href":"https:\/\/api.w.org\/{rel}","templated":true}]}}