{"id":3696,"date":"2022-02-07T18:23:23","date_gmt":"2022-02-07T18:23:23","guid":{"rendered":"https:\/\/nuevo.csuca.org\/?page_id=3696"},"modified":"2022-02-07T18:23:23","modified_gmt":"2022-02-07T18:23:23","slug":"proyecto-de-cooperacion-triangular-mexico-suiza-centroamerica","status":"publish","type":"page","link":"https:\/\/csuca.org\/es\/proyecto-de-cooperacion-triangular-mexico-suiza-centroamerica\/","title":{"rendered":"PROYECTO DE COOPERACI\u00d3N TRIANGULAR M\u00c9XICO-SUIZA-CENTROAM\u00c9RICA"},"content":{"rendered":"","protected":false},"excerpt":{"rendered":"","protected":false},"author":4,"featured_media":0,"parent":0,"menu_order":0,"comment_status":"closed","ping_status":"closed","template":"","meta":{"footnotes":""},"class_list":["post-3696","page","type-page","status-publish","hentry"],"_links":{"self":[{"href":"https:\/\/csuca.org\/es\/wp-json\/wp\/v2\/pages\/3696","targetHints":{"allow":["GET"]}}],"collection":[{"href":"https:\/\/csuca.org\/es\/wp-json\/wp\/v2\/pages"}],"about":[{"href":"https:\/\/csuca.org\/es\/wp-json\/wp\/v2\/types\/page"}],"author":[{"embeddable":true,"href":"https:\/\/csuca.org\/es\/wp-json\/wp\/v2\/users\/4"}],"replies":[{"embeddable":true,"href":"https:\/\/csuca.org\/es\/wp-json\/wp\/v2\/comments?post=3696"}],"version-history":[{"count":1,"href":"https:\/\/csuca.org\/es\/wp-json\/wp\/v2\/pages\/3696\/revisions"}],"predecessor-version":[{"id":3697,"href":"https:\/\/csuca.org\/es\/wp-json\/wp\/v2\/pages\/3696\/revisions\/3697"}],"wp:attachment":[{"href":"https:\/\/csuca.org\/es\/wp-json\/wp\/v2\/media?parent=3696"}],"curies":[{"name":"wp","href":"https:\/\/api.w.org\/{rel}","templated":true}]}}