{"id":3702,"date":"2022-02-07T18:24:32","date_gmt":"2022-02-07T18:24:32","guid":{"rendered":"https:\/\/nuevo.csuca.org\/?page_id=3702"},"modified":"2024-01-24T11:40:11","modified_gmt":"2024-01-24T17:40:11","slug":"red-comunica","status":"publish","type":"page","link":"https:\/\/csuca.org\/es\/red-comunica\/","title":{"rendered":"Red COMUNICA"},"content":{"rendered":"\t\t<div data-elementor-type=\"wp-page\" data-elementor-id=\"3702\" class=\"elementor elementor-3702\">\n\t\t\t\t\t\t<section class=\"elementor-section elementor-top-section elementor-element elementor-element-4cf6794 elementor-section-boxed elementor-section-height-default elementor-section-height-default\" data-id=\"4cf6794\" data-element_type=\"section\" data-e-type=\"section\">\n\t\t\t\t\t\t<div class=\"elementor-container elementor-column-gap-default\">\n\t\t\t\t\t<div class=\"elementor-column elementor-col-100 elementor-top-column elementor-element elementor-element-f02e0e2\" data-id=\"f02e0e2\" data-element_type=\"column\" data-e-type=\"column\">\n\t\t\t<div class=\"elementor-widget-wrap elementor-element-populated\">\n\t\t\t\t\t\t<section class=\"elementor-section elementor-inner-section elementor-element elementor-element-fe949a6 elementor-section-boxed elementor-section-height-default elementor-section-height-default\" data-id=\"fe949a6\" data-element_type=\"section\" data-e-type=\"section\">\n\t\t\t\t\t\t<div class=\"elementor-container elementor-column-gap-default\">\n\t\t\t\t\t<div class=\"elementor-column elementor-col-50 elementor-inner-column elementor-element elementor-element-fcf7a44\" data-id=\"fcf7a44\" data-element_type=\"column\" data-e-type=\"column\">\n\t\t\t<div class=\"elementor-widget-wrap elementor-element-populated\">\n\t\t\t\t\t\t<div class=\"elementor-element elementor-element-cd4e309 elementor-widget elementor-widget-heading\" data-id=\"cd4e309\" data-element_type=\"widget\" data-e-type=\"widget\" data-widget_type=\"heading.default\">\n\t\t\t\t<div class=\"elementor-widget-container\">\n\t\t\t\t\t<h1 class=\"elementor-heading-title elementor-size-default\"><b>Red COMUNICA<\/b><\/h1>\t\t\t\t<\/div>\n\t\t\t\t<\/div>\n\t\t\t\t<div class=\"elementor-element elementor-element-f5979f7 elementor-widget elementor-widget-text-editor\" data-id=\"f5979f7\" data-element_type=\"widget\" data-e-type=\"widget\" data-widget_type=\"text-editor.default\">\n\t\t\t\t<div class=\"elementor-widget-container\">\n\t\t\t\t\t\t\t\t\t<span style=\"font-family: Montserrat,\"><span style=\"font-size: large;\"><b>Red COMUNICA<\/b><\/span><\/span>\n<p align=\"justify\"><span style=\"font-family: Montserrat, serif;\">La Red Comunica surgi\u00f3 en agosto del a\u00f1o 2015 en el I Taller de Medios de Comunicaci\u00f3n Universitarios Centroamericanos realizado en Ciudad de Guatemala, como parte de las acciones del proyecto PRIDCA, con apoyo financiero de la Cooperaci\u00f3n Suiza en Am\u00e9rica Central. <\/span><\/p>\n<p align=\"justify\"><span style=\"font-family: Montserrat, serif;\">Con la misi\u00f3n de articular las direcciones de comunicaci\u00f3n y diferentes medios de comunicaci\u00f3n de las universidades miembros del CSUCA para fomentar la divulgaci\u00f3n de las actividades de docencia, investigaci\u00f3n, vinculaci\u00f3n, acci\u00f3n social, internacionalizaci\u00f3n y gesti\u00f3n de las instituciones de educaci\u00f3n superior de la regi\u00f3n.<\/span><\/p>\n<p align=\"justify\"><span style=\"font-family: Montserrat, serif;\">Y con la visi\u00f3n de convertirse en un Sistema transversal del CSUCA que sirva de apoyo a los diferentes sistemas, programas de integraci\u00f3n y fortalecimiento de la educaci\u00f3n superior de las sociedades de Am\u00e9rica Central y del Caribe.<\/span><\/p>\n<p align=\"justify\"><span style=\"color: #000000;\"><span style=\"font-family: Montserrat, serif;\"><span style=\"font-size: medium;\">En el a\u00f1o 2021, a trav\u00e9s del IX Congreso Universitario Centroamericano, se consolid\u00f3 la creaci\u00f3n del Sistema Regional de Informaci\u00f3n y Comunicaci\u00f3n -SIREICU- y uno de sus objetivos es <span style=\"font-size: medium;\">mantener la plataforma de la Red COMUNICA como medio de comunicaci\u00f3n oficial del sistema. <\/span><\/span><\/span><\/span><\/p>\t\t\t\t\t\t\t\t<\/div>\n\t\t\t\t<\/div>\n\t\t\t\t<div class=\"elementor-element elementor-element-302ca88 elementor-position-inline-start elementor-view-default elementor-mobile-position-block-start elementor-widget elementor-widget-icon-box\" data-id=\"302ca88\" data-element_type=\"widget\" data-e-type=\"widget\" data-widget_type=\"icon-box.default\">\n\t\t\t\t<div class=\"elementor-widget-container\">\n\t\t\t\t\t\t\t<div class=\"elementor-icon-box-wrapper\">\n\n\t\t\t\t\t\t<div class=\"elementor-icon-box-icon\">\n\t\t\t\t<a href=\"https:\/\/redcomunica.csuca.org\/index.php\/contenido\/red-comunica\/\" class=\"elementor-icon elementor-animation-wobble-top\" tabindex=\"-1\" aria-label=\"visitar sitio\">\n\t\t\t\t<i aria-hidden=\"true\" class=\"far fa-paper-plane\"><\/i>\t\t\t\t<\/a>\n\t\t\t<\/div>\n\t\t\t\n\t\t\t\t\t\t<div class=\"elementor-icon-box-content\">\n\n\t\t\t\t\t\t\t\t\t<h6 class=\"elementor-icon-box-title\">\n\t\t\t\t\t\t<a href=\"https:\/\/redcomunica.csuca.org\/index.php\/contenido\/red-comunica\/\" >\n\t\t\t\t\t\t\tvisitar sitio\t\t\t\t\t\t<\/a>\n\t\t\t\t\t<\/h6>\n\t\t\t\t\n\t\t\t\t\n\t\t\t<\/div>\n\t\t\t\n\t\t<\/div>\n\t\t\t\t\t\t<\/div>\n\t\t\t\t<\/div>\n\t\t\t\t\t<\/div>\n\t\t<\/div>\n\t\t\t\t<div class=\"elementor-column elementor-col-50 elementor-inner-column elementor-element elementor-element-a2fe1e0\" data-id=\"a2fe1e0\" data-element_type=\"column\" data-e-type=\"column\">\n\t\t\t<div class=\"elementor-widget-wrap elementor-element-populated\">\n\t\t\t\t\t\t<div class=\"elementor-element elementor-element-b5902c0 elementor-widget elementor-widget-image\" data-id=\"b5902c0\" data-element_type=\"widget\" data-e-type=\"widget\" data-widget_type=\"image.default\">\n\t\t\t\t<div class=\"elementor-widget-container\">\n\t\t\t\t\t\t\t\t\t\t\t\t\t\t\t<img fetchpriority=\"high\" decoding=\"async\" width=\"591\" height=\"531\" src=\"https:\/\/csuca.org\/wp-content\/uploads\/2022\/01\/g2216-1.png\" class=\"attachment-large size-large wp-image-2987\" alt=\"\" srcset=\"https:\/\/csuca.org\/wp-content\/uploads\/2022\/01\/g2216-1.png 591w, https:\/\/csuca.org\/wp-content\/uploads\/2022\/01\/g2216-1-500x449.png 500w\" sizes=\"(max-width: 591px) 85vw, 591px\" \/>\t\t\t\t\t\t\t\t\t\t\t\t\t\t\t<\/div>\n\t\t\t\t<\/div>\n\t\t\t\t\t<\/div>\n\t\t<\/div>\n\t\t\t\t\t<\/div>\n\t\t<\/section>\n\t\t\t\t\t<\/div>\n\t\t<\/div>\n\t\t\t\t\t<\/div>\n\t\t<\/section>\n\t\t\t\t<\/div>\n\t\t","protected":false},"excerpt":{"rendered":"<p>Red COMUNICA Red COMUNICA La Red Comunica surgi\u00f3 en agosto del a\u00f1o 2015 en el I Taller de Medios de Comunicaci\u00f3n Universitarios Centroamericanos realizado en Ciudad de Guatemala, como parte de las acciones del proyecto PRIDCA, con apoyo financiero de la Cooperaci\u00f3n Suiza en Am\u00e9rica Central. Con la misi\u00f3n de articular las direcciones de comunicaci\u00f3n &hellip; <a href=\"https:\/\/csuca.org\/es\/red-comunica\/\" class=\"more-link\">Continue reading<span class=\"screen-reader-text\"> &#8220;Red COMUNICA&#8221;<\/span><\/a><\/p>\n","protected":false},"author":4,"featured_media":0,"parent":0,"menu_order":0,"comment_status":"closed","ping_status":"closed","template":"","meta":{"footnotes":""},"class_list":["post-3702","page","type-page","status-publish","hentry"],"_links":{"self":[{"href":"https:\/\/csuca.org\/es\/wp-json\/wp\/v2\/pages\/3702","targetHints":{"allow":["GET"]}}],"collection":[{"href":"https:\/\/csuca.org\/es\/wp-json\/wp\/v2\/pages"}],"about":[{"href":"https:\/\/csuca.org\/es\/wp-json\/wp\/v2\/types\/page"}],"author":[{"embeddable":true,"href":"https:\/\/csuca.org\/es\/wp-json\/wp\/v2\/users\/4"}],"replies":[{"embeddable":true,"href":"https:\/\/csuca.org\/es\/wp-json\/wp\/v2\/comments?post=3702"}],"version-history":[{"count":16,"href":"https:\/\/csuca.org\/es\/wp-json\/wp\/v2\/pages\/3702\/revisions"}],"predecessor-version":[{"id":6828,"href":"https:\/\/csuca.org\/es\/wp-json\/wp\/v2\/pages\/3702\/revisions\/6828"}],"wp:attachment":[{"href":"https:\/\/csuca.org\/es\/wp-json\/wp\/v2\/media?parent=3702"}],"curies":[{"name":"wp","href":"https:\/\/api.w.org\/{rel}","templated":true}]}}