{"id":5413,"date":"2023-02-27T12:21:04","date_gmt":"2023-02-27T18:21:04","guid":{"rendered":"https:\/\/csuca.org\/?page_id=5413"},"modified":"2024-01-30T11:46:10","modified_gmt":"2024-01-30T17:46:10","slug":"sicaus","status":"publish","type":"page","link":"https:\/\/csuca.org\/es\/sicaus\/","title":{"rendered":"Sistema Centroamericano de Relaci\u00f3n Universidad &#8211; Sociedad (SICAUS)"},"content":{"rendered":"\t\t<div data-elementor-type=\"wp-page\" data-elementor-id=\"5413\" class=\"elementor elementor-5413\">\n\t\t\t\t\t\t<section class=\"elementor-section elementor-top-section elementor-element elementor-element-b1c937a elementor-section-boxed elementor-section-height-default elementor-section-height-default\" data-id=\"b1c937a\" data-element_type=\"section\" data-e-type=\"section\">\n\t\t\t\t\t\t<div class=\"elementor-container elementor-column-gap-default\">\n\t\t\t\t\t<div class=\"elementor-column elementor-col-100 elementor-top-column elementor-element elementor-element-de2a73b\" data-id=\"de2a73b\" data-element_type=\"column\" data-e-type=\"column\">\n\t\t\t<div class=\"elementor-widget-wrap elementor-element-populated\">\n\t\t\t\t\t\t<div class=\"elementor-element elementor-element-22c4f92 elementor-widget elementor-widget-image\" data-id=\"22c4f92\" data-element_type=\"widget\" data-e-type=\"widget\" data-widget_type=\"image.default\">\n\t\t\t\t<div class=\"elementor-widget-container\">\n\t\t\t\t\t\t\t\t\t\t\t\t\t\t\t<img fetchpriority=\"high\" decoding=\"async\" width=\"768\" height=\"230\" src=\"https:\/\/csuca.org\/wp-content\/uploads\/2023\/02\/espacio_sicaus_encabezado_azul-768x230.png\" class=\"attachment-medium_large size-medium_large wp-image-5415\" alt=\"\" srcset=\"https:\/\/csuca.org\/wp-content\/uploads\/2023\/02\/espacio_sicaus_encabezado_azul-768x230.png 768w, https:\/\/csuca.org\/wp-content\/uploads\/2023\/02\/espacio_sicaus_encabezado_azul-500x150.png 500w, https:\/\/csuca.org\/wp-content\/uploads\/2023\/02\/espacio_sicaus_encabezado_azul-1024x307.png 1024w, https:\/\/csuca.org\/wp-content\/uploads\/2023\/02\/espacio_sicaus_encabezado_azul-18x5.png 18w, https:\/\/csuca.org\/wp-content\/uploads\/2023\/02\/espacio_sicaus_encabezado_azul-600x180.png 600w, https:\/\/csuca.org\/wp-content\/uploads\/2023\/02\/espacio_sicaus_encabezado_azul.png 1100w\" sizes=\"(max-width: 768px) 85vw, 768px\" \/>\t\t\t\t\t\t\t\t\t\t\t\t\t\t\t<\/div>\n\t\t\t\t<\/div>\n\t\t\t\t\t<\/div>\n\t\t<\/div>\n\t\t\t\t\t<\/div>\n\t\t<\/section>\n\t\t\t\t<section class=\"elementor-section elementor-top-section elementor-element elementor-element-20ebc7e elementor-section-boxed elementor-section-height-default elementor-section-height-default\" data-id=\"20ebc7e\" data-element_type=\"section\" data-e-type=\"section\">\n\t\t\t\t\t\t<div class=\"elementor-container elementor-column-gap-default\">\n\t\t\t\t\t<div class=\"elementor-column elementor-col-100 elementor-top-column elementor-element elementor-element-f9e8e89\" data-id=\"f9e8e89\" data-element_type=\"column\" data-e-type=\"column\">\n\t\t\t<div class=\"elementor-widget-wrap elementor-element-populated\">\n\t\t\t\t\t\t<div class=\"elementor-element elementor-element-04b44e4 elementor-widget elementor-widget-text-editor\" data-id=\"04b44e4\" data-element_type=\"widget\" data-e-type=\"widget\" data-widget_type=\"text-editor.default\">\n\t\t\t\t<div class=\"elementor-widget-container\">\n\t\t\t\t\t\t\t\t\t<p>El Sistema Centroamericano de Relaci\u00f3n Universidad-Sociedad (SICAUS) es un Sistema Universitario Regional de la Confederaci\u00f3n Universitaria Centroamericana, de naturaleza acad\u00e9mica y t\u00e9cnica que interact\u00faa estrechamente con los distintos sectores de la sociedad y el Estado, contribuyendo a los procesos de integraci\u00f3n y desarrollo regional en forma sostenible, mediante las diferentes actividades de vinculaci\u00f3n que la sociedad requiera y las universidades miembros de la Confederaci\u00f3n consideren pertinentes.<\/p>\t\t\t\t\t\t\t\t<\/div>\n\t\t\t\t<\/div>\n\t\t\t\t\t<\/div>\n\t\t<\/div>\n\t\t\t\t\t<\/div>\n\t\t<\/section>\n\t\t\t\t<section class=\"elementor-section elementor-top-section elementor-element elementor-element-eeb9364 elementor-section-boxed elementor-section-height-default elementor-section-height-default\" data-id=\"eeb9364\" data-element_type=\"section\" data-e-type=\"section\">\n\t\t\t\t\t\t<div class=\"elementor-container elementor-column-gap-default\">\n\t\t\t\t\t<div class=\"elementor-column elementor-col-100 elementor-top-column elementor-element elementor-element-521353c\" data-id=\"521353c\" data-element_type=\"column\" data-e-type=\"column\">\n\t\t\t<div class=\"elementor-widget-wrap elementor-element-populated\">\n\t\t\t\t\t\t<div class=\"elementor-element elementor-element-7f20423 elementor-widget elementor-widget-toggle\" data-id=\"7f20423\" data-element_type=\"widget\" data-e-type=\"widget\" data-widget_type=\"toggle.default\">\n\t\t\t\t<div class=\"elementor-widget-container\">\n\t\t\t\t\t\t\t<div class=\"elementor-toggle\">\n\t\t\t\t\t\t\t<div class=\"elementor-toggle-item\">\n\t\t\t\t\t<div id=\"elementor-tab-title-1331\" class=\"elementor-tab-title\" data-tab=\"1\" role=\"button\" aria-controls=\"elementor-tab-content-1331\" aria-expanded=\"false\">\n\t\t\t\t\t\t\t\t\t\t\t\t<span class=\"elementor-toggle-icon elementor-toggle-icon-left\" aria-hidden=\"true\">\n\t\t\t\t\t\t\t\t\t\t\t\t\t\t\t<span class=\"elementor-toggle-icon-closed\"><i class=\"fas fa-caret-right\"><\/i><\/span>\n\t\t\t\t\t\t\t\t<span class=\"elementor-toggle-icon-opened\"><i class=\"elementor-toggle-icon-opened fas fa-caret-up\"><\/i><\/span>\n\t\t\t\t\t\t\t\t\t\t\t\t\t<\/span>\n\t\t\t\t\t\t\t\t\t\t\t\t<a class=\"elementor-toggle-title\" tabindex=\"0\">Objetivos:<\/a>\n\t\t\t\t\t<\/div>\n\n\t\t\t\t\t<div id=\"elementor-tab-content-1331\" class=\"elementor-tab-content elementor-clearfix\" data-tab=\"1\" role=\"region\" aria-labelledby=\"elementor-tab-title-1331\"><ol><li>Promover espacios de di\u00e1logo que generen capacidad acad\u00e9mica de propuesta sobre los principales problemas regionales existentes desde una perspectiva cient\u00edfica, t\u00e9cnica, ambiental, social, cultural, econ\u00f3mica y pol\u00edtica.<\/li><li>Propiciar la mejora continua de unidades de transferencia tecnol\u00f3gica y prestaci\u00f3n de servicios en las universidades, para el fortalecimiento de la vinculaci\u00f3n con los distintos sectores de la sociedad y el Estado.<\/li><li>Impulsar mecanismos de contacto, comunicaci\u00f3n, enlace, gesti\u00f3n, protecci\u00f3n y transferencia del conocimiento generado en las universidades, como respuesta a las demandas del sector productivo regional.<\/li><li>Fortalecer el perfil profesional de los responsables del proceso de vinculaci\u00f3n con el sector productivo y el Estado en las universidades miembros de la Confederaci\u00f3n.<\/li><li>Implementar mecanismos de cooperaci\u00f3n interinstitucional a nivel nacional, regional y extra regional para apoyar las acciones derivadas del Sistema.<\/li><\/ol><\/div>\n\t\t\t\t<\/div>\n\t\t\t\t\t\t\t<div class=\"elementor-toggle-item\">\n\t\t\t\t\t<div id=\"elementor-tab-title-1332\" class=\"elementor-tab-title\" data-tab=\"2\" role=\"button\" aria-controls=\"elementor-tab-content-1332\" aria-expanded=\"false\">\n\t\t\t\t\t\t\t\t\t\t\t\t<span class=\"elementor-toggle-icon elementor-toggle-icon-left\" aria-hidden=\"true\">\n\t\t\t\t\t\t\t\t\t\t\t\t\t\t\t<span class=\"elementor-toggle-icon-closed\"><i class=\"fas fa-caret-right\"><\/i><\/span>\n\t\t\t\t\t\t\t\t<span class=\"elementor-toggle-icon-opened\"><i class=\"elementor-toggle-icon-opened fas fa-caret-up\"><\/i><\/span>\n\t\t\t\t\t\t\t\t\t\t\t\t\t<\/span>\n\t\t\t\t\t\t\t\t\t\t\t\t<a class=\"elementor-toggle-title\" tabindex=\"0\">Organizaci\u00f3n<\/a>\n\t\t\t\t\t<\/div>\n\n\t\t\t\t\t<div id=\"elementor-tab-content-1332\" class=\"elementor-tab-content elementor-clearfix\" data-tab=\"2\" role=\"region\" aria-labelledby=\"elementor-tab-title-1332\"><p>El SICAUS est\u00e1 conformado por la Asamblea Regional del Sistema y por el Consejo Director. La Asamblea Regional del Sistema est\u00e1 constituida por el Funcionario de cada universidad miembro de la Confederaci\u00f3n que es responsable de la Extensi\u00f3n o Prestaci\u00f3n de Servicios y\/o Transferencia tecnol\u00f3gica, o es delegado por el Rector. El Consejo Director es el \u00f3rgano ejecutivo del sistema, est\u00e1 integrado por cuatro miembros representantes de las universidades pertenecientes a cuatro pa\u00edses distintos, elegidos en asamblea regional m\u00e1s el Coordinador del Sistema.<\/p><\/div>\n\t\t\t\t<\/div>\n\t\t\t\t\t\t\t\t<\/div>\n\t\t\t\t\t\t<\/div>\n\t\t\t\t<\/div>\n\t\t\t\t\t<\/div>\n\t\t<\/div>\n\t\t\t\t\t<\/div>\n\t\t<\/section>\n\t\t\t\t<section class=\"elementor-section elementor-top-section elementor-element elementor-element-9074a8e elementor-section-boxed elementor-section-height-default elementor-section-height-default\" data-id=\"9074a8e\" data-element_type=\"section\" data-e-type=\"section\">\n\t\t\t\t\t\t<div class=\"elementor-container elementor-column-gap-default\">\n\t\t\t\t\t<div class=\"elementor-column elementor-col-100 elementor-top-column elementor-element elementor-element-ad4c2f1\" data-id=\"ad4c2f1\" data-element_type=\"column\" data-e-type=\"column\">\n\t\t\t<div class=\"elementor-widget-wrap elementor-element-populated\">\n\t\t\t\t\t\t<div class=\"elementor-element elementor-element-9047eb0 elementor-widget-divider--view-line elementor-widget elementor-widget-divider\" data-id=\"9047eb0\" data-element_type=\"widget\" data-e-type=\"widget\" data-widget_type=\"divider.default\">\n\t\t\t\t<div class=\"elementor-widget-container\">\n\t\t\t\t\t\t\t<div class=\"elementor-divider\">\n\t\t\t<span class=\"elementor-divider-separator\">\n\t\t\t\t\t\t<\/span>\n\t\t<\/div>\n\t\t\t\t\t\t<\/div>\n\t\t\t\t<\/div>\n\t\t\t\t\t<\/div>\n\t\t<\/div>\n\t\t\t\t\t<\/div>\n\t\t<\/section>\n\t\t\t\t<section class=\"elementor-section elementor-top-section elementor-element elementor-element-344a70b elementor-section-boxed elementor-section-height-default elementor-section-height-default\" data-id=\"344a70b\" data-element_type=\"section\" data-e-type=\"section\">\n\t\t\t\t\t\t<div class=\"elementor-container elementor-column-gap-default\">\n\t\t\t\t\t<div class=\"elementor-column elementor-col-100 elementor-top-column elementor-element elementor-element-240847f\" data-id=\"240847f\" data-element_type=\"column\" data-e-type=\"column\">\n\t\t\t<div class=\"elementor-widget-wrap elementor-element-populated\">\n\t\t\t\t\t\t<div class=\"elementor-element elementor-element-8bea918 elementor-widget elementor-widget-heading\" data-id=\"8bea918\" data-element_type=\"widget\" data-e-type=\"widget\" data-widget_type=\"heading.default\">\n\t\t\t\t<div class=\"elementor-widget-container\">\n\t\t\t\t\t<h2 class=\"elementor-heading-title elementor-size-default\">Documentos Basicos SICAUS<\/h2>\t\t\t\t<\/div>\n\t\t\t\t<\/div>\n\t\t\t\t\t<\/div>\n\t\t<\/div>\n\t\t\t\t\t<\/div>\n\t\t<\/section>\n\t\t\t\t<section class=\"elementor-section elementor-top-section elementor-element elementor-element-862e7fb elementor-section-boxed elementor-section-height-default elementor-section-height-default\" data-id=\"862e7fb\" data-element_type=\"section\" data-e-type=\"section\">\n\t\t\t\t\t\t<div class=\"elementor-container elementor-column-gap-default\">\n\t\t\t\t\t<div class=\"elementor-column elementor-col-100 elementor-top-column elementor-element elementor-element-b27a6fe\" data-id=\"b27a6fe\" data-element_type=\"column\" data-e-type=\"column\">\n\t\t\t<div class=\"elementor-widget-wrap elementor-element-populated\">\n\t\t\t\t\t\t<div class=\"elementor-element elementor-element-5620ad5 elementor-widget-divider--view-line elementor-widget elementor-widget-divider\" data-id=\"5620ad5\" data-element_type=\"widget\" data-e-type=\"widget\" data-widget_type=\"divider.default\">\n\t\t\t\t<div class=\"elementor-widget-container\">\n\t\t\t\t\t\t\t<div class=\"elementor-divider\">\n\t\t\t<span class=\"elementor-divider-separator\">\n\t\t\t\t\t\t<\/span>\n\t\t<\/div>\n\t\t\t\t\t\t<\/div>\n\t\t\t\t<\/div>\n\t\t\t\t\t<\/div>\n\t\t<\/div>\n\t\t\t\t\t<\/div>\n\t\t<\/section>\n\t\t\t\t<section class=\"elementor-section elementor-top-section elementor-element elementor-element-9a47eba elementor-section-boxed elementor-section-height-default elementor-section-height-default\" data-id=\"9a47eba\" data-element_type=\"section\" data-e-type=\"section\">\n\t\t\t\t\t\t<div class=\"elementor-container elementor-column-gap-default\">\n\t\t\t\t\t<div class=\"elementor-column elementor-col-100 elementor-top-column elementor-element elementor-element-ebe42e8\" data-id=\"ebe42e8\" data-element_type=\"column\" data-e-type=\"column\">\n\t\t\t<div class=\"elementor-widget-wrap elementor-element-populated\">\n\t\t\t\t\t\t<div class=\"elementor-element elementor-element-0973440 elementor-widget elementor-widget-heading\" data-id=\"0973440\" data-element_type=\"widget\" data-e-type=\"widget\" data-widget_type=\"heading.default\">\n\t\t\t\t<div class=\"elementor-widget-container\">\n\t\t\t\t\t<h2 class=\"elementor-heading-title elementor-size-default\">Minutas<\/h2>\t\t\t\t<\/div>\n\t\t\t\t<\/div>\n\t\t\t\t\t<\/div>\n\t\t<\/div>\n\t\t\t\t\t<\/div>\n\t\t<\/section>\n\t\t\t\t<section class=\"elementor-section elementor-top-section elementor-element elementor-element-76be51b elementor-section-boxed elementor-section-height-default elementor-section-height-default\" data-id=\"76be51b\" data-element_type=\"section\" data-e-type=\"section\">\n\t\t\t\t\t\t<div class=\"elementor-container elementor-column-gap-default\">\n\t\t\t\t\t<div class=\"elementor-column elementor-col-100 elementor-top-column elementor-element elementor-element-a1dd9bd\" data-id=\"a1dd9bd\" data-element_type=\"column\" data-e-type=\"column\">\n\t\t\t<div class=\"elementor-widget-wrap elementor-element-populated\">\n\t\t\t\t\t\t<div class=\"elementor-element elementor-element-081363b elementor-widget elementor-widget-heading\" data-id=\"081363b\" data-element_type=\"widget\" data-e-type=\"widget\" data-widget_type=\"heading.default\">\n\t\t\t\t<div class=\"elementor-widget-container\">\n\t\t\t\t\t<h2 class=\"elementor-heading-title elementor-size-default\">Declaratorias<\/h2>\t\t\t\t<\/div>\n\t\t\t\t<\/div>\n\t\t\t\t<div class=\"elementor-element elementor-element-c9eb618 elementor-widget elementor-widget-shortcode\" data-id=\"c9eb618\" data-element_type=\"widget\" data-e-type=\"widget\" data-widget_type=\"shortcode.default\">\n\t\t\t\t<div class=\"elementor-widget-container\">\n\t\t\t\t\t\t\t<div class=\"elementor-shortcode\"><div class='w3eden'><!-- WPDM Link Template: Default Template -->\n\n<div class=\"link-template-default card mb-2\">\n    <div class=\"card-body\">\n        <div class=\"media\">\n            <div class=\"mr-3 img-48\"><img decoding=\"async\" class=\"wpdm_icon\" alt=\"Icon\"   src=\"https:\/\/csuca.org\/wp-content\/plugins\/download-manager\/assets\/file-type-icons\/pdf.png\" \/><\/div>\n            <div class=\"media-body\">\n                <h3 class=\"package-title\"><a href='https:\/\/csuca.org\/es\/download\/declaratoria-de-la-xxxiv-asamblea-regional-sicaus\/'>Declaratoria de la XXXIV Asamblea Regional SICAUS<\/a><\/h3>\n                <div class=\"text-muted text-small\"><i class=\"fas fa-copy\"><\/i> 1 file(s) <i class=\"fas fa-hdd ml-3\"><\/i> 108.97 KB<\/div>\n            <\/div>\n            <div class=\"ml-3\">\n                <a class='wpdm-download-link download-on-click btn btn-primary ' rel='nofollow' href='#' data-downloadurl=\"https:\/\/csuca.org\/es\/download\/declaratoria-de-la-xxxiv-asamblea-regional-sicaus\/?wpdmdl=7019&refresh=69dc5283811431776046723\">Download<\/a>\n            <\/div>\n        <\/div>\n    <\/div>\n<\/div>\n\n<\/div><\/div>\n\t\t\t\t\t\t<\/div>\n\t\t\t\t<\/div>\n\t\t\t\t\t<\/div>\n\t\t<\/div>\n\t\t\t\t\t<\/div>\n\t\t<\/section>\n\t\t\t\t<\/div>\n\t\t","protected":false},"excerpt":{"rendered":"<p>El Sistema Centroamericano de Relaci\u00f3n Universidad-Sociedad (SICAUS) es un Sistema Universitario Regional de la Confederaci\u00f3n Universitaria Centroamericana, de naturaleza acad\u00e9mica y t\u00e9cnica que interact\u00faa estrechamente con los distintos sectores de la sociedad y el Estado, contribuyendo a los procesos de integraci\u00f3n y desarrollo regional en forma sostenible, mediante las diferentes actividades de vinculaci\u00f3n que la &hellip; <a href=\"https:\/\/csuca.org\/es\/sicaus\/\" class=\"more-link\">Continue reading<span class=\"screen-reader-text\"> &#8220;Sistema Centroamericano de Relaci\u00f3n Universidad &#8211; Sociedad (SICAUS)&#8221;<\/span><\/a><\/p>\n","protected":false},"author":4,"featured_media":0,"parent":0,"menu_order":0,"comment_status":"closed","ping_status":"closed","template":"","meta":{"footnotes":""},"class_list":["post-5413","page","type-page","status-publish","hentry"],"_links":{"self":[{"href":"https:\/\/csuca.org\/es\/wp-json\/wp\/v2\/pages\/5413","targetHints":{"allow":["GET"]}}],"collection":[{"href":"https:\/\/csuca.org\/es\/wp-json\/wp\/v2\/pages"}],"about":[{"href":"https:\/\/csuca.org\/es\/wp-json\/wp\/v2\/types\/page"}],"author":[{"embeddable":true,"href":"https:\/\/csuca.org\/es\/wp-json\/wp\/v2\/users\/4"}],"replies":[{"embeddable":true,"href":"https:\/\/csuca.org\/es\/wp-json\/wp\/v2\/comments?post=5413"}],"version-history":[{"count":29,"href":"https:\/\/csuca.org\/es\/wp-json\/wp\/v2\/pages\/5413\/revisions"}],"predecessor-version":[{"id":7024,"href":"https:\/\/csuca.org\/es\/wp-json\/wp\/v2\/pages\/5413\/revisions\/7024"}],"wp:attachment":[{"href":"https:\/\/csuca.org\/es\/wp-json\/wp\/v2\/media?parent=5413"}],"curies":[{"name":"wp","href":"https:\/\/api.w.org\/{rel}","templated":true}]}}