{"id":5553,"date":"2023-02-28T12:04:03","date_gmt":"2023-02-28T18:04:03","guid":{"rendered":"https:\/\/csuca.org\/?page_id=5553"},"modified":"2023-02-28T14:57:47","modified_gmt":"2023-02-28T20:57:47","slug":"sireicu","status":"publish","type":"page","link":"https:\/\/csuca.org\/es\/sireicu\/","title":{"rendered":"Sistema Regional de Informaci\u00f3n y Comunicaci\u00f3n Universitaria (SIREICU)"},"content":{"rendered":"\t\t<div data-elementor-type=\"wp-page\" data-elementor-id=\"5553\" class=\"elementor elementor-5553\">\n\t\t\t\t\t\t<section class=\"elementor-section elementor-top-section elementor-element elementor-element-4ddae3d elementor-section-boxed elementor-section-height-default elementor-section-height-default\" data-id=\"4ddae3d\" data-element_type=\"section\" data-e-type=\"section\">\n\t\t\t\t\t\t<div class=\"elementor-container elementor-column-gap-default\">\n\t\t\t\t\t<div class=\"elementor-column elementor-col-100 elementor-top-column elementor-element elementor-element-f251147\" data-id=\"f251147\" data-element_type=\"column\" data-e-type=\"column\">\n\t\t\t<div class=\"elementor-widget-wrap elementor-element-populated\">\n\t\t\t\t\t\t<div class=\"elementor-element elementor-element-0ee12d4 elementor-widget elementor-widget-image\" data-id=\"0ee12d4\" data-element_type=\"widget\" data-e-type=\"widget\" data-widget_type=\"image.default\">\n\t\t\t\t<div class=\"elementor-widget-container\">\n\t\t\t\t\t\t\t\t\t\t\t\t\t\t\t<img fetchpriority=\"high\" decoding=\"async\" width=\"768\" height=\"230\" src=\"https:\/\/csuca.org\/wp-content\/uploads\/2023\/02\/LOGO_SIREICU-768x230.png\" class=\"attachment-medium_large size-medium_large wp-image-5555\" alt=\"\" srcset=\"https:\/\/csuca.org\/wp-content\/uploads\/2023\/02\/LOGO_SIREICU-768x230.png 768w, https:\/\/csuca.org\/wp-content\/uploads\/2023\/02\/LOGO_SIREICU-500x150.png 500w, https:\/\/csuca.org\/wp-content\/uploads\/2023\/02\/LOGO_SIREICU-1024x307.png 1024w, https:\/\/csuca.org\/wp-content\/uploads\/2023\/02\/LOGO_SIREICU-18x5.png 18w, https:\/\/csuca.org\/wp-content\/uploads\/2023\/02\/LOGO_SIREICU-600x180.png 600w, https:\/\/csuca.org\/wp-content\/uploads\/2023\/02\/LOGO_SIREICU.png 1100w\" sizes=\"(max-width: 768px) 85vw, 768px\" \/>\t\t\t\t\t\t\t\t\t\t\t\t\t\t\t<\/div>\n\t\t\t\t<\/div>\n\t\t\t\t\t<\/div>\n\t\t<\/div>\n\t\t\t\t\t<\/div>\n\t\t<\/section>\n\t\t\t\t<section class=\"elementor-section elementor-top-section elementor-element elementor-element-105d5be elementor-section-boxed elementor-section-height-default elementor-section-height-default\" data-id=\"105d5be\" data-element_type=\"section\" data-e-type=\"section\">\n\t\t\t\t\t\t<div class=\"elementor-container elementor-column-gap-default\">\n\t\t\t\t\t<div class=\"elementor-column elementor-col-100 elementor-top-column elementor-element elementor-element-dabffd3\" data-id=\"dabffd3\" data-element_type=\"column\" data-e-type=\"column\">\n\t\t\t<div class=\"elementor-widget-wrap elementor-element-populated\">\n\t\t\t\t\t\t<div class=\"elementor-element elementor-element-d961b32 elementor-widget elementor-widget-text-editor\" data-id=\"d961b32\" data-element_type=\"widget\" data-e-type=\"widget\" data-widget_type=\"text-editor.default\">\n\t\t\t\t<div class=\"elementor-widget-container\">\n\t\t\t\t\t\t\t\t\t<p>El SIREICU es una dependencia de la Confederaci\u00f3n Universitaria Centroamericana que impulsa los procesos de comunicaci\u00f3n y funciona como un instrumento estrat\u00e9gico de los sistemas del CSUCA para la creaci\u00f3n, producci\u00f3n, distribuci\u00f3n de materiales comunicativos gr\u00e1ficos, textuales y audiovisuales elaborados para la divulgaci\u00f3n del quehacer de las universidades que pertenecen al CSUCA, con el fin de fortalecer, visibilizar y reconocer las actividades, acciones y proyectos que realizan.<br \/>Entre sus funciones destacan: desarrollar y apoyar los diversos procesos de comunicaci\u00f3n generados por los sistemas. Coordinar la comunicaci\u00f3n externa del CSUCA a fin de producir y distribuir informaci\u00f3n pertinente del organismo hacia actores externos, como medios de comunicaci\u00f3n de la regi\u00f3n, o hacia instancias de comunicaci\u00f3n de organismos internacionales de educaci\u00f3n.<br \/>El SIREICU re\u00fane las instancias de divulgaci\u00f3n y comunicaci\u00f3n de las universidades miembros del CSUCA, y los medios de comunicaci\u00f3n universitarios (radio, televisi\u00f3n, impresos y digitales, espacios audiovisuales, redes sociales y otros), a fin de coordinar el desarrollo de pol\u00edticas comunicativas que permitan articular y promover informaci\u00f3n producida en el marco de la Confederaci\u00f3n y sus sistemas, con el objetivo de informar a la comunidad universitaria regional de los proyectos y acciones realizadas por las casas de estudio miembros.<\/p>\t\t\t\t\t\t\t\t<\/div>\n\t\t\t\t<\/div>\n\t\t\t\t\t<\/div>\n\t\t<\/div>\n\t\t\t\t\t<\/div>\n\t\t<\/section>\n\t\t\t\t<section class=\"elementor-section elementor-top-section elementor-element elementor-element-c06fc97 elementor-section-boxed elementor-section-height-default elementor-section-height-default\" data-id=\"c06fc97\" data-element_type=\"section\" data-e-type=\"section\">\n\t\t\t\t\t\t<div class=\"elementor-container elementor-column-gap-default\">\n\t\t\t\t\t<div class=\"elementor-column elementor-col-100 elementor-top-column elementor-element elementor-element-1075c2a\" data-id=\"1075c2a\" data-element_type=\"column\" data-e-type=\"column\">\n\t\t\t<div class=\"elementor-widget-wrap elementor-element-populated\">\n\t\t\t\t\t\t<div class=\"elementor-element elementor-element-78dd2ff elementor-widget elementor-widget-toggle\" data-id=\"78dd2ff\" data-element_type=\"widget\" data-e-type=\"widget\" data-widget_type=\"toggle.default\">\n\t\t\t\t<div class=\"elementor-widget-container\">\n\t\t\t\t\t\t\t<div class=\"elementor-toggle\">\n\t\t\t\t\t\t\t<div class=\"elementor-toggle-item\">\n\t\t\t\t\t<div id=\"elementor-tab-title-1261\" class=\"elementor-tab-title\" data-tab=\"1\" role=\"button\" aria-controls=\"elementor-tab-content-1261\" aria-expanded=\"false\">\n\t\t\t\t\t\t\t\t\t\t\t\t<span class=\"elementor-toggle-icon elementor-toggle-icon-left\" aria-hidden=\"true\">\n\t\t\t\t\t\t\t\t\t\t\t\t\t\t\t<span class=\"elementor-toggle-icon-closed\"><i class=\"fas fa-caret-right\"><\/i><\/span>\n\t\t\t\t\t\t\t\t<span class=\"elementor-toggle-icon-opened\"><i class=\"elementor-toggle-icon-opened fas fa-caret-up\"><\/i><\/span>\n\t\t\t\t\t\t\t\t\t\t\t\t\t<\/span>\n\t\t\t\t\t\t\t\t\t\t\t\t<a class=\"elementor-toggle-title\" tabindex=\"0\">Objetivos<\/a>\n\t\t\t\t\t<\/div>\n\n\t\t\t\t\t<div id=\"elementor-tab-content-1261\" class=\"elementor-tab-content elementor-clearfix\" data-tab=\"1\" role=\"region\" aria-labelledby=\"elementor-tab-title-1261\"><p>1. Establecer alianzas interuniversitarias para el apoyo log\u00edstico en la divulgaci\u00f3n del quehacer universitario, desde las instancias de comunicaci\u00f3n de las universidades miembros del CSUCA, las actividades de la Confederaci\u00f3n Universitaria Centroamericana, los procesos y resultados de investigaci\u00f3n, extensi\u00f3n, vinculaci\u00f3n, docencia y gesti\u00f3n de las universidades miembros, as\u00ed como compartir las diversas manifestaciones del pensamiento y la cultura centroamericana.<br \/>2. Contribuir a la formulaci\u00f3n y dise\u00f1o de pol\u00edticas y normativas de comunicaci\u00f3n, informaci\u00f3n, gesti\u00f3n e incidencia en los \u00f3rganos de direcci\u00f3n y toma de decisiones del CSUCA y sus universidades miembros, para la formulaci\u00f3n y establecimiento de acciones institucionales que permitan visualizar los resultados de su quehacer.<br \/>3. Apoyar a las universidades miembros del CSUCA en la formulaci\u00f3n e implementaci\u00f3n de actividades de comunicaci\u00f3n y promoci\u00f3n del trabajo en red de acad\u00e9micos, investigadores, grupos de trabajo y centros de investigaci\u00f3n que trabajan en las \u00e1reas prioritarias de la Agenda Regional.<br \/>4. Establecer acuerdos, mecanismos, repositorios, protocolos, plataforma interactiva y planes operativos para la producci\u00f3n, transferencia y divulgaci\u00f3n conjunta de productos comunicacionales y editoriales.<br \/>5. Fortalecer las capacidades de los equipos de comunicaci\u00f3n y divulgaci\u00f3n en la formulaci\u00f3n, gesti\u00f3n, ejecuci\u00f3n de un programa de capacitaci\u00f3n y educaci\u00f3n continua, a nivel regional y por universidad, en temas de comunicaci\u00f3n, nuevas tecnolog\u00edas de la informaci\u00f3n, tendencias, que incluya cursos, seminarios, pasant\u00edas, posgrados, intercambio de buenas pr\u00e1cticas, entre otros.<br \/>6. Desarrollar productos comunicacionales que difundan resultados en docencia, investigaci\u00f3n, innovaci\u00f3n, ciencia, extensi\u00f3n y acci\u00f3n social, arte y cultura, y materiales educativos producidos por los sistemas.<br \/>7. Promocionar las actividades acad\u00e9micas, culturales y deportivas que se desarrollan entre las universidades miembros.<\/p><\/div>\n\t\t\t\t<\/div>\n\t\t\t\t\t\t\t<div class=\"elementor-toggle-item\">\n\t\t\t\t\t<div id=\"elementor-tab-title-1262\" class=\"elementor-tab-title\" data-tab=\"2\" role=\"button\" aria-controls=\"elementor-tab-content-1262\" aria-expanded=\"false\">\n\t\t\t\t\t\t\t\t\t\t\t\t<span class=\"elementor-toggle-icon elementor-toggle-icon-left\" aria-hidden=\"true\">\n\t\t\t\t\t\t\t\t\t\t\t\t\t\t\t<span class=\"elementor-toggle-icon-closed\"><i class=\"fas fa-caret-right\"><\/i><\/span>\n\t\t\t\t\t\t\t\t<span class=\"elementor-toggle-icon-opened\"><i class=\"elementor-toggle-icon-opened fas fa-caret-up\"><\/i><\/span>\n\t\t\t\t\t\t\t\t\t\t\t\t\t<\/span>\n\t\t\t\t\t\t\t\t\t\t\t\t<a class=\"elementor-toggle-title\" tabindex=\"0\">Organizaci\u00f3n<\/a>\n\t\t\t\t\t<\/div>\n\n\t\t\t\t\t<div id=\"elementor-tab-content-1262\" class=\"elementor-tab-content elementor-clearfix\" data-tab=\"2\" role=\"region\" aria-labelledby=\"elementor-tab-title-1262\"><p>El SIREICU est\u00e1 integrado por las Direcciones de las instancias de divulgaci\u00f3n y comunicaci\u00f3n de las universidades miembros del CSUCA, un representante de Red Comunica y un representante de la Secretar\u00eda General de CSUCA.<br \/>Dentro de su estructura organizacional con los siguientes \u00f3rganos:<\/p><p>a. <strong>Asamblea de direcciones de las instancias de divulgaci\u00f3n y comunicaci\u00f3n de las universidades miembros del CSUCA. <\/strong>La Asamblea General del Sistema SIREICU est\u00e1 compuesta por las direcciones de las instancias de divulgaci\u00f3n y comunicaci\u00f3n de las universidades miembros del CSUCA, un representante de Red Comunica y un representante de la Secretar\u00eda General de CSUCA.; ser\u00e1 el \u00f3rgano deliberativo, propositivo y de aprobaci\u00f3n del Sistema.<br \/>Seg\u00fan los proyectos generados desde SIREICU, podr\u00e1n incorporarse m\u00e1s miembros a la asamblea general, tomando en cuenta que los mismos tendr\u00e1n derecho a voz y no voto.<\/p><p>b. <strong>Presidencia y Secretar\u00eda General.<\/strong> La Presidencia del SIREICU ser\u00e1 ocupada cada a\u00f1o por la persona responsable de la Direcci\u00f3n de la instancia de divulgaci\u00f3n y comunicaci\u00f3n de la universidad que ostente la Presidencia Pro-Tempore del CSUCA, respectivamente, en representaci\u00f3n anual al pa\u00eds sede. La persona que ostente la Secretaria General del SIREICU ser\u00e1 nombrada por la Asamblea General de direcciones de las instancias de divulgaci\u00f3n y comunicaci\u00f3n del Sistema, para impulsar los procesos de integraci\u00f3n de la comunicaci\u00f3n de la Confederaci\u00f3n.<\/p><p>c.<strong> Consejo Director.<\/strong><br \/>El Consejo Director est\u00e1 integrado por un representante por pa\u00eds de las universidades miembros del CSUCA, persona que ser\u00e1 nombrada por el comit\u00e9 de cada naci\u00f3n seg\u00fan su organizaci\u00f3n interna, y ratificada por la Asamblea General del Sistema. Un representante de Red Comunica y un representante de la Secretar\u00eda General de CSUCA, con derecho a voz y no voto.<\/p><\/div>\n\t\t\t\t<\/div>\n\t\t\t\t\t\t\t\t<\/div>\n\t\t\t\t\t\t<\/div>\n\t\t\t\t<\/div>\n\t\t\t\t\t<\/div>\n\t\t<\/div>\n\t\t\t\t\t<\/div>\n\t\t<\/section>\n\t\t\t\t<section class=\"elementor-section elementor-top-section elementor-element elementor-element-c345e37 elementor-section-boxed elementor-section-height-default elementor-section-height-default\" data-id=\"c345e37\" data-element_type=\"section\" data-e-type=\"section\">\n\t\t\t\t\t\t<div class=\"elementor-container elementor-column-gap-default\">\n\t\t\t\t\t<div class=\"elementor-column elementor-col-100 elementor-top-column elementor-element elementor-element-0b1f302\" data-id=\"0b1f302\" data-element_type=\"column\" data-e-type=\"column\">\n\t\t\t<div class=\"elementor-widget-wrap elementor-element-populated\">\n\t\t\t\t\t\t<div class=\"elementor-element elementor-element-039eace elementor-widget elementor-widget-heading\" data-id=\"039eace\" data-element_type=\"widget\" data-e-type=\"widget\" data-widget_type=\"heading.default\">\n\t\t\t\t<div class=\"elementor-widget-container\">\n\t\t\t\t\t<h2 class=\"elementor-heading-title elementor-size-default\"><h2 style=\"clear: both;font-weight: var( --e-global-typography-primary-font-weight );margin: 0px 0px 1em;, sans-serif;font-style: normal;padding: 0px;line-height: 1.25;font-size: 1.75rem;letter-spacing: normal;text-align: start;text-indent: 0px;text-transform: none\">Documentos Basicos SIREICU<span><\/span><\/h2><\/h2>\t\t\t\t<\/div>\n\t\t\t\t<\/div>\n\t\t\t\t\t<\/div>\n\t\t<\/div>\n\t\t\t\t\t<\/div>\n\t\t<\/section>\n\t\t\t\t<section class=\"elementor-section elementor-top-section elementor-element elementor-element-1f6158b elementor-section-boxed elementor-section-height-default elementor-section-height-default\" data-id=\"1f6158b\" data-element_type=\"section\" data-e-type=\"section\">\n\t\t\t\t\t\t<div class=\"elementor-container elementor-column-gap-default\">\n\t\t\t\t\t<div class=\"elementor-column elementor-col-100 elementor-top-column elementor-element elementor-element-7b9aaf4\" data-id=\"7b9aaf4\" data-element_type=\"column\" data-e-type=\"column\">\n\t\t\t<div class=\"elementor-widget-wrap elementor-element-populated\">\n\t\t\t\t\t\t<div class=\"elementor-element elementor-element-b7b4d75 elementor-widget elementor-widget-toggle\" data-id=\"b7b4d75\" data-element_type=\"widget\" data-e-type=\"widget\" data-widget_type=\"toggle.default\">\n\t\t\t\t<div class=\"elementor-widget-container\">\n\t\t\t\t\t\t\t<div class=\"elementor-toggle\">\n\t\t\t\t\t\t\t<div class=\"elementor-toggle-item\">\n\t\t\t\t\t<div id=\"elementor-tab-title-1921\" class=\"elementor-tab-title\" data-tab=\"1\" role=\"button\" aria-controls=\"elementor-tab-content-1921\" aria-expanded=\"false\">\n\t\t\t\t\t\t\t\t\t\t\t\t<span class=\"elementor-toggle-icon elementor-toggle-icon-left\" aria-hidden=\"true\">\n\t\t\t\t\t\t\t\t\t\t\t\t\t\t\t<span class=\"elementor-toggle-icon-closed\"><i class=\"fas fa-caret-right\"><\/i><\/span>\n\t\t\t\t\t\t\t\t<span class=\"elementor-toggle-icon-opened\"><i class=\"elementor-toggle-icon-opened fas fa-caret-up\"><\/i><\/span>\n\t\t\t\t\t\t\t\t\t\t\t\t\t<\/span>\n\t\t\t\t\t\t\t\t\t\t\t\t<a class=\"elementor-toggle-title\" tabindex=\"0\">REGLAMENTACI\u00d3N<\/a>\n\t\t\t\t\t<\/div>\n\n\t\t\t\t\t<div id=\"elementor-tab-content-1921\" class=\"elementor-tab-content elementor-clearfix\" data-tab=\"1\" role=\"region\" aria-labelledby=\"elementor-tab-title-1921\"><ul><li><a href=\"https:\/\/csuca.org\/es\/download\/reglamento-sireicu\/\">Reglamento SIREICU<\/a><\/li><\/ul><\/div>\n\t\t\t\t<\/div>\n\t\t\t\t\t\t\t\t<\/div>\n\t\t\t\t\t\t<\/div>\n\t\t\t\t<\/div>\n\t\t\t\t\t<\/div>\n\t\t<\/div>\n\t\t\t\t\t<\/div>\n\t\t<\/section>\n\t\t\t\t<section class=\"elementor-section elementor-top-section elementor-element elementor-element-ff9d18e elementor-section-boxed elementor-section-height-default elementor-section-height-default\" data-id=\"ff9d18e\" data-element_type=\"section\" data-e-type=\"section\">\n\t\t\t\t\t\t<div class=\"elementor-container elementor-column-gap-default\">\n\t\t\t\t\t<div class=\"elementor-column elementor-col-100 elementor-top-column elementor-element elementor-element-a3379d1\" data-id=\"a3379d1\" data-element_type=\"column\" data-e-type=\"column\">\n\t\t\t<div class=\"elementor-widget-wrap elementor-element-populated\">\n\t\t\t\t\t\t<div class=\"elementor-element elementor-element-ef6cab1 elementor-widget elementor-widget-heading\" data-id=\"ef6cab1\" data-element_type=\"widget\" data-e-type=\"widget\" data-widget_type=\"heading.default\">\n\t\t\t\t<div class=\"elementor-widget-container\">\n\t\t\t\t\t<h2 class=\"elementor-heading-title elementor-size-default\">Actas<\/h2>\t\t\t\t<\/div>\n\t\t\t\t<\/div>\n\t\t\t\t\t<\/div>\n\t\t<\/div>\n\t\t\t\t\t<\/div>\n\t\t<\/section>\n\t\t\t\t<section class=\"elementor-section elementor-top-section elementor-element elementor-element-216a428 elementor-section-boxed elementor-section-height-default elementor-section-height-default\" data-id=\"216a428\" data-element_type=\"section\" data-e-type=\"section\">\n\t\t\t\t\t\t<div class=\"elementor-container elementor-column-gap-default\">\n\t\t\t\t\t<div class=\"elementor-column elementor-col-100 elementor-top-column elementor-element elementor-element-0788347\" data-id=\"0788347\" data-element_type=\"column\" data-e-type=\"column\">\n\t\t\t<div class=\"elementor-widget-wrap elementor-element-populated\">\n\t\t\t\t\t\t<div class=\"elementor-element elementor-element-90fdc11 elementor-widget elementor-widget-heading\" data-id=\"90fdc11\" data-element_type=\"widget\" data-e-type=\"widget\" data-widget_type=\"heading.default\">\n\t\t\t\t<div class=\"elementor-widget-container\">\n\t\t\t\t\t<h2 class=\"elementor-heading-title elementor-size-default\">Enlaces<\/h2>\t\t\t\t<\/div>\n\t\t\t\t<\/div>\n\t\t\t\t<section class=\"elementor-section elementor-inner-section elementor-element elementor-element-6349825 elementor-section-boxed elementor-section-height-default elementor-section-height-default\" data-id=\"6349825\" data-element_type=\"section\" data-e-type=\"section\">\n\t\t\t\t\t\t<div class=\"elementor-container elementor-column-gap-default\">\n\t\t\t\t\t<div class=\"elementor-column elementor-col-50 elementor-inner-column elementor-element elementor-element-115aabc\" data-id=\"115aabc\" data-element_type=\"column\" data-e-type=\"column\">\n\t\t\t<div class=\"elementor-widget-wrap elementor-element-populated\">\n\t\t\t\t\t\t<div class=\"elementor-element elementor-element-a330911 elementor-widget elementor-widget-image\" data-id=\"a330911\" data-element_type=\"widget\" data-e-type=\"widget\" data-widget_type=\"image.default\">\n\t\t\t\t<div class=\"elementor-widget-container\">\n\t\t\t\t\t\t\t\t\t\t\t\t\t\t\t<img decoding=\"async\" src=\"https:\/\/csuca.org\/wp-content\/uploads\/elementor\/thumbs\/www_red_comunica-q2u85whrfibqfqnyjgrm3nvw9re2jz87d37aqr1bas.png\" title=\"www_red_comunica\" alt=\"www_red_comunica\" loading=\"lazy\" \/>\t\t\t\t\t\t\t\t\t\t\t\t\t\t\t<\/div>\n\t\t\t\t<\/div>\n\t\t\t\t<div class=\"elementor-element elementor-element-410be67 elementor-widget elementor-widget-image\" data-id=\"410be67\" data-element_type=\"widget\" data-e-type=\"widget\" data-widget_type=\"image.default\">\n\t\t\t\t<div class=\"elementor-widget-container\">\n\t\t\t\t\t\t\t\t\t\t\t\t\t\t\t<img decoding=\"async\" src=\"https:\/\/csuca.org\/wp-content\/uploads\/elementor\/thumbs\/radio_comunica-q2u8dqhcdt1r6racsunovoq6hcs6p6bofuwyprf7g4.png\" title=\"radio_comunica\" alt=\"radio_comunica\" loading=\"lazy\" \/>\t\t\t\t\t\t\t\t\t\t\t\t\t\t\t<\/div>\n\t\t\t\t<\/div>\n\t\t\t\t\t<\/div>\n\t\t<\/div>\n\t\t\t\t<div class=\"elementor-column elementor-col-50 elementor-inner-column elementor-element elementor-element-dbb599c\" data-id=\"dbb599c\" data-element_type=\"column\" data-e-type=\"column\">\n\t\t\t<div class=\"elementor-widget-wrap elementor-element-populated\">\n\t\t\t\t\t\t<div class=\"elementor-element elementor-element-5b4930f elementor-widget elementor-widget-text-editor\" data-id=\"5b4930f\" data-element_type=\"widget\" data-e-type=\"widget\" data-widget_type=\"text-editor.default\">\n\t\t\t\t<div class=\"elementor-widget-container\">\n\t\t\t\t\t\t\t\t\t<h5><strong><a href=\"https:\/\/redcomunica.csuca.org\/\" target=\"_blank\" rel=\"noopener\">Red COMUNICA<\/a><\/strong><\/h5>\t\t\t\t\t\t\t\t<\/div>\n\t\t\t\t<\/div>\n\t\t\t\t<div class=\"elementor-element elementor-element-a019758 elementor-widget elementor-widget-text-editor\" data-id=\"a019758\" data-element_type=\"widget\" data-e-type=\"widget\" data-widget_type=\"text-editor.default\">\n\t\t\t\t<div class=\"elementor-widget-container\">\n\t\t\t\t\t\t\t\t\t<h5><a href=\"https:\/\/redcomunica.csuca.org\/index.php\/contenido\/red-comunica\/radio-comunica-2\/\"><strong>Radio COMUNICA<\/strong><\/a><\/h5>\t\t\t\t\t\t\t\t<\/div>\n\t\t\t\t<\/div>\n\t\t\t\t<div class=\"elementor-element elementor-element-f0ba51f elementor-widget elementor-widget-html\" data-id=\"f0ba51f\" data-element_type=\"widget\" data-e-type=\"widget\" data-widget_type=\"html.default\">\n\t\t\t\t<div class=\"elementor-widget-container\">\n\t\t\t\t\t <!-- Inicio. radio hosting USAstreams.com html5 player -->\n<!-- Licencia: GRATIS-XDF4543ERF -->\n<iframe name=\"contenedorPlayer\" class=\"cuadroBordeado\" allow=\"autoplay\" width=\"100%\" height=\"78px\" marginwidth=0 marginheight=0 hspace=0 vspace=0 frameborder=0 scrolling=no  src=\"https:\/\/cp.usastreams.com\/pr2g\/APPlayerRadioHTML5.aspx?stream=https:\/\/vivo.miradio.in\/8084\/stream&fondo=05&formato=mpeg&color=14&titulo=2&autoStart=1&vol=5&tipo=14&nombre=RADIO+COMUNICA&imagen=https:\/\/cp.usastreams.com\/playerHTML5\/img\/cover.png\"><\/iframe>\n<!-- En players responsive puede modificar el weight a sus necesidades, Por favor no modifique el resto del codigo para poder seguir ofreciendo este servicio gratis  -->\n<!-- Fin. USAstreams.com html5 player -->\t\t\t\t<\/div>\n\t\t\t\t<\/div>\n\t\t\t\t\t<\/div>\n\t\t<\/div>\n\t\t\t\t\t<\/div>\n\t\t<\/section>\n\t\t\t\t\t<\/div>\n\t\t<\/div>\n\t\t\t\t\t<\/div>\n\t\t<\/section>\n\t\t\t\t<\/div>\n\t\t","protected":false},"excerpt":{"rendered":"<p>El SIREICU es una dependencia de la Confederaci\u00f3n Universitaria Centroamericana que impulsa los procesos de comunicaci\u00f3n y funciona como un instrumento estrat\u00e9gico de los sistemas del CSUCA para la creaci\u00f3n, producci\u00f3n, distribuci\u00f3n de materiales comunicativos gr\u00e1ficos, textuales y audiovisuales elaborados para la divulgaci\u00f3n del quehacer de las universidades que pertenecen al CSUCA, con el fin &hellip; <a href=\"https:\/\/csuca.org\/es\/sireicu\/\" class=\"more-link\">Continue reading<span class=\"screen-reader-text\"> &#8220;Sistema Regional de Informaci\u00f3n y Comunicaci\u00f3n Universitaria (SIREICU)&#8221;<\/span><\/a><\/p>\n","protected":false},"author":4,"featured_media":0,"parent":0,"menu_order":0,"comment_status":"closed","ping_status":"closed","template":"","meta":{"footnotes":""},"class_list":["post-5553","page","type-page","status-publish","hentry"],"_links":{"self":[{"href":"https:\/\/csuca.org\/es\/wp-json\/wp\/v2\/pages\/5553","targetHints":{"allow":["GET"]}}],"collection":[{"href":"https:\/\/csuca.org\/es\/wp-json\/wp\/v2\/pages"}],"about":[{"href":"https:\/\/csuca.org\/es\/wp-json\/wp\/v2\/types\/page"}],"author":[{"embeddable":true,"href":"https:\/\/csuca.org\/es\/wp-json\/wp\/v2\/users\/4"}],"replies":[{"embeddable":true,"href":"https:\/\/csuca.org\/es\/wp-json\/wp\/v2\/comments?post=5553"}],"version-history":[{"count":61,"href":"https:\/\/csuca.org\/es\/wp-json\/wp\/v2\/pages\/5553\/revisions"}],"predecessor-version":[{"id":5626,"href":"https:\/\/csuca.org\/es\/wp-json\/wp\/v2\/pages\/5553\/revisions\/5626"}],"wp:attachment":[{"href":"https:\/\/csuca.org\/es\/wp-json\/wp\/v2\/media?parent=5553"}],"curies":[{"name":"wp","href":"https:\/\/api.w.org\/{rel}","templated":true}]}}