{"id":6895,"date":"2024-01-26T09:28:58","date_gmt":"2024-01-26T15:28:58","guid":{"rendered":"https:\/\/csuca.org\/?page_id=6895"},"modified":"2025-06-05T09:25:12","modified_gmt":"2025-06-05T15:25:12","slug":"idrc-15hn","status":"publish","type":"page","link":"https:\/\/csuca.org\/es\/idrc-15hn\/","title":{"rendered":"IDRC 15HN"},"content":{"rendered":"\t\t<div data-elementor-type=\"wp-page\" data-elementor-id=\"6895\" class=\"elementor elementor-6895\">\n\t\t\t\t\t\t<section class=\"elementor-section elementor-top-section elementor-element elementor-element-5d4194e elementor-section-boxed elementor-section-height-default elementor-section-height-default\" data-id=\"5d4194e\" data-element_type=\"section\" data-e-type=\"section\">\n\t\t\t\t\t\t<div class=\"elementor-container elementor-column-gap-default\">\n\t\t\t\t\t<div class=\"elementor-column elementor-col-100 elementor-top-column elementor-element elementor-element-d503694\" data-id=\"d503694\" data-element_type=\"column\" data-e-type=\"column\">\n\t\t\t<div class=\"elementor-widget-wrap elementor-element-populated\">\n\t\t\t\t\t\t<div class=\"elementor-element elementor-element-de5c7e5 elementor-widget elementor-widget-heading\" data-id=\"de5c7e5\" data-element_type=\"widget\" data-e-type=\"widget\" data-widget_type=\"heading.default\">\n\t\t\t\t<div class=\"elementor-widget-container\">\n\t\t\t\t\t<h2 class=\"elementor-heading-title elementor-size-default\">Consolidaci\u00f3n de la Red Centroamericana de Investigaci\u00f3n en Extensi\u00f3n Cr\u00edtica (RECIEC), Etapa II<\/h2>\t\t\t\t<\/div>\n\t\t\t\t<\/div>\n\t\t\t\t\t<\/div>\n\t\t<\/div>\n\t\t\t\t\t<\/div>\n\t\t<\/section>\n\t\t\t\t<section class=\"elementor-section elementor-top-section elementor-element elementor-element-5e17e9b elementor-section-boxed elementor-section-height-default elementor-section-height-default\" data-id=\"5e17e9b\" data-element_type=\"section\" data-e-type=\"section\">\n\t\t\t\t\t\t<div class=\"elementor-container elementor-column-gap-default\">\n\t\t\t\t\t<div class=\"elementor-column elementor-col-100 elementor-top-column elementor-element elementor-element-a6274b3\" data-id=\"a6274b3\" data-element_type=\"column\" data-e-type=\"column\">\n\t\t\t<div class=\"elementor-widget-wrap elementor-element-populated\">\n\t\t\t\t\t\t<div class=\"elementor-element elementor-element-b389274 elementor-widget elementor-widget-text-editor\" data-id=\"b389274\" data-element_type=\"widget\" data-e-type=\"widget\" data-widget_type=\"text-editor.default\">\n\t\t\t\t<div class=\"elementor-widget-container\">\n\t\t\t\t\t\t\t\t\t<p>OBJETIVO GENERAL<br \/>Promover la integralidad de la extensi\u00f3n de las universidades p\u00fablicas centroamericanas orientadas a la integraci\u00f3n universitaria, formaci\u00f3n acad\u00e9mica, difusi\u00f3n de experiencias y recuperaci\u00f3n de conocimiento nuevo generado, desde posturas de extensi\u00f3n cr\u00edtico-transformadora en Centroam\u00e9rica, para el aumento en el tratamiento integral de problem\u00e1ticas socio comunitarias asociadas a la Territorialidad, riesgo y desarrollo local.<br \/><br \/>INSTITUCI\u00d3N L\u00cdDER<br \/>Universidad Pedag\u00f3gica Francisco Moraz\u00e1n<br \/><br \/>INSTITUCIONES SOCIAS<br \/>Universidad Nacional Aut\u00f3noma de Nicaragua, Managua (UNAN-Managua), Universidad Especializada de las Am\u00e9ricas (UDELAS), Universidad Nacional de Costa Rica (UNA).<\/p>\t\t\t\t\t\t\t\t<\/div>\n\t\t\t\t<\/div>\n\t\t\t\t<div class=\"elementor-element elementor-element-d6d64f8 elementor-widget-divider--view-line elementor-widget elementor-widget-divider\" data-id=\"d6d64f8\" data-element_type=\"widget\" data-e-type=\"widget\" data-widget_type=\"divider.default\">\n\t\t\t\t<div class=\"elementor-widget-container\">\n\t\t\t\t\t\t\t<div class=\"elementor-divider\">\n\t\t\t<span class=\"elementor-divider-separator\">\n\t\t\t\t\t\t<\/span>\n\t\t<\/div>\n\t\t\t\t\t\t<\/div>\n\t\t\t\t<\/div>\n\t\t\t\t<div class=\"elementor-element elementor-element-77751a3 elementor-widget elementor-widget-image\" data-id=\"77751a3\" data-element_type=\"widget\" data-e-type=\"widget\" data-widget_type=\"image.default\">\n\t\t\t\t<div class=\"elementor-widget-container\">\n\t\t\t\t\t\t\t\t\t\t\t\t\t\t\t<img fetchpriority=\"high\" decoding=\"async\" width=\"683\" height=\"1024\" src=\"https:\/\/csuca.org\/wp-content\/uploads\/2025\/05\/AFICHE-15HN-683x1024.jpg\" class=\"attachment-large size-large wp-image-9461\" alt=\"\" srcset=\"https:\/\/csuca.org\/wp-content\/uploads\/2025\/05\/AFICHE-15HN-683x1024.jpg 683w, https:\/\/csuca.org\/wp-content\/uploads\/2025\/05\/AFICHE-15HN-333x500.jpg 333w, https:\/\/csuca.org\/wp-content\/uploads\/2025\/05\/AFICHE-15HN-768x1152.jpg 768w, https:\/\/csuca.org\/wp-content\/uploads\/2025\/05\/AFICHE-15HN-1024x1536.jpg 1024w, https:\/\/csuca.org\/wp-content\/uploads\/2025\/05\/AFICHE-15HN-1365x2048.jpg 1365w, https:\/\/csuca.org\/wp-content\/uploads\/2025\/05\/AFICHE-15HN-8x12.jpg 8w, https:\/\/csuca.org\/wp-content\/uploads\/2025\/05\/AFICHE-15HN-1200x1800.jpg 1200w, https:\/\/csuca.org\/wp-content\/uploads\/2025\/05\/AFICHE-15HN-scaled.jpg 1707w\" sizes=\"(max-width: 683px) 85vw, 683px\" \/>\t\t\t\t\t\t\t\t\t\t\t\t\t\t\t<\/div>\n\t\t\t\t<\/div>\n\t\t\t\t<div class=\"elementor-element elementor-element-9328279 elementor-widget-divider--view-line elementor-widget elementor-widget-divider\" data-id=\"9328279\" data-element_type=\"widget\" data-e-type=\"widget\" data-widget_type=\"divider.default\">\n\t\t\t\t<div class=\"elementor-widget-container\">\n\t\t\t\t\t\t\t<div class=\"elementor-divider\">\n\t\t\t<span class=\"elementor-divider-separator\">\n\t\t\t\t\t\t<\/span>\n\t\t<\/div>\n\t\t\t\t\t\t<\/div>\n\t\t\t\t<\/div>\n\t\t\t\t\t<\/div>\n\t\t<\/div>\n\t\t\t\t\t<\/div>\n\t\t<\/section>\n\t\t\t\t<section class=\"elementor-section elementor-top-section elementor-element elementor-element-e0a5bed elementor-section-boxed elementor-section-height-default elementor-section-height-default\" data-id=\"e0a5bed\" data-element_type=\"section\" data-e-type=\"section\">\n\t\t\t\t\t\t<div class=\"elementor-container elementor-column-gap-default\">\n\t\t\t\t\t<div class=\"elementor-column elementor-col-50 elementor-top-column elementor-element elementor-element-01fa025\" data-id=\"01fa025\" data-element_type=\"column\" data-e-type=\"column\">\n\t\t\t<div class=\"elementor-widget-wrap elementor-element-populated\">\n\t\t\t\t\t\t<div class=\"elementor-element elementor-element-3ba7220 elementor-widget elementor-widget-heading\" data-id=\"3ba7220\" data-element_type=\"widget\" data-e-type=\"widget\" data-widget_type=\"heading.default\">\n\t\t\t\t<div class=\"elementor-widget-container\">\n\t\t\t\t\t<h2 class=\"elementor-heading-title elementor-size-default\">Publicaciones Indexadas<\/h2>\t\t\t\t<\/div>\n\t\t\t\t<\/div>\n\t\t\t\t\t<\/div>\n\t\t<\/div>\n\t\t\t\t<div class=\"elementor-column elementor-col-50 elementor-top-column elementor-element elementor-element-2c3abf2\" data-id=\"2c3abf2\" data-element_type=\"column\" data-e-type=\"column\">\n\t\t\t<div class=\"elementor-widget-wrap elementor-element-populated\">\n\t\t\t\t\t\t<div class=\"elementor-element elementor-element-452fbf6 elementor-widget elementor-widget-heading\" data-id=\"452fbf6\" data-element_type=\"widget\" data-e-type=\"widget\" data-widget_type=\"heading.default\">\n\t\t\t\t<div class=\"elementor-widget-container\">\n\t\t\t\t\t<h2 class=\"elementor-heading-title elementor-size-default\">Literatura Gris<\/h2>\t\t\t\t<\/div>\n\t\t\t\t<\/div>\n\t\t\t\t\t<\/div>\n\t\t<\/div>\n\t\t\t\t\t<\/div>\n\t\t<\/section>\n\t\t\t\t<section class=\"elementor-section elementor-top-section elementor-element elementor-element-9a14657 elementor-section-boxed elementor-section-height-default elementor-section-height-default\" data-id=\"9a14657\" data-element_type=\"section\" data-e-type=\"section\">\n\t\t\t\t\t\t<div class=\"elementor-container elementor-column-gap-default\">\n\t\t\t\t\t<div class=\"elementor-column elementor-col-50 elementor-top-column elementor-element elementor-element-806b971\" data-id=\"806b971\" data-element_type=\"column\" data-e-type=\"column\">\n\t\t\t<div class=\"elementor-widget-wrap elementor-element-populated\">\n\t\t\t\t\t\t<div class=\"elementor-element elementor-element-6328405 elementor-widget elementor-widget-heading\" data-id=\"6328405\" data-element_type=\"widget\" data-e-type=\"widget\" data-widget_type=\"heading.default\">\n\t\t\t\t<div class=\"elementor-widget-container\">\n\t\t\t\t\t<h2 class=\"elementor-heading-title elementor-size-default\">Actividades Realizadas\n<\/h2>\t\t\t\t<\/div>\n\t\t\t\t<\/div>\n\t\t\t\t<div class=\"elementor-element elementor-element-790fca7 elementor-arrows-position-inside elementor-pagination-position-outside elementor-widget elementor-widget-image-carousel\" data-id=\"790fca7\" data-element_type=\"widget\" data-e-type=\"widget\" data-settings=\"{&quot;slides_to_show&quot;:&quot;1&quot;,&quot;navigation&quot;:&quot;both&quot;,&quot;autoplay&quot;:&quot;yes&quot;,&quot;pause_on_hover&quot;:&quot;yes&quot;,&quot;pause_on_interaction&quot;:&quot;yes&quot;,&quot;autoplay_speed&quot;:5000,&quot;infinite&quot;:&quot;yes&quot;,&quot;effect&quot;:&quot;slide&quot;,&quot;speed&quot;:500}\" data-widget_type=\"image-carousel.default\">\n\t\t\t\t<div class=\"elementor-widget-container\">\n\t\t\t\t\t\t\t<div class=\"elementor-image-carousel-wrapper swiper\" role=\"region\" aria-roledescription=\"carousel\" aria-label=\"Carrusel de im\u00e1genes\" dir=\"ltr\">\n\t\t\t<div class=\"elementor-image-carousel swiper-wrapper\" aria-live=\"off\">\n\t\t\t\t\t\t\t\t<div class=\"swiper-slide\" role=\"group\" aria-roledescription=\"slide\" aria-label=\"1 of 14\"><figure class=\"swiper-slide-inner\"><img decoding=\"async\" class=\"swiper-slide-image\" src=\"https:\/\/csuca.org\/wp-content\/uploads\/2025\/05\/WhatsApp-Image-2025-05-22-at-11.24.51-AM.jpeg\" alt=\"WhatsApp Image 2025-05-22 at 11.24.51 AM\" \/><\/figure><\/div><div class=\"swiper-slide\" role=\"group\" aria-roledescription=\"slide\" aria-label=\"2 of 14\"><figure class=\"swiper-slide-inner\"><img decoding=\"async\" class=\"swiper-slide-image\" src=\"https:\/\/csuca.org\/wp-content\/uploads\/2025\/05\/WhatsApp-Image-2025-05-22-at-11.24.51-AM-1.jpeg\" alt=\"WhatsApp Image 2025-05-22 at 11.24.51 AM (1)\" \/><\/figure><\/div><div class=\"swiper-slide\" role=\"group\" aria-roledescription=\"slide\" aria-label=\"3 of 14\"><figure class=\"swiper-slide-inner\"><img decoding=\"async\" class=\"swiper-slide-image\" src=\"https:\/\/csuca.org\/wp-content\/uploads\/2025\/05\/WhatsApp-Image-2025-05-22-at-11.24.51-AM-2.jpeg\" alt=\"WhatsApp Image 2025-05-22 at 11.24.51 AM (2)\" \/><\/figure><\/div><div class=\"swiper-slide\" role=\"group\" aria-roledescription=\"slide\" aria-label=\"4 of 14\"><figure class=\"swiper-slide-inner\"><img decoding=\"async\" class=\"swiper-slide-image\" src=\"https:\/\/csuca.org\/wp-content\/uploads\/2025\/05\/WhatsApp-Image-2025-05-22-at-11.24.51-AM-4.jpeg\" alt=\"WhatsApp Image 2025-05-22 at 11.24.51 AM (4)\" \/><\/figure><\/div><div class=\"swiper-slide\" role=\"group\" aria-roledescription=\"slide\" aria-label=\"5 of 14\"><figure class=\"swiper-slide-inner\"><img decoding=\"async\" class=\"swiper-slide-image\" src=\"https:\/\/csuca.org\/wp-content\/uploads\/2025\/05\/WhatsApp-Image-2025-05-22-at-11.24.51-AM-5.jpeg\" alt=\"WhatsApp Image 2025-05-22 at 11.24.51 AM (5)\" \/><\/figure><\/div><div class=\"swiper-slide\" role=\"group\" aria-roledescription=\"slide\" aria-label=\"6 of 14\"><figure class=\"swiper-slide-inner\"><img decoding=\"async\" class=\"swiper-slide-image\" src=\"https:\/\/csuca.org\/wp-content\/uploads\/2025\/05\/WhatsApp-Image-2025-05-22-at-11.24.51-AM-6.jpeg\" alt=\"WhatsApp Image 2025-05-22 at 11.24.51 AM (6)\" \/><\/figure><\/div><div class=\"swiper-slide\" role=\"group\" aria-roledescription=\"slide\" aria-label=\"7 of 14\"><figure class=\"swiper-slide-inner\"><img decoding=\"async\" class=\"swiper-slide-image\" src=\"https:\/\/csuca.org\/wp-content\/uploads\/2025\/05\/WhatsApp-Image-2025-05-22-at-11.24.51-AM-7.jpeg\" alt=\"WhatsApp Image 2025-05-22 at 11.24.51 AM (7)\" \/><\/figure><\/div><div class=\"swiper-slide\" role=\"group\" aria-roledescription=\"slide\" aria-label=\"8 of 14\"><figure class=\"swiper-slide-inner\"><img decoding=\"async\" class=\"swiper-slide-image\" src=\"https:\/\/csuca.org\/wp-content\/uploads\/2025\/05\/WhatsApp-Image-2025-05-22-at-11.24.52-AM.jpeg\" alt=\"WhatsApp Image 2025-05-22 at 11.24.52 AM\" \/><\/figure><\/div><div class=\"swiper-slide\" role=\"group\" aria-roledescription=\"slide\" aria-label=\"9 of 14\"><figure class=\"swiper-slide-inner\"><img decoding=\"async\" class=\"swiper-slide-image\" src=\"https:\/\/csuca.org\/wp-content\/uploads\/2025\/05\/WhatsApp-Image-2025-05-22-at-11.24.52-AM-1.jpeg\" alt=\"WhatsApp Image 2025-05-22 at 11.24.52 AM (1)\" \/><\/figure><\/div><div class=\"swiper-slide\" role=\"group\" aria-roledescription=\"slide\" aria-label=\"10 of 14\"><figure class=\"swiper-slide-inner\"><img decoding=\"async\" class=\"swiper-slide-image\" src=\"https:\/\/csuca.org\/wp-content\/uploads\/2025\/05\/WhatsApp-Image-2025-05-22-at-11.24.52-AM-2.jpeg\" alt=\"WhatsApp Image 2025-05-22 at 11.24.52 AM (2)\" \/><\/figure><\/div><div class=\"swiper-slide\" role=\"group\" aria-roledescription=\"slide\" aria-label=\"11 of 14\"><figure class=\"swiper-slide-inner\"><img decoding=\"async\" class=\"swiper-slide-image\" src=\"https:\/\/csuca.org\/wp-content\/uploads\/2025\/05\/WhatsApp-Image-2025-05-22-at-11.24.52-AM-3.jpeg\" alt=\"WhatsApp Image 2025-05-22 at 11.24.52 AM (3)\" \/><\/figure><\/div><div class=\"swiper-slide\" role=\"group\" aria-roledescription=\"slide\" aria-label=\"12 of 14\"><figure class=\"swiper-slide-inner\"><img decoding=\"async\" class=\"swiper-slide-image\" src=\"https:\/\/csuca.org\/wp-content\/uploads\/2025\/05\/WhatsApp-Image-2025-05-22-at-11.24.52-AM-4.jpeg\" alt=\"WhatsApp Image 2025-05-22 at 11.24.52 AM (4)\" \/><\/figure><\/div><div class=\"swiper-slide\" role=\"group\" aria-roledescription=\"slide\" aria-label=\"13 of 14\"><figure class=\"swiper-slide-inner\"><img decoding=\"async\" class=\"swiper-slide-image\" src=\"https:\/\/csuca.org\/wp-content\/uploads\/2025\/05\/WhatsApp-Image-2025-05-22-at-11.24.52-AM-5.jpeg\" alt=\"WhatsApp Image 2025-05-22 at 11.24.52 AM (5)\" \/><\/figure><\/div><div class=\"swiper-slide\" role=\"group\" aria-roledescription=\"slide\" aria-label=\"14 of 14\"><figure class=\"swiper-slide-inner\"><img decoding=\"async\" class=\"swiper-slide-image\" src=\"https:\/\/csuca.org\/wp-content\/uploads\/2025\/06\/7efb1ab7-efe6-4140-9c4a-9d036af945bc.jpg\" alt=\"7efb1ab7-efe6-4140-9c4a-9d036af945bc\" \/><\/figure><\/div>\t\t\t<\/div>\n\t\t\t\t\t\t\t\t\t\t\t\t<div class=\"elementor-swiper-button elementor-swiper-button-prev\" role=\"button\" tabindex=\"0\">\n\t\t\t\t\t\t<i aria-hidden=\"true\" class=\"eicon-chevron-left\"><\/i>\t\t\t\t\t<\/div>\n\t\t\t\t\t<div class=\"elementor-swiper-button elementor-swiper-button-next\" role=\"button\" tabindex=\"0\">\n\t\t\t\t\t\t<i aria-hidden=\"true\" class=\"eicon-chevron-right\"><\/i>\t\t\t\t\t<\/div>\n\t\t\t\t\n\t\t\t\t\t\t\t\t\t<div class=\"swiper-pagination\"><\/div>\n\t\t\t\t\t\t\t\t\t<\/div>\n\t\t\t\t\t\t<\/div>\n\t\t\t\t<\/div>\n\t\t\t\t\t<\/div>\n\t\t<\/div>\n\t\t\t\t<div class=\"elementor-column elementor-col-50 elementor-top-column elementor-element elementor-element-93ffb6c\" data-id=\"93ffb6c\" data-element_type=\"column\" data-e-type=\"column\">\n\t\t\t<div class=\"elementor-widget-wrap elementor-element-populated\">\n\t\t\t\t\t\t<div class=\"elementor-element elementor-element-c270131 elementor-widget elementor-widget-heading\" data-id=\"c270131\" data-element_type=\"widget\" data-e-type=\"widget\" data-widget_type=\"heading.default\">\n\t\t\t\t<div class=\"elementor-widget-container\">\n\t\t\t\t\t<h2 class=\"elementor-heading-title elementor-size-default\">Pr\u00f3ximas Actividades<\/h2>\t\t\t\t<\/div>\n\t\t\t\t<\/div>\n\t\t\t\t\t<\/div>\n\t\t<\/div>\n\t\t\t\t\t<\/div>\n\t\t<\/section>\n\t\t\t\t<section class=\"elementor-section elementor-top-section elementor-element elementor-element-d89f83d elementor-section-boxed elementor-section-height-default elementor-section-height-default\" data-id=\"d89f83d\" data-element_type=\"section\" data-e-type=\"section\">\n\t\t\t\t\t\t<div class=\"elementor-container elementor-column-gap-default\">\n\t\t\t\t\t<div class=\"elementor-column elementor-col-100 elementor-top-column elementor-element elementor-element-d30c514\" data-id=\"d30c514\" data-element_type=\"column\" data-e-type=\"column\">\n\t\t\t<div class=\"elementor-widget-wrap elementor-element-populated\">\n\t\t\t\t\t\t<div class=\"elementor-element elementor-element-9d541a6 elementor-widget elementor-widget-heading\" data-id=\"9d541a6\" data-element_type=\"widget\" data-e-type=\"widget\" data-widget_type=\"heading.default\">\n\t\t\t\t<div class=\"elementor-widget-container\">\n\t\t\t\t\t<h2 class=\"elementor-heading-title elementor-size-default\">Informes<\/h2>\t\t\t\t<\/div>\n\t\t\t\t<\/div>\n\t\t\t\t<div class=\"elementor-element elementor-element-2be1f8c elementor-widget elementor-widget-shortcode\" data-id=\"2be1f8c\" data-element_type=\"widget\" data-e-type=\"widget\" data-widget_type=\"shortcode.default\">\n\t\t\t\t<div class=\"elementor-widget-container\">\n\t\t\t\t\t\t\t<div class=\"elementor-shortcode\"><div class='w3eden'><!-- WPDM Link Template: Default Template -->\n\n<div class=\"link-template-default card mb-2\">\n    <div class=\"card-body\">\n        <div class=\"media\">\n            <div class=\"mr-3 img-48\"><img decoding=\"async\" class=\"wpdm_icon\" alt=\"Icon\"   src=\"https:\/\/csuca.org\/wp-content\/plugins\/download-manager\/assets\/file-type-icons\/pdf.png\" \/><\/div>\n            <div class=\"media-body\">\n                <h3 class=\"package-title\"><a href='https:\/\/csuca.org\/es\/download\/proyecto-15-hn_reciec\/'>Proyecto 15 HN_RECIEC<\/a><\/h3>\n                <div class=\"text-muted text-small\"><i class=\"fas fa-copy\"><\/i> 1 file(s) <i class=\"fas fa-hdd ml-3\"><\/i> 1.90 MB<\/div>\n            <\/div>\n            <div class=\"ml-3\">\n                <a class='wpdm-download-link download-on-click btn btn-primary ' rel='nofollow' href='#' data-downloadurl=\"https:\/\/csuca.org\/es\/download\/proyecto-15-hn_reciec\/?wpdmdl=9479&refresh=69d1a405c0e471775346693\">Download<\/a>\n            <\/div>\n        <\/div>\n    <\/div>\n<\/div>\n\n<\/div>\n<div class='w3eden'><!-- WPDM Link Template: Default Template -->\n\n<div class=\"link-template-default card mb-2\">\n    <div class=\"card-body\">\n        <div class=\"media\">\n            <div class=\"mr-3 img-48\"><img decoding=\"async\" class=\"wpdm_icon\" alt=\"Icon\"   src=\"https:\/\/csuca.org\/wp-content\/plugins\/download-manager\/assets\/file-type-icons\/pdf.png\" \/><\/div>\n            <div class=\"media-body\">\n                <h3 class=\"package-title\"><a href='https:\/\/csuca.org\/es\/download\/proyecto-15-hn_reciec-ii\/'>Proyecto 15-HN_RECIEC II<\/a><\/h3>\n                <div class=\"text-muted text-small\"><i class=\"fas fa-copy\"><\/i> 1 file(s) <i class=\"fas fa-hdd ml-3\"><\/i> 1.66 MB<\/div>\n            <\/div>\n            <div class=\"ml-3\">\n                <a class='wpdm-download-link download-on-click btn btn-primary ' rel='nofollow' href='#' data-downloadurl=\"https:\/\/csuca.org\/es\/download\/proyecto-15-hn_reciec-ii\/?wpdmdl=9480&refresh=69d1a405c5c651775346693\">Download<\/a>\n            <\/div>\n        <\/div>\n    <\/div>\n<\/div>\n\n<\/div><\/div>\n\t\t\t\t\t\t<\/div>\n\t\t\t\t<\/div>\n\t\t\t\t\t<\/div>\n\t\t<\/div>\n\t\t\t\t\t<\/div>\n\t\t<\/section>\n\t\t\t\t<\/div>\n\t\t","protected":false},"excerpt":{"rendered":"<p>Consolidaci\u00f3n de la Red Centroamericana de Investigaci\u00f3n en Extensi\u00f3n Cr\u00edtica (RECIEC), Etapa II OBJETIVO GENERALPromover la integralidad de la extensi\u00f3n de las universidades p\u00fablicas centroamericanas orientadas a la integraci\u00f3n universitaria, formaci\u00f3n acad\u00e9mica, difusi\u00f3n de experiencias y recuperaci\u00f3n de conocimiento nuevo generado, desde posturas de extensi\u00f3n cr\u00edtico-transformadora en Centroam\u00e9rica, para el aumento en el tratamiento integral &hellip; <a href=\"https:\/\/csuca.org\/es\/idrc-15hn\/\" class=\"more-link\">Continue reading<span class=\"screen-reader-text\"> &#8220;IDRC 15HN&#8221;<\/span><\/a><\/p>\n","protected":false},"author":4,"featured_media":0,"parent":0,"menu_order":0,"comment_status":"closed","ping_status":"closed","template":"","meta":{"footnotes":""},"class_list":["post-6895","page","type-page","status-publish","hentry"],"_links":{"self":[{"href":"https:\/\/csuca.org\/es\/wp-json\/wp\/v2\/pages\/6895","targetHints":{"allow":["GET"]}}],"collection":[{"href":"https:\/\/csuca.org\/es\/wp-json\/wp\/v2\/pages"}],"about":[{"href":"https:\/\/csuca.org\/es\/wp-json\/wp\/v2\/types\/page"}],"author":[{"embeddable":true,"href":"https:\/\/csuca.org\/es\/wp-json\/wp\/v2\/users\/4"}],"replies":[{"embeddable":true,"href":"https:\/\/csuca.org\/es\/wp-json\/wp\/v2\/comments?post=6895"}],"version-history":[{"count":19,"href":"https:\/\/csuca.org\/es\/wp-json\/wp\/v2\/pages\/6895\/revisions"}],"predecessor-version":[{"id":9738,"href":"https:\/\/csuca.org\/es\/wp-json\/wp\/v2\/pages\/6895\/revisions\/9738"}],"wp:attachment":[{"href":"https:\/\/csuca.org\/es\/wp-json\/wp\/v2\/media?parent=6895"}],"curies":[{"name":"wp","href":"https:\/\/api.w.org\/{rel}","templated":true}]}}