{"id":6952,"date":"2024-01-26T10:43:38","date_gmt":"2024-01-26T16:43:38","guid":{"rendered":"https:\/\/csuca.org\/?page_id=6952"},"modified":"2025-08-05T10:57:11","modified_gmt":"2025-08-05T16:57:11","slug":"idrc-67cr","status":"publish","type":"page","link":"https:\/\/csuca.org\/es\/idrc-67cr\/","title":{"rendered":"IDRC 67CR"},"content":{"rendered":"\t\t<div data-elementor-type=\"wp-page\" data-elementor-id=\"6952\" class=\"elementor elementor-6952\">\n\t\t\t\t\t\t<section class=\"elementor-section elementor-top-section elementor-element elementor-element-ca18f90 elementor-section-boxed elementor-section-height-default elementor-section-height-default\" data-id=\"ca18f90\" data-element_type=\"section\" data-e-type=\"section\">\n\t\t\t\t\t\t<div class=\"elementor-container elementor-column-gap-default\">\n\t\t\t\t\t<div class=\"elementor-column elementor-col-100 elementor-top-column elementor-element elementor-element-53c29bb\" data-id=\"53c29bb\" data-element_type=\"column\" data-e-type=\"column\">\n\t\t\t<div class=\"elementor-widget-wrap elementor-element-populated\">\n\t\t\t\t\t\t<div class=\"elementor-element elementor-element-0bc07d9 elementor-widget elementor-widget-heading\" data-id=\"0bc07d9\" data-element_type=\"widget\" data-e-type=\"widget\" data-widget_type=\"heading.default\">\n\t\t\t\t<div class=\"elementor-widget-container\">\n\t\t\t\t\t<h2 class=\"elementor-heading-title elementor-size-default\">Implementaci\u00f3n de una red de investigaci\u00f3n apoyada en ciencias de datos que empodere e inspire a mujeres a desarrollar capacidades para contribuir a la conservaci\u00f3n de la biodiversidad<\/h2>\t\t\t\t<\/div>\n\t\t\t\t<\/div>\n\t\t\t\t\t<\/div>\n\t\t<\/div>\n\t\t\t\t\t<\/div>\n\t\t<\/section>\n\t\t\t\t<section class=\"elementor-section elementor-top-section elementor-element elementor-element-56520d7 elementor-section-boxed elementor-section-height-default elementor-section-height-default\" data-id=\"56520d7\" data-element_type=\"section\" data-e-type=\"section\">\n\t\t\t\t\t\t<div class=\"elementor-container elementor-column-gap-default\">\n\t\t\t\t\t<div class=\"elementor-column elementor-col-100 elementor-top-column elementor-element elementor-element-77e0b21\" data-id=\"77e0b21\" data-element_type=\"column\" data-e-type=\"column\">\n\t\t\t<div class=\"elementor-widget-wrap elementor-element-populated\">\n\t\t\t\t\t\t<div class=\"elementor-element elementor-element-d7856f8 elementor-widget elementor-widget-text-editor\" data-id=\"d7856f8\" data-element_type=\"widget\" data-e-type=\"widget\" data-widget_type=\"text-editor.default\">\n\t\t\t\t<div class=\"elementor-widget-container\">\n\t\t\t\t\t\t\t\t\t<p>OBJETIVO GENERAL<br \/>Establecer una red centroamericana de observadores e investigadores en biodiversidad para proponer soluciones a problemas de la conservaci\u00f3n mediante ciencias de datos, con un fuerte componente de fortalecimiento de capacidades y empoderamiento de mujeres de la regi\u00f3n.<\/p><p>INSTITUCI\u00d3N L\u00cdDER<br \/>Escuela de Ingenier\u00eda en Comptaci\u00f3n, Centro Acad\u00e9mico Alajuela del Instituto Tecnol\u00f3gico de Costa Rica (TEC)<\/p><p>INSTITUCIONES SOCIAS<br \/>Consejo Nacional de \u00c1reas Protegidas (CONAP), por medio del nodo GBIF Guatemala, Sistema Nacional de Informaci\u00f3n sobre Diversidad Biol\u00f3gica &#8220;SNIBgt&#8221;, Comisi\u00f3n Nacional para el Conocimiento y Uso de la Biodiversidad (CONAVIO), Museo Entomol\u00f3gico de Le\u00f3n<\/p><p><strong>Conoce m\u00e1s sobre la Red BIOMA <a href=\"https:\/\/redbioma.org\/\" target=\"_blank\" rel=\"noopener\">https:\/\/redbioma.org\/<\/a><\/strong><\/p>\t\t\t\t\t\t\t\t<\/div>\n\t\t\t\t<\/div>\n\t\t\t\t<div class=\"elementor-element elementor-element-4e3b073 elementor-widget-divider--view-line elementor-widget elementor-widget-divider\" data-id=\"4e3b073\" data-element_type=\"widget\" data-e-type=\"widget\" data-widget_type=\"divider.default\">\n\t\t\t\t<div class=\"elementor-widget-container\">\n\t\t\t\t\t\t\t<div class=\"elementor-divider\">\n\t\t\t<span class=\"elementor-divider-separator\">\n\t\t\t\t\t\t<\/span>\n\t\t<\/div>\n\t\t\t\t\t\t<\/div>\n\t\t\t\t<\/div>\n\t\t\t\t<div class=\"elementor-element elementor-element-0a7bca0 elementor-widget elementor-widget-image\" data-id=\"0a7bca0\" data-element_type=\"widget\" data-e-type=\"widget\" data-widget_type=\"image.default\">\n\t\t\t\t<div class=\"elementor-widget-container\">\n\t\t\t\t\t\t\t\t\t\t\t\t\t\t\t<img fetchpriority=\"high\" decoding=\"async\" width=\"691\" height=\"1024\" src=\"https:\/\/csuca.org\/wp-content\/uploads\/2025\/06\/AFICHE-67CR-691x1024.jpg\" class=\"attachment-large size-large wp-image-9673\" alt=\"\" srcset=\"https:\/\/csuca.org\/wp-content\/uploads\/2025\/06\/AFICHE-67CR-691x1024.jpg 691w, https:\/\/csuca.org\/wp-content\/uploads\/2025\/06\/AFICHE-67CR-337x500.jpg 337w, https:\/\/csuca.org\/wp-content\/uploads\/2025\/06\/AFICHE-67CR-768x1138.jpg 768w, https:\/\/csuca.org\/wp-content\/uploads\/2025\/06\/AFICHE-67CR-1037x1536.jpg 1037w, https:\/\/csuca.org\/wp-content\/uploads\/2025\/06\/AFICHE-67CR-1382x2048.jpg 1382w, https:\/\/csuca.org\/wp-content\/uploads\/2025\/06\/AFICHE-67CR-8x12.jpg 8w, https:\/\/csuca.org\/wp-content\/uploads\/2025\/06\/AFICHE-67CR-1200x1778.jpg 1200w, https:\/\/csuca.org\/wp-content\/uploads\/2025\/06\/AFICHE-67CR-scaled.jpg 1728w\" sizes=\"(max-width: 691px) 85vw, 691px\" \/>\t\t\t\t\t\t\t\t\t\t\t\t\t\t\t<\/div>\n\t\t\t\t<\/div>\n\t\t\t\t<div class=\"elementor-element elementor-element-80373af elementor-widget-divider--view-line elementor-widget elementor-widget-divider\" data-id=\"80373af\" data-element_type=\"widget\" data-e-type=\"widget\" data-widget_type=\"divider.default\">\n\t\t\t\t<div class=\"elementor-widget-container\">\n\t\t\t\t\t\t\t<div class=\"elementor-divider\">\n\t\t\t<span class=\"elementor-divider-separator\">\n\t\t\t\t\t\t<\/span>\n\t\t<\/div>\n\t\t\t\t\t\t<\/div>\n\t\t\t\t<\/div>\n\t\t\t\t\t<\/div>\n\t\t<\/div>\n\t\t\t\t\t<\/div>\n\t\t<\/section>\n\t\t\t\t<section class=\"elementor-section elementor-top-section elementor-element elementor-element-4dfedc1 elementor-section-boxed elementor-section-height-default elementor-section-height-default\" data-id=\"4dfedc1\" data-element_type=\"section\" data-e-type=\"section\">\n\t\t\t\t\t\t<div class=\"elementor-container elementor-column-gap-default\">\n\t\t\t\t\t<div class=\"elementor-column elementor-col-50 elementor-top-column elementor-element elementor-element-5960f5f\" data-id=\"5960f5f\" data-element_type=\"column\" data-e-type=\"column\">\n\t\t\t<div class=\"elementor-widget-wrap elementor-element-populated\">\n\t\t\t\t\t\t<div class=\"elementor-element elementor-element-fd526ae elementor-widget elementor-widget-heading\" data-id=\"fd526ae\" data-element_type=\"widget\" data-e-type=\"widget\" data-widget_type=\"heading.default\">\n\t\t\t\t<div class=\"elementor-widget-container\">\n\t\t\t\t\t<h2 class=\"elementor-heading-title elementor-size-default\">Publicaciones Indexadas<\/h2>\t\t\t\t<\/div>\n\t\t\t\t<\/div>\n\t\t\t\t\t<\/div>\n\t\t<\/div>\n\t\t\t\t<div class=\"elementor-column elementor-col-50 elementor-top-column elementor-element elementor-element-c088272\" data-id=\"c088272\" data-element_type=\"column\" data-e-type=\"column\">\n\t\t\t<div class=\"elementor-widget-wrap elementor-element-populated\">\n\t\t\t\t\t\t<div class=\"elementor-element elementor-element-279bd69 elementor-widget elementor-widget-heading\" data-id=\"279bd69\" data-element_type=\"widget\" data-e-type=\"widget\" data-widget_type=\"heading.default\">\n\t\t\t\t<div class=\"elementor-widget-container\">\n\t\t\t\t\t<h2 class=\"elementor-heading-title elementor-size-default\">Literatura Gris<\/h2>\t\t\t\t<\/div>\n\t\t\t\t<\/div>\n\t\t\t\t\t<\/div>\n\t\t<\/div>\n\t\t\t\t\t<\/div>\n\t\t<\/section>\n\t\t\t\t<section class=\"elementor-section elementor-top-section elementor-element elementor-element-35b513e elementor-section-boxed elementor-section-height-default elementor-section-height-default\" data-id=\"35b513e\" data-element_type=\"section\" data-e-type=\"section\">\n\t\t\t\t\t\t<div class=\"elementor-container elementor-column-gap-default\">\n\t\t\t\t\t<div class=\"elementor-column elementor-col-50 elementor-top-column elementor-element elementor-element-5dec421\" data-id=\"5dec421\" data-element_type=\"column\" data-e-type=\"column\">\n\t\t\t<div class=\"elementor-widget-wrap elementor-element-populated\">\n\t\t\t\t\t\t<div class=\"elementor-element elementor-element-abf9181 elementor-widget elementor-widget-heading\" data-id=\"abf9181\" data-element_type=\"widget\" data-e-type=\"widget\" data-widget_type=\"heading.default\">\n\t\t\t\t<div class=\"elementor-widget-container\">\n\t\t\t\t\t<h2 class=\"elementor-heading-title elementor-size-default\">Actividades Realizadas<\/h2>\t\t\t\t<\/div>\n\t\t\t\t<\/div>\n\t\t\t\t<div class=\"elementor-element elementor-element-529b290 elementor-widget elementor-widget-image\" data-id=\"529b290\" data-element_type=\"widget\" data-e-type=\"widget\" data-widget_type=\"image.default\">\n\t\t\t\t<div class=\"elementor-widget-container\">\n\t\t\t\t\t\t\t\t\t\t\t\t\t\t\t\t<a href=\"https:\/\/redbioma.org\/opening\">\n\t\t\t\t\t\t\t<img decoding=\"async\" width=\"840\" height=\"840\" src=\"https:\/\/csuca.org\/wp-content\/uploads\/2025\/08\/0a944e3f-b587-4f5f-a86a-f087a260bdde-1024x1024.jpg\" class=\"attachment-large size-large wp-image-9962\" alt=\"\" srcset=\"https:\/\/csuca.org\/wp-content\/uploads\/2025\/08\/0a944e3f-b587-4f5f-a86a-f087a260bdde-1024x1024.jpg 1024w, https:\/\/csuca.org\/wp-content\/uploads\/2025\/08\/0a944e3f-b587-4f5f-a86a-f087a260bdde-500x500.jpg 500w, https:\/\/csuca.org\/wp-content\/uploads\/2025\/08\/0a944e3f-b587-4f5f-a86a-f087a260bdde-750x750.jpg 750w, https:\/\/csuca.org\/wp-content\/uploads\/2025\/08\/0a944e3f-b587-4f5f-a86a-f087a260bdde-768x768.jpg 768w, https:\/\/csuca.org\/wp-content\/uploads\/2025\/08\/0a944e3f-b587-4f5f-a86a-f087a260bdde-12x12.jpg 12w, https:\/\/csuca.org\/wp-content\/uploads\/2025\/08\/0a944e3f-b587-4f5f-a86a-f087a260bdde.jpg 1080w\" sizes=\"(max-width: 709px) 85vw, (max-width: 909px) 67vw, (max-width: 1362px) 62vw, 840px\" \/>\t\t\t\t\t\t\t\t<\/a>\n\t\t\t\t\t\t\t\t\t\t\t\t\t\t\t<\/div>\n\t\t\t\t<\/div>\n\t\t\t\t<div class=\"elementor-element elementor-element-47abd94 elementor-widget elementor-widget-heading\" data-id=\"47abd94\" data-element_type=\"widget\" data-e-type=\"widget\" data-widget_type=\"heading.default\">\n\t\t\t\t<div class=\"elementor-widget-container\">\n\t\t\t\t\t<h2 class=\"elementor-heading-title elementor-size-default\"><a href=\"https:\/\/redbioma.org\/opening\">Conoce el portal de datos de la RED BIOMA\n<\/a><\/h2>\t\t\t\t<\/div>\n\t\t\t\t<\/div>\n\t\t\t\t\t<\/div>\n\t\t<\/div>\n\t\t\t\t<div class=\"elementor-column elementor-col-50 elementor-top-column elementor-element elementor-element-8e7c00e\" data-id=\"8e7c00e\" data-element_type=\"column\" data-e-type=\"column\">\n\t\t\t<div class=\"elementor-widget-wrap elementor-element-populated\">\n\t\t\t\t\t\t<div class=\"elementor-element elementor-element-cbb2130 elementor-widget elementor-widget-heading\" data-id=\"cbb2130\" data-element_type=\"widget\" data-e-type=\"widget\" data-widget_type=\"heading.default\">\n\t\t\t\t<div class=\"elementor-widget-container\">\n\t\t\t\t\t<h2 class=\"elementor-heading-title elementor-size-default\">Pr\u00f3ximas Actividades<\/h2>\t\t\t\t<\/div>\n\t\t\t\t<\/div>\n\t\t\t\t\t<\/div>\n\t\t<\/div>\n\t\t\t\t\t<\/div>\n\t\t<\/section>\n\t\t\t\t<section class=\"elementor-section elementor-top-section elementor-element elementor-element-636b585 elementor-section-boxed elementor-section-height-default elementor-section-height-default\" data-id=\"636b585\" data-element_type=\"section\" data-e-type=\"section\">\n\t\t\t\t\t\t<div class=\"elementor-container elementor-column-gap-default\">\n\t\t\t\t\t<div class=\"elementor-column elementor-col-100 elementor-top-column elementor-element elementor-element-1bdd440\" data-id=\"1bdd440\" data-element_type=\"column\" data-e-type=\"column\">\n\t\t\t<div class=\"elementor-widget-wrap elementor-element-populated\">\n\t\t\t\t\t\t<div class=\"elementor-element elementor-element-01d1c75 elementor-widget elementor-widget-heading\" data-id=\"01d1c75\" data-element_type=\"widget\" data-e-type=\"widget\" data-widget_type=\"heading.default\">\n\t\t\t\t<div class=\"elementor-widget-container\">\n\t\t\t\t\t<h2 class=\"elementor-heading-title elementor-size-default\">Informes<\/h2>\t\t\t\t<\/div>\n\t\t\t\t<\/div>\n\t\t\t\t<div class=\"elementor-element elementor-element-24f140f elementor-widget elementor-widget-shortcode\" data-id=\"24f140f\" data-element_type=\"widget\" data-e-type=\"widget\" data-widget_type=\"shortcode.default\">\n\t\t\t\t<div class=\"elementor-widget-container\">\n\t\t\t\t\t\t\t<div class=\"elementor-shortcode\"><div class='w3eden'><!-- WPDM Link Template: Default Template -->\n\n<div class=\"link-template-default card mb-2\">\n    <div class=\"card-body\">\n        <div class=\"media\">\n            <div class=\"mr-3 img-48\"><img decoding=\"async\" class=\"wpdm_icon\" alt=\"Icon\"   src=\"https:\/\/csuca.org\/wp-content\/plugins\/download-manager\/assets\/file-type-icons\/xls.png\" \/><\/div>\n            <div class=\"media-body\">\n                <h3 class=\"package-title\"><a href='https:\/\/csuca.org\/es\/download\/primer-informe-de-seguimiento-3\/'>Primer informe de seguimiento<\/a><\/h3>\n                <div class=\"text-muted text-small\"><i class=\"fas fa-copy\"><\/i> 1 file(s) <i class=\"fas fa-hdd ml-3\"><\/i> 143.61 KB<\/div>\n            <\/div>\n            <div class=\"ml-3\">\n                <a class='wpdm-download-link download-on-click btn btn-primary ' rel='nofollow' href='#' data-downloadurl=\"https:\/\/csuca.org\/es\/download\/primer-informe-de-seguimiento-3\/?wpdmdl=9678&refresh=69dccb2e521161776077614\">Download<\/a>\n            <\/div>\n        <\/div>\n    <\/div>\n<\/div>\n\n<\/div>\n<div class='w3eden'><!-- WPDM Link Template: Default Template -->\n\n<div class=\"link-template-default card mb-2\">\n    <div class=\"card-body\">\n        <div class=\"media\">\n            <div class=\"mr-3 img-48\"><img decoding=\"async\" class=\"wpdm_icon\" alt=\"Icon\"   src=\"https:\/\/csuca.org\/wp-content\/plugins\/download-manager\/assets\/file-type-icons\/xls.png\" \/><\/div>\n            <div class=\"media-body\">\n                <h3 class=\"package-title\"><a href='https:\/\/csuca.org\/es\/download\/segundo-informe-de-seguimiento-3\/'>Segundo informe de seguimiento<\/a><\/h3>\n                <div class=\"text-muted text-small\"><i class=\"fas fa-copy\"><\/i> 1 file(s) <i class=\"fas fa-hdd ml-3\"><\/i> 150.27 KB<\/div>\n            <\/div>\n            <div class=\"ml-3\">\n                <a class='wpdm-download-link download-on-click btn btn-primary ' rel='nofollow' href='#' data-downloadurl=\"https:\/\/csuca.org\/es\/download\/segundo-informe-de-seguimiento-3\/?wpdmdl=9679&refresh=69dccb2e56e7d1776077614\">Download<\/a>\n            <\/div>\n        <\/div>\n    <\/div>\n<\/div>\n\n<\/div>\n<div class='w3eden'><!-- WPDM Link Template: Default Template -->\n\n<div class=\"link-template-default card mb-2\">\n    <div class=\"card-body\">\n        <div class=\"media\">\n            <div class=\"mr-3 img-48\"><img decoding=\"async\" class=\"wpdm_icon\" alt=\"Icon\"   src=\"https:\/\/csuca.org\/wp-content\/plugins\/download-manager\/assets\/file-type-icons\/xls.png\" \/><\/div>\n            <div class=\"media-body\">\n                <h3 class=\"package-title\"><a href='https:\/\/csuca.org\/es\/download\/tercer-informe-de-seguimiento-3\/'>Tercer informe de seguimiento<\/a><\/h3>\n                <div class=\"text-muted text-small\"><i class=\"fas fa-copy\"><\/i> 1 file(s) <i class=\"fas fa-hdd ml-3\"><\/i> 148.52 KB<\/div>\n            <\/div>\n            <div class=\"ml-3\">\n                <a class='wpdm-download-link download-on-click btn btn-primary ' rel='nofollow' href='#' data-downloadurl=\"https:\/\/csuca.org\/es\/download\/tercer-informe-de-seguimiento-3\/?wpdmdl=9680&refresh=69dccb2e5b9c31776077614\">Download<\/a>\n            <\/div>\n        <\/div>\n    <\/div>\n<\/div>\n\n<\/div>\n<div class='w3eden'><!-- WPDM Link Template: Default Template -->\n\n<div class=\"link-template-default card mb-2\">\n    <div class=\"card-body\">\n        <div class=\"media\">\n            <div class=\"mr-3 img-48\"><img decoding=\"async\" class=\"wpdm_icon\" alt=\"Icon\"   src=\"https:\/\/csuca.org\/wp-content\/plugins\/download-manager\/assets\/file-type-icons\/pdf.png\" \/><\/div>\n            <div class=\"media-body\">\n                <h3 class=\"package-title\"><a href='https:\/\/csuca.org\/es\/download\/proyecto-67-cr_redbioma\/'>Proyecto 67 CR_RedBioma<\/a><\/h3>\n                <div class=\"text-muted text-small\"><i class=\"fas fa-copy\"><\/i> 1 file(s) <i class=\"fas fa-hdd ml-3\"><\/i> 1.52 MB<\/div>\n            <\/div>\n            <div class=\"ml-3\">\n                <a class='wpdm-download-link download-on-click btn btn-primary ' rel='nofollow' href='#' data-downloadurl=\"https:\/\/csuca.org\/es\/download\/proyecto-67-cr_redbioma\/?wpdmdl=9681&refresh=69dccb2e5f67d1776077614\">Download<\/a>\n            <\/div>\n        <\/div>\n    <\/div>\n<\/div>\n\n<\/div>\n<div class='w3eden'><!-- WPDM Link Template: Default Template -->\n\n<div class=\"link-template-default card mb-2\">\n    <div class=\"card-body\">\n        <div class=\"media\">\n            <div class=\"mr-3 img-48\"><img decoding=\"async\" class=\"wpdm_icon\" alt=\"Icon\"   src=\"https:\/\/csuca.org\/wp-content\/plugins\/download-manager\/assets\/file-type-icons\/pdf.png\" \/><\/div>\n            <div class=\"media-body\">\n                <h3 class=\"package-title\"><a href='https:\/\/csuca.org\/es\/download\/proyecto-67-cr_redbioma-2\/'>Proyecto 67-CR_Redbioma<\/a><\/h3>\n                <div class=\"text-muted text-small\"><i class=\"fas fa-copy\"><\/i> 1 file(s) <i class=\"fas fa-hdd ml-3\"><\/i> 1.45 MB<\/div>\n            <\/div>\n            <div class=\"ml-3\">\n                <a class='wpdm-download-link download-on-click btn btn-primary ' rel='nofollow' href='#' data-downloadurl=\"https:\/\/csuca.org\/es\/download\/proyecto-67-cr_redbioma-2\/?wpdmdl=9682&refresh=69dccb2e630a51776077614\">Download<\/a>\n            <\/div>\n        <\/div>\n    <\/div>\n<\/div>\n\n<\/div><\/div>\n\t\t\t\t\t\t<\/div>\n\t\t\t\t<\/div>\n\t\t\t\t\t<\/div>\n\t\t<\/div>\n\t\t\t\t\t<\/div>\n\t\t<\/section>\n\t\t\t\t<\/div>\n\t\t","protected":false},"excerpt":{"rendered":"<p>Implementaci\u00f3n de una red de investigaci\u00f3n apoyada en ciencias de datos que empodere e inspire a mujeres a desarrollar capacidades para contribuir a la conservaci\u00f3n de la biodiversidad OBJETIVO GENERALEstablecer una red centroamericana de observadores e investigadores en biodiversidad para proponer soluciones a problemas de la conservaci\u00f3n mediante ciencias de datos, con un fuerte componente &hellip; <a href=\"https:\/\/csuca.org\/es\/idrc-67cr\/\" class=\"more-link\">Continue reading<span class=\"screen-reader-text\"> &#8220;IDRC 67CR&#8221;<\/span><\/a><\/p>\n","protected":false},"author":4,"featured_media":0,"parent":0,"menu_order":0,"comment_status":"closed","ping_status":"closed","template":"","meta":{"footnotes":""},"class_list":["post-6952","page","type-page","status-publish","hentry"],"_links":{"self":[{"href":"https:\/\/csuca.org\/es\/wp-json\/wp\/v2\/pages\/6952","targetHints":{"allow":["GET"]}}],"collection":[{"href":"https:\/\/csuca.org\/es\/wp-json\/wp\/v2\/pages"}],"about":[{"href":"https:\/\/csuca.org\/es\/wp-json\/wp\/v2\/types\/page"}],"author":[{"embeddable":true,"href":"https:\/\/csuca.org\/es\/wp-json\/wp\/v2\/users\/4"}],"replies":[{"embeddable":true,"href":"https:\/\/csuca.org\/es\/wp-json\/wp\/v2\/comments?post=6952"}],"version-history":[{"count":25,"href":"https:\/\/csuca.org\/es\/wp-json\/wp\/v2\/pages\/6952\/revisions"}],"predecessor-version":[{"id":9968,"href":"https:\/\/csuca.org\/es\/wp-json\/wp\/v2\/pages\/6952\/revisions\/9968"}],"wp:attachment":[{"href":"https:\/\/csuca.org\/es\/wp-json\/wp\/v2\/media?parent=6952"}],"curies":[{"name":"wp","href":"https:\/\/api.w.org\/{rel}","templated":true}]}}