{"id":6986,"date":"2024-01-26T11:08:16","date_gmt":"2024-01-26T17:08:16","guid":{"rendered":"https:\/\/csuca.org\/?page_id=6986"},"modified":"2025-06-05T09:15:33","modified_gmt":"2025-06-05T15:15:33","slug":"idrc-59pa","status":"publish","type":"page","link":"https:\/\/csuca.org\/es\/idrc-59pa\/","title":{"rendered":"IDRC 59PA"},"content":{"rendered":"\t\t<div data-elementor-type=\"wp-page\" data-elementor-id=\"6986\" class=\"elementor elementor-6986\">\n\t\t\t\t\t\t<section class=\"elementor-section elementor-top-section elementor-element elementor-element-3208313 elementor-section-boxed elementor-section-height-default elementor-section-height-default\" data-id=\"3208313\" data-element_type=\"section\" data-e-type=\"section\">\n\t\t\t\t\t\t<div class=\"elementor-container elementor-column-gap-default\">\n\t\t\t\t\t<div class=\"elementor-column elementor-col-100 elementor-top-column elementor-element elementor-element-d496b51\" data-id=\"d496b51\" data-element_type=\"column\" data-e-type=\"column\">\n\t\t\t<div class=\"elementor-widget-wrap elementor-element-populated\">\n\t\t\t\t\t\t<div class=\"elementor-element elementor-element-27d9f18 elementor-widget elementor-widget-heading\" data-id=\"27d9f18\" data-element_type=\"widget\" data-e-type=\"widget\" data-widget_type=\"heading.default\">\n\t\t\t\t<div class=\"elementor-widget-container\">\n\t\t\t\t\t<h2 class=\"elementor-heading-title elementor-size-default\">Conocimiento Ecol\u00f3gico Tradicional para la Seguridad Alimentaria y Nutricional: Innovaci\u00f3n y Conservaci\u00f3n<\/h2>\t\t\t\t<\/div>\n\t\t\t\t<\/div>\n\t\t\t\t\t<\/div>\n\t\t<\/div>\n\t\t\t\t\t<\/div>\n\t\t<\/section>\n\t\t\t\t<section class=\"elementor-section elementor-top-section elementor-element elementor-element-f78ab95 elementor-section-boxed elementor-section-height-default elementor-section-height-default\" data-id=\"f78ab95\" data-element_type=\"section\" data-e-type=\"section\">\n\t\t\t\t\t\t<div class=\"elementor-container elementor-column-gap-default\">\n\t\t\t\t\t<div class=\"elementor-column elementor-col-100 elementor-top-column elementor-element elementor-element-b5ae071\" data-id=\"b5ae071\" data-element_type=\"column\" data-e-type=\"column\">\n\t\t\t<div class=\"elementor-widget-wrap elementor-element-populated\">\n\t\t\t\t\t\t<div class=\"elementor-element elementor-element-817fa07 elementor-widget elementor-widget-text-editor\" data-id=\"817fa07\" data-element_type=\"widget\" data-e-type=\"widget\" data-widget_type=\"text-editor.default\">\n\t\t\t\t<div class=\"elementor-widget-container\">\n\t\t\t\t\t\t\t\t\t<p>OBJETIVO GENERAL<br \/>Fortalecer las capacidades de investigaci\u00f3n colaborativa e innovaci\u00f3n social integrando conocimiento tradicional con enfoque interdisciplinario y de g\u00e9nero en Seguridad Alimentaria y Nutricional entre investigadoras e investigadores, instituciones gubernamentales, gobiernos locales, organizaciones de la sociedad civil, cooperativas, empresas y redes comunitarias en Am\u00e9rica Central.<br \/><br \/>INSTITUCI\u00d3N L\u00cdDER<br \/>Centro Internacional de Estudios Pol\u00edticos y Sociales (CIEPS)<br \/><br \/>INSTITUCIONES SOCIAS<br \/>Centro Internacional de Estudios Pol\u00edticos y Sociales (CIEPS), ACUN, URACCAN, UNA, CUNOC, Enlace<\/p>\t\t\t\t\t\t\t\t<\/div>\n\t\t\t\t<\/div>\n\t\t\t\t<div class=\"elementor-element elementor-element-ae0a2f9 elementor-widget elementor-widget-image\" data-id=\"ae0a2f9\" data-element_type=\"widget\" data-e-type=\"widget\" data-widget_type=\"image.default\">\n\t\t\t\t<div class=\"elementor-widget-container\">\n\t\t\t\t\t\t\t\t\t\t\t\t\t\t\t<img fetchpriority=\"high\" decoding=\"async\" width=\"683\" height=\"1024\" src=\"https:\/\/csuca.org\/wp-content\/uploads\/2025\/05\/AFICHE-59PA-683x1024.png\" class=\"attachment-large size-large wp-image-9514\" alt=\"\" srcset=\"https:\/\/csuca.org\/wp-content\/uploads\/2025\/05\/AFICHE-59PA-683x1024.png 683w, https:\/\/csuca.org\/wp-content\/uploads\/2025\/05\/AFICHE-59PA-333x500.png 333w, https:\/\/csuca.org\/wp-content\/uploads\/2025\/05\/AFICHE-59PA-768x1152.png 768w, https:\/\/csuca.org\/wp-content\/uploads\/2025\/05\/AFICHE-59PA-1024x1536.png 1024w, https:\/\/csuca.org\/wp-content\/uploads\/2025\/05\/AFICHE-59PA-1365x2048.png 1365w, https:\/\/csuca.org\/wp-content\/uploads\/2025\/05\/AFICHE-59PA-8x12.png 8w, https:\/\/csuca.org\/wp-content\/uploads\/2025\/05\/AFICHE-59PA-1200x1800.png 1200w\" sizes=\"(max-width: 683px) 85vw, 683px\" \/>\t\t\t\t\t\t\t\t\t\t\t\t\t\t\t<\/div>\n\t\t\t\t<\/div>\n\t\t\t\t<div class=\"elementor-element elementor-element-f97f573 elementor-widget-divider--view-line elementor-widget elementor-widget-divider\" data-id=\"f97f573\" data-element_type=\"widget\" data-e-type=\"widget\" data-widget_type=\"divider.default\">\n\t\t\t\t<div class=\"elementor-widget-container\">\n\t\t\t\t\t\t\t<div class=\"elementor-divider\">\n\t\t\t<span class=\"elementor-divider-separator\">\n\t\t\t\t\t\t<\/span>\n\t\t<\/div>\n\t\t\t\t\t\t<\/div>\n\t\t\t\t<\/div>\n\t\t\t\t\t<\/div>\n\t\t<\/div>\n\t\t\t\t\t<\/div>\n\t\t<\/section>\n\t\t\t\t<section class=\"elementor-section elementor-top-section elementor-element elementor-element-40f0956 elementor-section-boxed elementor-section-height-default elementor-section-height-default\" data-id=\"40f0956\" data-element_type=\"section\" data-e-type=\"section\">\n\t\t\t\t\t\t<div class=\"elementor-container elementor-column-gap-default\">\n\t\t\t\t\t<div class=\"elementor-column elementor-col-50 elementor-top-column elementor-element elementor-element-dc6a6a1\" data-id=\"dc6a6a1\" data-element_type=\"column\" data-e-type=\"column\">\n\t\t\t<div class=\"elementor-widget-wrap elementor-element-populated\">\n\t\t\t\t\t\t<div class=\"elementor-element elementor-element-ed24ed3 elementor-widget elementor-widget-heading\" data-id=\"ed24ed3\" data-element_type=\"widget\" data-e-type=\"widget\" data-widget_type=\"heading.default\">\n\t\t\t\t<div class=\"elementor-widget-container\">\n\t\t\t\t\t<h2 class=\"elementor-heading-title elementor-size-default\">Publicaciones Indexadas<\/h2>\t\t\t\t<\/div>\n\t\t\t\t<\/div>\n\t\t\t\t\t<\/div>\n\t\t<\/div>\n\t\t\t\t<div class=\"elementor-column elementor-col-50 elementor-top-column elementor-element elementor-element-9d080de\" data-id=\"9d080de\" data-element_type=\"column\" data-e-type=\"column\">\n\t\t\t<div class=\"elementor-widget-wrap elementor-element-populated\">\n\t\t\t\t\t\t<div class=\"elementor-element elementor-element-0eeabfc elementor-widget elementor-widget-heading\" data-id=\"0eeabfc\" data-element_type=\"widget\" data-e-type=\"widget\" data-widget_type=\"heading.default\">\n\t\t\t\t<div class=\"elementor-widget-container\">\n\t\t\t\t\t<h2 class=\"elementor-heading-title elementor-size-default\">Literatura Gris<\/h2>\t\t\t\t<\/div>\n\t\t\t\t<\/div>\n\t\t\t\t\t<\/div>\n\t\t<\/div>\n\t\t\t\t\t<\/div>\n\t\t<\/section>\n\t\t\t\t<section class=\"elementor-section elementor-top-section elementor-element elementor-element-b662c64 elementor-section-boxed elementor-section-height-default elementor-section-height-default\" data-id=\"b662c64\" data-element_type=\"section\" data-e-type=\"section\">\n\t\t\t\t\t\t<div class=\"elementor-container elementor-column-gap-default\">\n\t\t\t\t\t<div class=\"elementor-column elementor-col-50 elementor-top-column elementor-element elementor-element-a003142\" data-id=\"a003142\" data-element_type=\"column\" data-e-type=\"column\">\n\t\t\t<div class=\"elementor-widget-wrap elementor-element-populated\">\n\t\t\t\t\t\t<div class=\"elementor-element elementor-element-b2906c1 elementor-widget elementor-widget-heading\" data-id=\"b2906c1\" data-element_type=\"widget\" data-e-type=\"widget\" data-widget_type=\"heading.default\">\n\t\t\t\t<div class=\"elementor-widget-container\">\n\t\t\t\t\t<h2 class=\"elementor-heading-title elementor-size-default\">Actividades Realizadas<\/h2>\t\t\t\t<\/div>\n\t\t\t\t<\/div>\n\t\t\t\t<div class=\"elementor-element elementor-element-519d07c elementor-widget elementor-widget-image\" data-id=\"519d07c\" data-element_type=\"widget\" data-e-type=\"widget\" data-widget_type=\"image.default\">\n\t\t\t\t<div class=\"elementor-widget-container\">\n\t\t\t\t\t\t\t\t\t\t\t\t\t\t\t<img decoding=\"async\" width=\"498\" height=\"742\" src=\"https:\/\/csuca.org\/wp-content\/uploads\/2025\/06\/PortadaTecnologiaPueblosIndigenas.png\" class=\"attachment-large size-large wp-image-9687\" alt=\"\" srcset=\"https:\/\/csuca.org\/wp-content\/uploads\/2025\/06\/PortadaTecnologiaPueblosIndigenas.png 498w, https:\/\/csuca.org\/wp-content\/uploads\/2025\/06\/PortadaTecnologiaPueblosIndigenas-336x500.png 336w, https:\/\/csuca.org\/wp-content\/uploads\/2025\/06\/PortadaTecnologiaPueblosIndigenas-8x12.png 8w\" sizes=\"(max-width: 498px) 85vw, 498px\" \/>\t\t\t\t\t\t\t\t\t\t\t\t\t\t\t<\/div>\n\t\t\t\t<\/div>\n\t\t\t\t<div class=\"elementor-element elementor-element-504fe92 elementor-widget elementor-widget-shortcode\" data-id=\"504fe92\" data-element_type=\"widget\" data-e-type=\"widget\" data-widget_type=\"shortcode.default\">\n\t\t\t\t<div class=\"elementor-widget-container\">\n\t\t\t\t\t\t\t<div class=\"elementor-shortcode\"><div class='w3eden'><!-- WPDM Link Template: Default Template -->\n\n<div class=\"link-template-default card mb-2\">\n    <div class=\"card-body\">\n        <div class=\"media\">\n            <div class=\"mr-3 img-48\"><img decoding=\"async\" class=\"wpdm_icon\" alt=\"Icon\"   src=\"https:\/\/csuca.org\/wp-content\/plugins\/download-manager\/assets\/file-type-icons\/pdf.png\" \/><\/div>\n            <div class=\"media-body\">\n                <h3 class=\"package-title\"><a href='https:\/\/csuca.org\/es\/download\/foro-de-los-pueblos-indigenas-tecnologia\/'>Foro de los pueblos ind\u00edgenas tecnolog\u00eda<\/a><\/h3>\n                <div class=\"text-muted text-small\"><i class=\"fas fa-copy\"><\/i> 1 file(s) <i class=\"fas fa-hdd ml-3\"><\/i> 25.01 MB<\/div>\n            <\/div>\n            <div class=\"ml-3\">\n                <a class='wpdm-download-link download-on-click btn btn-primary ' rel='nofollow' href='#' data-downloadurl=\"https:\/\/csuca.org\/es\/download\/foro-de-los-pueblos-indigenas-tecnologia\/?wpdmdl=9686&refresh=69d050ca0781a1775259850\">Download<\/a>\n            <\/div>\n        <\/div>\n    <\/div>\n<\/div>\n\n<\/div><\/div>\n\t\t\t\t\t\t<\/div>\n\t\t\t\t<\/div>\n\t\t\t\t\t<\/div>\n\t\t<\/div>\n\t\t\t\t<div class=\"elementor-column elementor-col-50 elementor-top-column elementor-element elementor-element-4bc6bb1\" data-id=\"4bc6bb1\" data-element_type=\"column\" data-e-type=\"column\">\n\t\t\t<div class=\"elementor-widget-wrap elementor-element-populated\">\n\t\t\t\t\t\t<div class=\"elementor-element elementor-element-08839d5 elementor-widget elementor-widget-heading\" data-id=\"08839d5\" data-element_type=\"widget\" data-e-type=\"widget\" data-widget_type=\"heading.default\">\n\t\t\t\t<div class=\"elementor-widget-container\">\n\t\t\t\t\t<h2 class=\"elementor-heading-title elementor-size-default\">Pr\u00f3ximas Actividades<\/h2>\t\t\t\t<\/div>\n\t\t\t\t<\/div>\n\t\t\t\t\t<\/div>\n\t\t<\/div>\n\t\t\t\t\t<\/div>\n\t\t<\/section>\n\t\t\t\t<section class=\"elementor-section elementor-top-section elementor-element elementor-element-3ab91c2 elementor-section-boxed elementor-section-height-default elementor-section-height-default\" data-id=\"3ab91c2\" data-element_type=\"section\" data-e-type=\"section\">\n\t\t\t\t\t\t<div class=\"elementor-container elementor-column-gap-default\">\n\t\t\t\t\t<div class=\"elementor-column elementor-col-100 elementor-top-column elementor-element elementor-element-01bcb11\" data-id=\"01bcb11\" data-element_type=\"column\" data-e-type=\"column\">\n\t\t\t<div class=\"elementor-widget-wrap elementor-element-populated\">\n\t\t\t\t\t\t<div class=\"elementor-element elementor-element-0e5ee11 elementor-widget elementor-widget-heading\" data-id=\"0e5ee11\" data-element_type=\"widget\" data-e-type=\"widget\" data-widget_type=\"heading.default\">\n\t\t\t\t<div class=\"elementor-widget-container\">\n\t\t\t\t\t<h2 class=\"elementor-heading-title elementor-size-default\">Informes<\/h2>\t\t\t\t<\/div>\n\t\t\t\t<\/div>\n\t\t\t\t<div class=\"elementor-element elementor-element-be03284 elementor-widget elementor-widget-shortcode\" data-id=\"be03284\" data-element_type=\"widget\" data-e-type=\"widget\" data-widget_type=\"shortcode.default\">\n\t\t\t\t<div class=\"elementor-widget-container\">\n\t\t\t\t\t\t\t<div class=\"elementor-shortcode\"><div class='w3eden'><!-- WPDM Link Template: Default Template -->\n\n<div class=\"link-template-default card mb-2\">\n    <div class=\"card-body\">\n        <div class=\"media\">\n            <div class=\"mr-3 img-48\"><img decoding=\"async\" class=\"wpdm_icon\" alt=\"Icon\"   src=\"https:\/\/csuca.org\/wp-content\/plugins\/download-manager\/assets\/file-type-icons\/xls.png\" \/><\/div>\n            <div class=\"media-body\">\n                <h3 class=\"package-title\"><a href='https:\/\/csuca.org\/es\/download\/primer-informe-trimestral\/'>Primer informe trimestral<\/a><\/h3>\n                <div class=\"text-muted text-small\"><i class=\"fas fa-copy\"><\/i> 1 file(s) <i class=\"fas fa-hdd ml-3\"><\/i> 148.85 KB<\/div>\n            <\/div>\n            <div class=\"ml-3\">\n                <a class='wpdm-download-link download-on-click btn btn-primary ' rel='nofollow' href='#' data-downloadurl=\"https:\/\/csuca.org\/es\/download\/primer-informe-trimestral\/?wpdmdl=9521&refresh=69d050ca0ca231775259850\">Download<\/a>\n            <\/div>\n        <\/div>\n    <\/div>\n<\/div>\n\n<\/div>\n<div class='w3eden'><!-- WPDM Link Template: Default Template -->\n\n<div class=\"link-template-default card mb-2\">\n    <div class=\"card-body\">\n        <div class=\"media\">\n            <div class=\"mr-3 img-48\"><img decoding=\"async\" class=\"wpdm_icon\" alt=\"Icon\"   src=\"https:\/\/csuca.org\/wp-content\/plugins\/download-manager\/assets\/file-type-icons\/xls.png\" \/><\/div>\n            <div class=\"media-body\">\n                <h3 class=\"package-title\"><a href='https:\/\/csuca.org\/es\/download\/segundo-informe-trimestral\/'>Segundo informe trimestral<\/a><\/h3>\n                <div class=\"text-muted text-small\"><i class=\"fas fa-copy\"><\/i> 1 file(s) <i class=\"fas fa-hdd ml-3\"><\/i> 149.11 KB<\/div>\n            <\/div>\n            <div class=\"ml-3\">\n                <a class='wpdm-download-link download-on-click btn btn-primary ' rel='nofollow' href='#' data-downloadurl=\"https:\/\/csuca.org\/es\/download\/segundo-informe-trimestral\/?wpdmdl=9522&refresh=69d050ca0f6421775259850\">Download<\/a>\n            <\/div>\n        <\/div>\n    <\/div>\n<\/div>\n\n<\/div>\n<div class='w3eden'><!-- WPDM Link Template: Default Template -->\n\n<div class=\"link-template-default card mb-2\">\n    <div class=\"card-body\">\n        <div class=\"media\">\n            <div class=\"mr-3 img-48\"><img decoding=\"async\" class=\"wpdm_icon\" alt=\"Icon\"   src=\"https:\/\/csuca.org\/wp-content\/plugins\/download-manager\/assets\/file-type-icons\/xls.png\" \/><\/div>\n            <div class=\"media-body\">\n                <h3 class=\"package-title\"><a href='https:\/\/csuca.org\/es\/download\/tercer-informe-trimestral\/'>Tercer informe trimestral<\/a><\/h3>\n                <div class=\"text-muted text-small\"><i class=\"fas fa-copy\"><\/i> 1 file(s) <i class=\"fas fa-hdd ml-3\"><\/i> 149.71 KB<\/div>\n            <\/div>\n            <div class=\"ml-3\">\n                <a class='wpdm-download-link download-on-click btn btn-primary ' rel='nofollow' href='#' data-downloadurl=\"https:\/\/csuca.org\/es\/download\/tercer-informe-trimestral\/?wpdmdl=9523&refresh=69d050ca1288e1775259850\">Download<\/a>\n            <\/div>\n        <\/div>\n    <\/div>\n<\/div>\n\n<\/div>\n<div class='w3eden'><!-- WPDM Link Template: Default Template -->\n\n<div class=\"link-template-default card mb-2\">\n    <div class=\"card-body\">\n        <div class=\"media\">\n            <div class=\"mr-3 img-48\"><img decoding=\"async\" class=\"wpdm_icon\" alt=\"Icon\"   src=\"https:\/\/csuca.org\/wp-content\/plugins\/download-manager\/assets\/file-type-icons\/xls.png\" \/><\/div>\n            <div class=\"media-body\">\n                <h3 class=\"package-title\"><a href='https:\/\/csuca.org\/es\/download\/cuarto-informe-trimestral\/'>Cuarto informe trimestral<\/a><\/h3>\n                <div class=\"text-muted text-small\"><i class=\"fas fa-copy\"><\/i> 1 file(s) <i class=\"fas fa-hdd ml-3\"><\/i> 149.76 KB<\/div>\n            <\/div>\n            <div class=\"ml-3\">\n                <a class='wpdm-download-link download-on-click btn btn-primary ' rel='nofollow' href='#' data-downloadurl=\"https:\/\/csuca.org\/es\/download\/cuarto-informe-trimestral\/?wpdmdl=9524&refresh=69d050ca15b481775259850\">Download<\/a>\n            <\/div>\n        <\/div>\n    <\/div>\n<\/div>\n\n<\/div>\n<div class='w3eden'><!-- WPDM Link Template: Default Template -->\n\n<div class=\"link-template-default card mb-2\">\n    <div class=\"card-body\">\n        <div class=\"media\">\n            <div class=\"mr-3 img-48\"><img decoding=\"async\" class=\"wpdm_icon\" alt=\"Icon\"   src=\"https:\/\/csuca.org\/wp-content\/plugins\/download-manager\/assets\/file-type-icons\/xls.png\" \/><\/div>\n            <div class=\"media-body\">\n                <h3 class=\"package-title\"><a href='https:\/\/csuca.org\/es\/download\/sexto-informe-trimestral\/'>Sexto informe trimestral<\/a><\/h3>\n                <div class=\"text-muted text-small\"><i class=\"fas fa-copy\"><\/i> 1 file(s) <i class=\"fas fa-hdd ml-3\"><\/i> 149.35 KB<\/div>\n            <\/div>\n            <div class=\"ml-3\">\n                <a class='wpdm-download-link download-on-click btn btn-primary ' rel='nofollow' href='#' data-downloadurl=\"https:\/\/csuca.org\/es\/download\/sexto-informe-trimestral\/?wpdmdl=9525&refresh=69d050ca189ee1775259850\">Download<\/a>\n            <\/div>\n        <\/div>\n    <\/div>\n<\/div>\n\n<\/div>\n<div class='w3eden'><!-- WPDM Link Template: Default Template -->\n\n<div class=\"link-template-default card mb-2\">\n    <div class=\"card-body\">\n        <div class=\"media\">\n            <div class=\"mr-3 img-48\"><img decoding=\"async\" class=\"wpdm_icon\" alt=\"Icon\"   src=\"https:\/\/csuca.org\/wp-content\/plugins\/download-manager\/assets\/file-type-icons\/pdf.png\" \/><\/div>\n            <div class=\"media-body\">\n                <h3 class=\"package-title\"><a href='https:\/\/csuca.org\/es\/download\/proyecto-59-pa_conocimiento-ecologico-tradicional\/'>Proyecto 59 PA_Conocimiento Ecol\u00f3gico Tradicional<\/a><\/h3>\n                <div class=\"text-muted text-small\"><i class=\"fas fa-copy\"><\/i> 1 file(s) <i class=\"fas fa-hdd ml-3\"><\/i> 1.46 MB<\/div>\n            <\/div>\n            <div class=\"ml-3\">\n                <a class='wpdm-download-link download-on-click btn btn-primary ' rel='nofollow' href='#' data-downloadurl=\"https:\/\/csuca.org\/es\/download\/proyecto-59-pa_conocimiento-ecologico-tradicional\/?wpdmdl=9529&refresh=69d050ca1b8431775259850\">Download<\/a>\n            <\/div>\n        <\/div>\n    <\/div>\n<\/div>\n\n<\/div>\n<div class='w3eden'><!-- WPDM Link Template: Default Template -->\n\n<div class=\"link-template-default card mb-2\">\n    <div class=\"card-body\">\n        <div class=\"media\">\n            <div class=\"mr-3 img-48\"><img decoding=\"async\" class=\"wpdm_icon\" alt=\"Icon\"   src=\"https:\/\/csuca.org\/wp-content\/plugins\/download-manager\/assets\/file-type-icons\/pdf.png\" \/><\/div>\n            <div class=\"media-body\">\n                <h3 class=\"package-title\"><a href='https:\/\/csuca.org\/es\/download\/proyecto-59-pa_conocimiento-ecologico-tradicional-para-la-seguridad-alimentaria-y-nutricional\/'>Proyecto 59-PA_Conocimiento Ecol\u00f3gico Tradicional para la Seguridad Alimentaria y Nutricional<\/a><\/h3>\n                <div class=\"text-muted text-small\"><i class=\"fas fa-copy\"><\/i> 1 file(s) <i class=\"fas fa-hdd ml-3\"><\/i> 1.54 MB<\/div>\n            <\/div>\n            <div class=\"ml-3\">\n                <a class='wpdm-download-link download-on-click btn btn-primary ' rel='nofollow' href='#' data-downloadurl=\"https:\/\/csuca.org\/es\/download\/proyecto-59-pa_conocimiento-ecologico-tradicional-para-la-seguridad-alimentaria-y-nutricional\/?wpdmdl=9530&refresh=69d050ca1ecaa1775259850\">Download<\/a>\n            <\/div>\n        <\/div>\n    <\/div>\n<\/div>\n\n<\/div><\/div>\n\t\t\t\t\t\t<\/div>\n\t\t\t\t<\/div>\n\t\t\t\t\t<\/div>\n\t\t<\/div>\n\t\t\t\t\t<\/div>\n\t\t<\/section>\n\t\t\t\t<\/div>\n\t\t","protected":false},"excerpt":{"rendered":"<p>Conocimiento Ecol\u00f3gico Tradicional para la Seguridad Alimentaria y Nutricional: Innovaci\u00f3n y Conservaci\u00f3n OBJETIVO GENERALFortalecer las capacidades de investigaci\u00f3n colaborativa e innovaci\u00f3n social integrando conocimiento tradicional con enfoque interdisciplinario y de g\u00e9nero en Seguridad Alimentaria y Nutricional entre investigadoras e investigadores, instituciones gubernamentales, gobiernos locales, organizaciones de la sociedad civil, cooperativas, empresas y redes comunitarias en &hellip; <a href=\"https:\/\/csuca.org\/es\/idrc-59pa\/\" class=\"more-link\">Continue reading<span class=\"screen-reader-text\"> &#8220;IDRC 59PA&#8221;<\/span><\/a><\/p>\n","protected":false},"author":4,"featured_media":0,"parent":0,"menu_order":0,"comment_status":"closed","ping_status":"closed","template":"","meta":{"footnotes":""},"class_list":["post-6986","page","type-page","status-publish","hentry"],"_links":{"self":[{"href":"https:\/\/csuca.org\/es\/wp-json\/wp\/v2\/pages\/6986","targetHints":{"allow":["GET"]}}],"collection":[{"href":"https:\/\/csuca.org\/es\/wp-json\/wp\/v2\/pages"}],"about":[{"href":"https:\/\/csuca.org\/es\/wp-json\/wp\/v2\/types\/page"}],"author":[{"embeddable":true,"href":"https:\/\/csuca.org\/es\/wp-json\/wp\/v2\/users\/4"}],"replies":[{"embeddable":true,"href":"https:\/\/csuca.org\/es\/wp-json\/wp\/v2\/comments?post=6986"}],"version-history":[{"count":25,"href":"https:\/\/csuca.org\/es\/wp-json\/wp\/v2\/pages\/6986\/revisions"}],"predecessor-version":[{"id":9711,"href":"https:\/\/csuca.org\/es\/wp-json\/wp\/v2\/pages\/6986\/revisions\/9711"}],"wp:attachment":[{"href":"https:\/\/csuca.org\/es\/wp-json\/wp\/v2\/media?parent=6986"}],"curies":[{"name":"wp","href":"https:\/\/api.w.org\/{rel}","templated":true}]}}